{"id":59929,"date":"2024-12-05T05:08:15","date_gmt":"2024-12-05T05:08:15","guid":{"rendered":"https:\/\/e.kosmolat.eu\/product\/911-hondroitins-ar-glikozaminu-balzams-100-ml\/"},"modified":"2026-04-23T08:31:55","modified_gmt":"2026-04-23T08:31:55","slug":"911-hondroitins-ar-glikozaminu-balzams-100-ml","status":"publish","type":"product","link":"https:\/\/e.kosmolat.eu\/lv\/product\/911-hondroitins-ar-glikozaminu-balzams-100-ml\/","title":{"rendered":"911 Hondroit\u012bns ar glikozam\u012bnu Balzams, 100 ml"},"content":{"rendered":"<p>Balzams lieto\u0161anai loc\u012btavu un musku\u013cu zon\u0101s. Dab\u012bgs v\u0101rnk\u0101jas ekstrakts, kadi\u0137a un eikalipta \u0113terisk\u0101s e\u013c\u013cas, k\u0101 ar\u012b hondroit\u012bns un glikozam\u012bns samazina musku\u013cu nogurumu un veicina \u0101das un audu atjauno\u0161anos.<\/p>\n<p>Lieto\u0161ana: nelielu kr\u0113ma-balzama daudzumu uzkl\u0101jiet uz problem\u0101tiskaj\u0101m \u0137erme\u0146a viet\u0101m un iemas\u0113jiet 3-5 min\u016btes l\u012bdz piln\u012bgai uzs\u016bk\u0161anai 2-3 reizes dien\u0101. Tikai \u0101r\u012bgai lieto\u0161anai. Nav \u0101rstniecisks l\u012bdzeklis.<\/p>\n<p>Kontrindik\u0101cijas: iesp\u0113jama individu\u0101la paaugstin\u0101ta jut\u012bba pret atsevi\u0161\u0137\u0101m sast\u0101vda\u013c\u0101m. <\/p>\n<p>Uzglab\u0101t ori\u0123in\u0101laj\u0101 iepakojum\u0101 saus\u0101s telp\u0101s, prom no apkures ier\u012bc\u0113m un tie\u0161iem saules stariem, temperat\u016br\u0101 no +5\u00b0C l\u012bdz +25\u00b0C un relat\u012bvaj\u0101 gaisa mitrum\u0101 ne vair\u0101k k\u0101 75%.<\/p>\n<p>Der\u012bguma termi\u0146\u0161: 36 m\u0113ne\u0161i no izgatavo\u0161anas datuma.<\/p>\n","protected":false},"excerpt":{"rendered":"<p>Balzams lieto\u0161anai loc\u012btavu un musku\u013cu zon\u0101s. Dab\u012bgs v\u0101rnk\u0101jas ekstrakts, kadi\u0137a un eikalipta \u0113terisk\u0101s e\u013c\u013cas, k\u0101 ar\u012b hondroit\u012bns un glikozam\u012bns samazina musku\u013cu nogurumu un veicina \u0101das un audu atjauno\u0161anos. Lieto\u0161ana: nelielu kr\u0113ma-balzama daudzumu uzkl\u0101jiet uz problem\u0101tiskaj\u0101m \u0137erme\u0146a viet\u0101m un iemas\u0113jiet 3-5 min\u016btes l\u012bdz piln\u012bgai uzs\u016bk\u0161anai 2-3 reizes dien\u0101. Tikai \u0101r\u012bgai lieto\u0161anai. Nav \u0101rstniecisks l\u012bdzeklis. Kontrindik\u0101cijas: iesp\u0113jama [&#8230;]\n","protected":false},"featured_media":99698,"template":"","meta":[],"product_cat":[1390],"product_tag":[],"class_list":{"0":"post-59929","1":"product","2":"type-product","3":"status-publish","4":"has-post-thumbnail","6":"product_brand-green-pharm-cosmetic_ua","7":"product_cat-kremai-aliejai-kuno-pienelis","9":"first","10":"instock","11":"taxable","12":"shipping-taxable","13":"product-type-simple"},"_links":{"self":[{"href":"https:\/\/e.kosmolat.eu\/lv\/wp-json\/wp\/v2\/product\/59929","targetHints":{"allow":["GET"]}}],"collection":[{"href":"https:\/\/e.kosmolat.eu\/lv\/wp-json\/wp\/v2\/product"}],"about":[{"href":"https:\/\/e.kosmolat.eu\/lv\/wp-json\/wp\/v2\/types\/product"}],"wp:featuredmedia":[{"embeddable":true,"href":"https:\/\/e.kosmolat.eu\/lv\/wp-json\/wp\/v2\/media\/99698"}],"wp:attachment":[{"href":"https:\/\/e.kosmolat.eu\/lv\/wp-json\/wp\/v2\/media?parent=59929"}],"wp:term":[{"taxonomy":"product_cat","embeddable":true,"href":"https:\/\/e.kosmolat.eu\/lv\/wp-json\/wp\/v2\/product_cat?post=59929"},{"taxonomy":"product_tag","embeddable":true,"href":"https:\/\/e.kosmolat.eu\/lv\/wp-json\/wp\/v2\/product_tag?post=59929"}],"curies":[{"name":"wp","href":"https:\/\/api.w.org\/{rel}","templated":true}]}}