{"id":59921,"date":"2024-12-05T05:06:53","date_gmt":"2024-12-05T05:06:53","guid":{"rendered":"https:\/\/e.kosmolat.eu\/product\/911-okopnik-tauksakne-balzams-100-ml\/"},"modified":"2026-04-23T08:31:41","modified_gmt":"2026-04-23T08:31:41","slug":"911-okopnik-tauksakne-balzams-100-ml","status":"publish","type":"product","link":"https:\/\/e.kosmolat.eu\/lv\/product\/911-okopnik-tauksakne-balzams-100-ml\/","title":{"rendered":"911 Okop\u0146ik (tauksakne) balzams, 100 ml"},"content":{"rendered":"<p>Dabisks l\u012bdzeklis \u0101das un audu atjauno\u0161anai. Uzlabo mikrocirkul\u0101ciju, samazina diskomfortu p\u0113c fizisk\u0101s slodzes, saglab\u0101 viegluma un komforta saj\u016btu. Ieteicams uzkl\u0101t uz loc\u012btavu un c\u012bpslu zon\u0101m.<\/p>\n<p>Lieto\u0161ana: ar viegl\u0101m mas\u0113jo\u0161\u0101m kust\u012bb\u0101m uzkl\u0101jiet uz problem\u0101tiskaj\u0101m zon\u0101m 2-3 reizes dien\u0101. Tikai \u0101r\u012bgai lieto\u0161anai. Nav \u0101rstniecisks l\u012bdzeklis.<\/p>\n<p>Kontrindik\u0101cijas: iesp\u0113jama individu\u0101la paaugstin\u0101ta jut\u012bba pret atsevi\u0161\u0137\u0101m sast\u0101vda\u013c\u0101m. <\/p>\n<p>Uzglab\u0101t ori\u0123in\u0101laj\u0101 iepakojum\u0101 saus\u0101s telp\u0101s, prom no apkures ier\u012bc\u0113m un tie\u0161iem saules stariem, temperat\u016br\u0101 no +5\u00b0C l\u012bdz +25\u00b0C un relat\u012bvaj\u0101 gaisa mitrum\u0101 ne vair\u0101k k\u0101 75%.<\/p>\n<p>Der\u012bguma termi\u0146\u0161: 36 m\u0113ne\u0161i no izgatavo\u0161anas datuma.<\/p>\n","protected":false},"excerpt":{"rendered":"<p>Dabisks l\u012bdzeklis \u0101das un audu atjauno\u0161anai. Uzlabo mikrocirkul\u0101ciju, samazina diskomfortu p\u0113c fizisk\u0101s slodzes, saglab\u0101 viegluma un komforta saj\u016btu. Ieteicams uzkl\u0101t uz loc\u012btavu un c\u012bpslu zon\u0101m. Lieto\u0161ana: ar viegl\u0101m mas\u0113jo\u0161\u0101m kust\u012bb\u0101m uzkl\u0101jiet uz problem\u0101tiskaj\u0101m zon\u0101m 2-3 reizes dien\u0101. Tikai \u0101r\u012bgai lieto\u0161anai. Nav \u0101rstniecisks l\u012bdzeklis. Kontrindik\u0101cijas: iesp\u0113jama individu\u0101la paaugstin\u0101ta jut\u012bba pret atsevi\u0161\u0137\u0101m sast\u0101vda\u013c\u0101m. Uzglab\u0101t ori\u0123in\u0101laj\u0101 iepakojum\u0101 saus\u0101s [&#8230;]\n","protected":false},"featured_media":98699,"template":"","meta":[],"product_cat":[1390],"product_tag":[],"class_list":{"0":"post-59921","1":"product","2":"type-product","3":"status-publish","4":"has-post-thumbnail","6":"product_brand-green-pharm-cosmetic_ua","7":"product_cat-kremai-aliejai-kuno-pienelis","9":"first","10":"instock","11":"taxable","12":"shipping-taxable","13":"product-type-simple"},"_links":{"self":[{"href":"https:\/\/e.kosmolat.eu\/lv\/wp-json\/wp\/v2\/product\/59921","targetHints":{"allow":["GET"]}}],"collection":[{"href":"https:\/\/e.kosmolat.eu\/lv\/wp-json\/wp\/v2\/product"}],"about":[{"href":"https:\/\/e.kosmolat.eu\/lv\/wp-json\/wp\/v2\/types\/product"}],"wp:featuredmedia":[{"embeddable":true,"href":"https:\/\/e.kosmolat.eu\/lv\/wp-json\/wp\/v2\/media\/98699"}],"wp:attachment":[{"href":"https:\/\/e.kosmolat.eu\/lv\/wp-json\/wp\/v2\/media?parent=59921"}],"wp:term":[{"taxonomy":"product_cat","embeddable":true,"href":"https:\/\/e.kosmolat.eu\/lv\/wp-json\/wp\/v2\/product_cat?post=59921"},{"taxonomy":"product_tag","embeddable":true,"href":"https:\/\/e.kosmolat.eu\/lv\/wp-json\/wp\/v2\/product_tag?post=59921"}],"curies":[{"name":"wp","href":"https:\/\/api.w.org\/{rel}","templated":true}]}}