{"id":59905,"date":"2024-12-05T05:04:47","date_gmt":"2024-12-05T05:04:47","guid":{"rendered":"https:\/\/e.kosmolat.eu\/product\/911-zivokost-tauksakne-balzams-100-ml\/"},"modified":"2026-04-13T09:31:02","modified_gmt":"2026-04-13T09:31:02","slug":"911-zivokost-tauksakne-balzams-100-ml","status":"publish","type":"product","link":"https:\/\/e.kosmolat.eu\/lv\/product\/911-zivokost-tauksakne-balzams-100-ml\/","title":{"rendered":"911 \u017divokost (tauksakne) balzams, 100 ml"},"content":{"rendered":"<p>Sp\u0113c\u012bg\u0101 balzama formula ir bag\u0101tin\u0101ta ar dab\u012bgiem tauksaknes, api\u0146u rogu, zirgkasta\u0146a, kazrozes, n\u0101tru un ingvera ekstraktiem. \u0160\u012bs sast\u0101vda\u013cas veicina audu atjauno\u0161anos, mazina musku\u013cu sasprindzin\u0101jumu, uzlabo mikrocirkul\u0101ciju un nomierina \u0101du. Regul\u0101ra balzama lieto\u0161ana pal\u012bdz uzlabot \u0101das st\u0101vokli, mazin\u0101t spriedzi un atjaunot t\u0101s dabisko skaistumu.<\/p>\n<p>Lieto\u0161ana: ar viegl\u0101m mas\u0113jo\u0161\u0101m kust\u012bb\u0101m uzkl\u0101jiet uz problem\u0101tiskaj\u0101m zon\u0101m vair\u0101kas reizes diennakt\u012b. Tikai \u0101r\u012bgai lieto\u0161anai. Nav \u0101rstniecisks l\u012bdzeklis.<\/p>\n<p>Kontrindik\u0101cijas: iesp\u0113jama individu\u0101la paaugstin\u0101ta jut\u012bba pret atsevi\u0161\u0137\u0101m sast\u0101vda\u013c\u0101m. <\/p>\n<p>Uzglab\u0101t ori\u0123in\u0101laj\u0101 iepakojum\u0101 saus\u0101s telp\u0101s, prom no apkures ier\u012bc\u0113m un tie\u0161iem saules stariem, temperat\u016br\u0101 no +5\u00b0C l\u012bdz +25\u00b0C un relat\u012bvaj\u0101 gaisa mitrum\u0101 ne vair\u0101k k\u0101 75%.<\/p>\n<p>Der\u012bguma termi\u0146\u0161: 36 m\u0113ne\u0161i no izgatavo\u0161anas datuma.<\/p>\n","protected":false},"excerpt":{"rendered":"<p>Sp\u0113c\u012bg\u0101 balzama formula ir bag\u0101tin\u0101ta ar dab\u012bgiem tauksaknes, api\u0146u rogu, zirgkasta\u0146a, kazrozes, n\u0101tru un ingvera ekstraktiem. \u0160\u012bs sast\u0101vda\u013cas veicina audu atjauno\u0161anos, mazina musku\u013cu sasprindzin\u0101jumu, uzlabo mikrocirkul\u0101ciju un nomierina \u0101du. Regul\u0101ra balzama lieto\u0161ana pal\u012bdz uzlabot \u0101das st\u0101vokli, mazin\u0101t spriedzi un atjaunot t\u0101s dabisko skaistumu. Lieto\u0161ana: ar viegl\u0101m mas\u0113jo\u0161\u0101m kust\u012bb\u0101m uzkl\u0101jiet uz problem\u0101tiskaj\u0101m zon\u0101m vair\u0101kas reizes diennakt\u012b. [&#8230;]\n","protected":false},"featured_media":99860,"template":"","meta":[],"product_cat":[1388],"product_tag":[],"class_list":{"0":"post-59905","1":"product","2":"type-product","3":"status-publish","4":"has-post-thumbnail","6":"product_brand-green-pharm-cosmetic_ua","7":"product_cat-kermena-kremi-pienini-sviesti","9":"first","10":"outofstock","11":"taxable","12":"shipping-taxable","13":"product-type-simple"},"_links":{"self":[{"href":"https:\/\/e.kosmolat.eu\/lv\/wp-json\/wp\/v2\/product\/59905","targetHints":{"allow":["GET"]}}],"collection":[{"href":"https:\/\/e.kosmolat.eu\/lv\/wp-json\/wp\/v2\/product"}],"about":[{"href":"https:\/\/e.kosmolat.eu\/lv\/wp-json\/wp\/v2\/types\/product"}],"wp:featuredmedia":[{"embeddable":true,"href":"https:\/\/e.kosmolat.eu\/lv\/wp-json\/wp\/v2\/media\/99860"}],"wp:attachment":[{"href":"https:\/\/e.kosmolat.eu\/lv\/wp-json\/wp\/v2\/media?parent=59905"}],"wp:term":[{"taxonomy":"product_cat","embeddable":true,"href":"https:\/\/e.kosmolat.eu\/lv\/wp-json\/wp\/v2\/product_cat?post=59905"},{"taxonomy":"product_tag","embeddable":true,"href":"https:\/\/e.kosmolat.eu\/lv\/wp-json\/wp\/v2\/product_tag?post=59905"}],"curies":[{"name":"wp","href":"https:\/\/api.w.org\/{rel}","templated":true}]}}