{"id":59897,"date":"2024-12-05T05:04:00","date_gmt":"2024-12-05T05:04:00","guid":{"rendered":"https:\/\/e.kosmolat.eu\/product\/911-sabelnik-varnkaja-kaju-balzams-100-ml\/"},"modified":"2026-04-16T13:39:36","modified_gmt":"2026-04-16T13:39:36","slug":"911-sabelnik-varnkaja-kaju-balzams-100-ml","status":"publish","type":"product","link":"https:\/\/e.kosmolat.eu\/lv\/product\/911-sabelnik-varnkaja-kaju-balzams-100-ml\/","title":{"rendered":"911 Sabe\u013c\u0146ik (v\u0101rnk\u0101ja) k\u0101ju balzams, 100 ml"},"content":{"rendered":"<p>Balzams ikdienas k\u0101ju \u0101das kop\u0161anai. V\u0101rnk\u0101jas ekstraktam piem\u012bt atjaunojo\u0161as \u012bpa\u0161\u012bbas. Api\u0146u rogu ekstrakts un alanto\u012bns uzlabo vielmai\u0146as procesus \u0101d\u0101, nomierina un atjauno t\u0101s aizsargfunkcijas, palielinot epidermas elast\u012bbu.<\/p>\n<p>Lieto\u0161ana: uzkl\u0101jiet uz \u0101das ar ap\u013cveida kust\u012bb\u0101m 2\u20133 reizes dien\u0101. Tikai \u0101r\u012bgai lieto\u0161anai. Nav \u0101rstniecisks l\u012bdzeklis.<\/p>\n<p>Kontrindik\u0101cijas: iesp\u0113jama individu\u0101la paaugstin\u0101ta jut\u012bba pret atsevi\u0161\u0137\u0101m sast\u0101vda\u013c\u0101m. <\/p>\n<p>Uzglab\u0101t ori\u0123in\u0101laj\u0101 iepakojum\u0101 saus\u0101s telp\u0101s, prom no apkures ier\u012bc\u0113m un tie\u0161iem saules stariem, temperat\u016br\u0101 no +5\u00b0C l\u012bdz +25\u00b0C un relat\u012bvaj\u0101 gaisa mitrum\u0101 ne vair\u0101k k\u0101 75%.<\/p>\n<p>Der\u012bguma termi\u0146\u0161: 36 m\u0113ne\u0161i no izgatavo\u0161anas datuma.<\/p>\n","protected":false},"excerpt":{"rendered":"<p>Balzams ikdienas k\u0101ju \u0101das kop\u0161anai. V\u0101rnk\u0101jas ekstraktam piem\u012bt atjaunojo\u0161as \u012bpa\u0161\u012bbas. Api\u0146u rogu ekstrakts un alanto\u012bns uzlabo vielmai\u0146as procesus \u0101d\u0101, nomierina un atjauno t\u0101s aizsargfunkcijas, palielinot epidermas elast\u012bbu. Lieto\u0161ana: uzkl\u0101jiet uz \u0101das ar ap\u013cveida kust\u012bb\u0101m 2\u20133 reizes dien\u0101. Tikai \u0101r\u012bgai lieto\u0161anai. Nav \u0101rstniecisks l\u012bdzeklis. Kontrindik\u0101cijas: iesp\u0113jama individu\u0101la paaugstin\u0101ta jut\u012bba pret atsevi\u0161\u0137\u0101m sast\u0101vda\u013c\u0101m. Uzglab\u0101t ori\u0123in\u0101laj\u0101 iepakojum\u0101 saus\u0101s [&#8230;]\n","protected":false},"featured_media":100192,"template":"","meta":[],"product_cat":[1761],"product_tag":[],"class_list":{"0":"post-59897","1":"product","2":"type-product","3":"status-publish","4":"has-post-thumbnail","6":"product_brand-green-pharm-cosmetic_ua","7":"product_cat-kaju-kopsanas-kosmetika","9":"first","10":"instock","11":"taxable","12":"shipping-taxable","13":"product-type-simple"},"_links":{"self":[{"href":"https:\/\/e.kosmolat.eu\/lv\/wp-json\/wp\/v2\/product\/59897","targetHints":{"allow":["GET"]}}],"collection":[{"href":"https:\/\/e.kosmolat.eu\/lv\/wp-json\/wp\/v2\/product"}],"about":[{"href":"https:\/\/e.kosmolat.eu\/lv\/wp-json\/wp\/v2\/types\/product"}],"wp:featuredmedia":[{"embeddable":true,"href":"https:\/\/e.kosmolat.eu\/lv\/wp-json\/wp\/v2\/media\/100192"}],"wp:attachment":[{"href":"https:\/\/e.kosmolat.eu\/lv\/wp-json\/wp\/v2\/media?parent=59897"}],"wp:term":[{"taxonomy":"product_cat","embeddable":true,"href":"https:\/\/e.kosmolat.eu\/lv\/wp-json\/wp\/v2\/product_cat?post=59897"},{"taxonomy":"product_tag","embeddable":true,"href":"https:\/\/e.kosmolat.eu\/lv\/wp-json\/wp\/v2\/product_tag?post=59897"}],"curies":[{"name":"wp","href":"https:\/\/api.w.org\/{rel}","templated":true}]}}