{"id":59889,"date":"2024-12-05T05:02:33","date_gmt":"2024-12-05T05:02:33","guid":{"rendered":"https:\/\/e.kosmolat.eu\/product\/911-bodjaga-balzams-zilumiem-un-sasitumiem-100-ml\/"},"modified":"2026-04-21T07:33:53","modified_gmt":"2026-04-21T07:33:53","slug":"911-bodjaga-balzams-zilumiem-un-sasitumiem-100-ml","status":"publish","type":"product","link":"https:\/\/e.kosmolat.eu\/lv\/product\/911-bodjaga-balzams-zilumiem-un-sasitumiem-100-ml\/","title":{"rendered":"911 Bodjaga Balzams zilumiem un sasitumiem, 100 ml"},"content":{"rendered":"<p>Balzams uz \u201cbodjagas\u201d b\u0101zes pal\u012bdz uzlabot \u0101das mikrocirkul\u0101ciju un veicina zilumu st\u0101vok\u013ca uzlabo\u0161anos, k\u0101 ar\u012b samazina piet\u016bkumu p\u0113c sasitumiem. L\u012bdzeklis ir efekt\u012bvs ar\u012b musku\u013cu sasprindzin\u0101juma mazin\u0101\u0161anai.<\/p>\n<p>Lieto\u0161ana: uzkl\u0101t uz \u0101das ar viegl\u0101m mas\u0113jo\u0161\u0101m kust\u012bb\u0101m 2-3 reizes dien\u0101. Nav \u0101rstniecisks l\u012bdzeklis.<\/p>\n<p>Kontrindik\u0101cijas: iesp\u0113jama individu\u0101la paaugstin\u0101ta jut\u012bba pret atsevi\u0161\u0137\u0101m sast\u0101vda\u013c\u0101m. <\/p>\n<p>Uzglab\u0101t ori\u0123in\u0101laj\u0101 iepakojum\u0101 saus\u0101s telp\u0101s, prom no apkures ier\u012bc\u0113m un tie\u0161iem saules stariem, temperat\u016br\u0101 no +5\u00b0C l\u012bdz +25\u00b0C un relat\u012bvaj\u0101 gaisa mitrum\u0101 ne vair\u0101k k\u0101 75%.<\/p>\n<p>Der\u012bguma termi\u0146\u0161: 36 m\u0113ne\u0161i no izgatavo\u0161anas datuma.<\/p>\n","protected":false},"excerpt":{"rendered":"<p>Balzams uz \u201cbodjagas\u201d b\u0101zes pal\u012bdz uzlabot \u0101das mikrocirkul\u0101ciju un veicina zilumu st\u0101vok\u013ca uzlabo\u0161anos, k\u0101 ar\u012b samazina piet\u016bkumu p\u0113c sasitumiem. L\u012bdzeklis ir efekt\u012bvs ar\u012b musku\u013cu sasprindzin\u0101juma mazin\u0101\u0161anai. Lieto\u0161ana: uzkl\u0101t uz \u0101das ar viegl\u0101m mas\u0113jo\u0161\u0101m kust\u012bb\u0101m 2-3 reizes dien\u0101. Nav \u0101rstniecisks l\u012bdzeklis. Kontrindik\u0101cijas: iesp\u0113jama individu\u0101la paaugstin\u0101ta jut\u012bba pret atsevi\u0161\u0137\u0101m sast\u0101vda\u013c\u0101m. Uzglab\u0101t ori\u0123in\u0101laj\u0101 iepakojum\u0101 saus\u0101s telp\u0101s, prom no [&#8230;]\n","protected":false},"featured_media":99694,"template":"","meta":[],"product_cat":[2181],"product_tag":[],"class_list":{"0":"post-59889","1":"product","2":"type-product","3":"status-publish","4":"has-post-thumbnail","6":"product_brand-green-pharm-cosmetic_ua","7":"product_cat-bez-kategorijas-lt","9":"first","10":"instock","11":"taxable","12":"shipping-taxable","13":"product-type-simple"},"_links":{"self":[{"href":"https:\/\/e.kosmolat.eu\/lv\/wp-json\/wp\/v2\/product\/59889","targetHints":{"allow":["GET"]}}],"collection":[{"href":"https:\/\/e.kosmolat.eu\/lv\/wp-json\/wp\/v2\/product"}],"about":[{"href":"https:\/\/e.kosmolat.eu\/lv\/wp-json\/wp\/v2\/types\/product"}],"wp:featuredmedia":[{"embeddable":true,"href":"https:\/\/e.kosmolat.eu\/lv\/wp-json\/wp\/v2\/media\/99694"}],"wp:attachment":[{"href":"https:\/\/e.kosmolat.eu\/lv\/wp-json\/wp\/v2\/media?parent=59889"}],"wp:term":[{"taxonomy":"product_cat","embeddable":true,"href":"https:\/\/e.kosmolat.eu\/lv\/wp-json\/wp\/v2\/product_cat?post=59889"},{"taxonomy":"product_tag","embeddable":true,"href":"https:\/\/e.kosmolat.eu\/lv\/wp-json\/wp\/v2\/product_tag?post=59889"}],"curies":[{"name":"wp","href":"https:\/\/api.w.org\/{rel}","templated":true}]}}