{"id":59881,"date":"2024-12-04T11:51:49","date_gmt":"2024-12-04T11:51:49","guid":{"rendered":"https:\/\/e.kosmolat.eu\/product\/masazas-zeleja-radikulita-balzams-70-ml\/"},"modified":"2026-04-24T07:28:10","modified_gmt":"2026-04-24T07:28:10","slug":"masazas-zeleja-radikulita-balzams-70-ml","status":"publish","type":"product","link":"https:\/\/e.kosmolat.eu\/lv\/product\/masazas-zeleja-radikulita-balzams-70-ml\/","title":{"rendered":"Mas\u0101\u017eas \u017eeleja Radikul\u012bta balzams, 70 ml"},"content":{"rendered":"<p>Radikul\u012bta balzams ir akt\u012bvas darb\u012bbas l\u012bdzeklis, kas pal\u012bdz atvieglot nogurumu un sasprindzin\u0101jumu musku\u013cos. Akt\u012bvaj\u0101 kompleks\u0101 ietilpst  kampars un mentols, kas uzlabo mikrocirkul\u0101ciju \u0101d\u0101 un nodro\u0161ina sildo\u0161u efektu, savuk\u0101rt eikalipta \u0113teriskajai e\u013c\u013cai piem\u012bt toniz\u0113jo\u0161a iedarb\u012bba.<\/p>\n<p>Nav \u0101rstniecisks l\u012bdzeklis. Uzglab\u0101t b\u0113rniem nepieejam\u0101 viet\u0101.<\/p>\n<p>Lieto\u0161ana: nelielu daudzumu \u017eelejas uzkl\u0101t uz \u0101das un ener\u011fiski ier\u012bv\u0113t. <\/p>\n<p>Uzglab\u0101t temperat\u016br\u0101 no 0 \u00baC l\u012bdz +25 \u00baC.<\/p>\n","protected":false},"excerpt":{"rendered":"<p>Radikul\u012bta balzams ir akt\u012bvas darb\u012bbas l\u012bdzeklis, kas pal\u012bdz atvieglot nogurumu un sasprindzin\u0101jumu musku\u013cos. Akt\u012bvaj\u0101 kompleks\u0101 ietilpst kampars un mentols, kas uzlabo mikrocirkul\u0101ciju \u0101d\u0101 un nodro\u0161ina sildo\u0161u efektu, savuk\u0101rt eikalipta \u0113teriskajai e\u013c\u013cai piem\u012bt toniz\u0113jo\u0161a iedarb\u012bba. Nav \u0101rstniecisks l\u012bdzeklis. Uzglab\u0101t b\u0113rniem nepieejam\u0101 viet\u0101. Lieto\u0161ana: nelielu daudzumu \u017eelejas uzkl\u0101t uz \u0101das un ener\u011fiski ier\u012bv\u0113t. Uzglab\u0101t temperat\u016br\u0101 no 0 [&#8230;]\n","protected":false},"featured_media":99000,"template":"","meta":[],"product_cat":[1390],"product_tag":[],"class_list":{"0":"post-59881","1":"product","2":"type-product","3":"status-publish","4":"has-post-thumbnail","6":"product_brand-private-label","7":"product_cat-kremai-aliejai-kuno-pienelis","9":"first","10":"instock","11":"taxable","12":"shipping-taxable","13":"product-type-simple"},"_links":{"self":[{"href":"https:\/\/e.kosmolat.eu\/lv\/wp-json\/wp\/v2\/product\/59881","targetHints":{"allow":["GET"]}}],"collection":[{"href":"https:\/\/e.kosmolat.eu\/lv\/wp-json\/wp\/v2\/product"}],"about":[{"href":"https:\/\/e.kosmolat.eu\/lv\/wp-json\/wp\/v2\/types\/product"}],"wp:featuredmedia":[{"embeddable":true,"href":"https:\/\/e.kosmolat.eu\/lv\/wp-json\/wp\/v2\/media\/99000"}],"wp:attachment":[{"href":"https:\/\/e.kosmolat.eu\/lv\/wp-json\/wp\/v2\/media?parent=59881"}],"wp:term":[{"taxonomy":"product_cat","embeddable":true,"href":"https:\/\/e.kosmolat.eu\/lv\/wp-json\/wp\/v2\/product_cat?post=59881"},{"taxonomy":"product_tag","embeddable":true,"href":"https:\/\/e.kosmolat.eu\/lv\/wp-json\/wp\/v2\/product_tag?post=59881"}],"curies":[{"name":"wp","href":"https:\/\/api.w.org\/{rel}","templated":true}]}}