{"id":59853,"date":"2024-12-04T05:17:13","date_gmt":"2024-12-04T05:17:13","guid":{"rendered":"https:\/\/e.kosmolat.eu\/product\/spa-natural-krems-pedu-plaisu-profilaksei-100-ml\/"},"modified":"2026-04-24T05:29:32","modified_gmt":"2026-04-24T05:29:32","slug":"spa-natural-krems-pedu-plaisu-profilaksei-100-ml","status":"publish","type":"product","link":"https:\/\/e.kosmolat.eu\/lv\/product\/spa-natural-krems-pedu-plaisu-profilaksei-100-ml\/","title":{"rendered":"Spa Natural Kr\u0113ms p\u0113du plaisu profilaksei, 100 ml"},"content":{"rendered":"<p>Atbilsto\u0161a kop\u0161ana nov\u0113r\u0161 \u0101das sausumu, p\u0113du lob\u012b\u0161anos un plais\u0101\u0161anu. Kr\u0113ma formula ir bag\u0101tin\u0101ta ar \u0161\u012b sviestu, avokado un hohobas e\u013c\u013c\u0101m, lai nodro\u0161in\u0101tu p\u0113du \u0101dai nepiecie\u0161amo barojo\u0161o kop\u0161anu. Mentols atsvaidzina un sniedz komforta saj\u016btu. Piem\u0113rots regul\u0101rai lieto\u0161anai.<\/p>\n<p>Lieto\u0161ana: uzkl\u0101t kr\u0113mu uz t\u012bras un sausas p\u0113du \u0101das.<\/p>\n<p>Piesardz\u012bbas pas\u0101kumi: tikai \u0101r\u012bgai lieto\u0161anai. Ja produkts nok\u013c\u016bst ac\u012bs, r\u016bp\u012bgi izskalot t\u0101s ar \u016bdeni, un, ja nepiecie\u0161ams, konsult\u0113ties ar \u0101rstu.<\/p>\n<p>Br\u012bdin\u0101jums: iesp\u0113jama paaugstin\u0101ta individu\u0101l\u0101 jut\u012bba pret atsevi\u0161\u0137\u0101m sast\u0101vda\u013c\u0101m. <\/p>\n<p>Der\u012bguma termi\u0146\u0161: 30 m\u0113ne\u0161i no izgatavo\u0161anas datuma.<\/p>\n<p>Uzglab\u0101t temperat\u016br\u0101 no +5 \u00b0C l\u012bdz +25\u00b0C, sarg\u0101jot no tie\u0161iem saules stariem. Uzglab\u0101t vismaz 0,5 m att\u0101lum\u0101 no apkures ier\u012bc\u0113m.<\/p>\n","protected":false},"excerpt":{"rendered":"<p>Atbilsto\u0161a kop\u0161ana nov\u0113r\u0161 \u0101das sausumu, p\u0113du lob\u012b\u0161anos un plais\u0101\u0161anu. Kr\u0113ma formula ir bag\u0101tin\u0101ta ar \u0161\u012b sviestu, avokado un hohobas e\u013c\u013c\u0101m, lai nodro\u0161in\u0101tu p\u0113du \u0101dai nepiecie\u0161amo barojo\u0161o kop\u0161anu. Mentols atsvaidzina un sniedz komforta saj\u016btu. Piem\u0113rots regul\u0101rai lieto\u0161anai. Lieto\u0161ana: uzkl\u0101t kr\u0113mu uz t\u012bras un sausas p\u0113du \u0101das. Piesardz\u012bbas pas\u0101kumi: tikai \u0101r\u012bgai lieto\u0161anai. Ja produkts nok\u013c\u016bst ac\u012bs, r\u016bp\u012bgi [&#8230;]\n","protected":false},"featured_media":102874,"template":"","meta":[],"product_cat":[1761],"product_tag":[],"class_list":{"0":"post-59853","1":"product","2":"type-product","3":"status-publish","4":"has-post-thumbnail","6":"product_brand-aljans-krasoti_ua","7":"product_cat-kaju-kopsanas-kosmetika","9":"first","10":"instock","11":"taxable","12":"shipping-taxable","13":"product-type-simple"},"_links":{"self":[{"href":"https:\/\/e.kosmolat.eu\/lv\/wp-json\/wp\/v2\/product\/59853","targetHints":{"allow":["GET"]}}],"collection":[{"href":"https:\/\/e.kosmolat.eu\/lv\/wp-json\/wp\/v2\/product"}],"about":[{"href":"https:\/\/e.kosmolat.eu\/lv\/wp-json\/wp\/v2\/types\/product"}],"wp:featuredmedia":[{"embeddable":true,"href":"https:\/\/e.kosmolat.eu\/lv\/wp-json\/wp\/v2\/media\/102874"}],"wp:attachment":[{"href":"https:\/\/e.kosmolat.eu\/lv\/wp-json\/wp\/v2\/media?parent=59853"}],"wp:term":[{"taxonomy":"product_cat","embeddable":true,"href":"https:\/\/e.kosmolat.eu\/lv\/wp-json\/wp\/v2\/product_cat?post=59853"},{"taxonomy":"product_tag","embeddable":true,"href":"https:\/\/e.kosmolat.eu\/lv\/wp-json\/wp\/v2\/product_tag?post=59853"}],"curies":[{"name":"wp","href":"https:\/\/api.w.org\/{rel}","templated":true}]}}