{"id":59845,"date":"2024-12-04T05:16:54","date_gmt":"2024-12-04T05:16:54","guid":{"rendered":"https:\/\/e.kosmolat.eu\/product\/spa-natural-krems-pedu-plaisu-profilaksei-155-ml\/"},"modified":"2026-04-23T09:16:18","modified_gmt":"2026-04-23T09:16:18","slug":"spa-natural-krems-pedu-plaisu-profilaksei-155-ml","status":"publish","type":"product","link":"https:\/\/e.kosmolat.eu\/lv\/product\/spa-natural-krems-pedu-plaisu-profilaksei-155-ml\/","title":{"rendered":"Spa Natural Kr\u0113ms p\u0113du plaisu profilaksei, 155 ml"},"content":{"rendered":"<p>K\u0101ju kr\u0113ms Natural Spa s\u0113rijas \u2014 SOS-eliks\u012brs p\u0113du plaisu profilaksei. \u0160\u012b sviests, avokado un hohobas e\u013c\u013cas uzlabo \u013coti sausas, sabiez\u0113ju\u0161as \u0101das st\u0101vokli, m\u012bkstina to un bag\u0101tina ar barojo\u0161\u0101m viel\u0101m, aizsarg\u0101jot pret turpm\u0101ku lob\u012b\u0161anos un plais\u0101\u0161anu. Ce\u013cmallapa un t\u0113jas koka e\u013c\u013ca aktiviz\u0113 p\u0113du \u0101das atjauno\u0161an\u0101s procesu. Regul\u0101ri lietojot, j\u016bsu p\u0113das un pap\u0113\u017ei b\u016bs kopti, bet \u0101da \u2014 maiga un z\u012bdaina!<\/p>\n<p>Lieto\u0161ana: uzkl\u0101t kr\u0113mu uz t\u012bras un sausas p\u0113du \u0101das.<\/p>\n<p>Piesardz\u012bbas pas\u0101kumi: tikai \u0101r\u012bgai lieto\u0161anai. Ja produkts nok\u013c\u016bst ac\u012bs, r\u016bp\u012bgi izskalot t\u0101s ar \u016bdeni, un, ja nepiecie\u0161ams, konsult\u0113ties ar \u0101rstu.<\/p>\n<p>Br\u012bdin\u0101jums: iesp\u0113jama paaugstin\u0101ta individu\u0101l\u0101 jut\u012bba pret atsevi\u0161\u0137\u0101m sast\u0101vda\u013c\u0101m. <\/p>\n<p>Der\u012bguma termi\u0146\u0161: 30 m\u0113ne\u0161i no izgatavo\u0161anas datuma.<\/p>\n<p>Uzglab\u0101t temperat\u016br\u0101 no +5 \u00b0C l\u012bdz +25\u00b0C, sarg\u0101jot no tie\u0161iem saules stariem. Uzglab\u0101t vismaz 0,5 m att\u0101lum\u0101 no apkures ier\u012bc\u0113m.<\/p>\n","protected":false},"excerpt":{"rendered":"<p>K\u0101ju kr\u0113ms Natural Spa s\u0113rijas \u2014 SOS-eliks\u012brs p\u0113du plaisu profilaksei. \u0160\u012b sviests, avokado un hohobas e\u013c\u013cas uzlabo \u013coti sausas, sabiez\u0113ju\u0161as \u0101das st\u0101vokli, m\u012bkstina to un bag\u0101tina ar barojo\u0161\u0101m viel\u0101m, aizsarg\u0101jot pret turpm\u0101ku lob\u012b\u0161anos un plais\u0101\u0161anu. Ce\u013cmallapa un t\u0113jas koka e\u013c\u013ca aktiviz\u0113 p\u0113du \u0101das atjauno\u0161an\u0101s procesu. Regul\u0101ri lietojot, j\u016bsu p\u0113das un pap\u0113\u017ei b\u016bs kopti, bet \u0101da [&#8230;]\n","protected":false},"featured_media":99763,"template":"","meta":[],"product_cat":[1999],"product_tag":[],"class_list":{"0":"post-59845","1":"product","2":"type-product","3":"status-publish","4":"has-post-thumbnail","6":"product_brand-aljans-krasoti_ua","7":"product_cat-bez-kategorijas","9":"first","10":"instock","11":"taxable","12":"shipping-taxable","13":"product-type-simple"},"_links":{"self":[{"href":"https:\/\/e.kosmolat.eu\/lv\/wp-json\/wp\/v2\/product\/59845","targetHints":{"allow":["GET"]}}],"collection":[{"href":"https:\/\/e.kosmolat.eu\/lv\/wp-json\/wp\/v2\/product"}],"about":[{"href":"https:\/\/e.kosmolat.eu\/lv\/wp-json\/wp\/v2\/types\/product"}],"wp:featuredmedia":[{"embeddable":true,"href":"https:\/\/e.kosmolat.eu\/lv\/wp-json\/wp\/v2\/media\/99763"}],"wp:attachment":[{"href":"https:\/\/e.kosmolat.eu\/lv\/wp-json\/wp\/v2\/media?parent=59845"}],"wp:term":[{"taxonomy":"product_cat","embeddable":true,"href":"https:\/\/e.kosmolat.eu\/lv\/wp-json\/wp\/v2\/product_cat?post=59845"},{"taxonomy":"product_tag","embeddable":true,"href":"https:\/\/e.kosmolat.eu\/lv\/wp-json\/wp\/v2\/product_tag?post=59845"}],"curies":[{"name":"wp","href":"https:\/\/api.w.org\/{rel}","templated":true}]}}