{"id":59829,"date":"2024-12-04T05:16:09","date_gmt":"2024-12-04T05:16:09","guid":{"rendered":"https:\/\/e.kosmolat.eu\/product\/naturals-spa-mitrinoss-dienas-sejas-krems-100-ml\/"},"modified":"2026-05-08T21:02:19","modified_gmt":"2026-05-08T21:02:19","slug":"i_naturals-spa-mitrinoss-dienas-sejas-krems-100-ml","status":"publish","type":"product","link":"https:\/\/e.kosmolat.eu\/lv\/product\/i_naturals-spa-mitrinoss-dienas-sejas-krems-100-ml\/","title":{"rendered":"I_Naturals Spa Mitrino\u0161s dienas sejas kr\u0113ms, 100 ml"},"content":{"rendered":"<p>Maigs sejas kr\u0113ms ar vieglu, bet bag\u0101t\u012bgu tekst\u016bru, kas izstr\u0101d\u0101ts sausas un noguru\u0161as \u0101das mitrin\u0101\u0161anai. Alveja mitrina \u0101du, savuk\u0101rt dz\u0113rvenes, k\u0101 antioksidants, pal\u012bdz aizsarg\u0101t \u0101du no vides negat\u012bv\u0101s ietekmes. Hohobas e\u013c\u013ca baro un m\u012bkstina \u0101du, saglab\u0101jot t\u0101s elast\u012bbu un tvirtumu. Kr\u0113ms papildus bag\u0101tin\u0101ts ar elast\u012bnu un kolag\u0113nu. Tas ir ide\u0101li piem\u0113rots k\u0101 grima b\u0101ze.<\/p>\n<p>Lieto\u0161ana: uzkl\u0101t kr\u0113mu uz sejas \u0101das.<br \/>\nPiesardz\u012bbas pas\u0101kumi: tikai \u0101r\u012bgai lieto\u0161anai. Ja kr\u0113ms iek\u013c\u016bst ac\u012bs, r\u016bp\u012bgi izskalojiet t\u0101s ar \u016bdeni, ja nepiecie\u0161ams, konsult\u0113jieties ar \u0101rstu.<\/p>\n<p>Br\u012bdin\u0101jums: iesp\u0113jama individu\u0101la paaugstin\u0101ta jut\u012bba pret atsevi\u0161\u0137\u0101m sast\u0101vda\u013c\u0101m.<\/p>\n<p>Der\u012bguma termi\u0146\u0161: 30 m\u0113ne\u0161i no izgatavo\u0161anas datuma.<\/p>\n<p>Uzglab\u0101t temperat\u016br\u0101 no +5\u00b0C l\u012bdz +25\u00b0C, sarg\u0101jot no tie\u0161iem saules stariem. Uzglab\u0101t vismaz 0,5 m att\u0101lum\u0101 no apkures ier\u012bc\u0113m.<\/p>\n","protected":false},"excerpt":{"rendered":"<p>Maigs sejas kr\u0113ms ar vieglu, bet bag\u0101t\u012bgu tekst\u016bru, kas izstr\u0101d\u0101ts sausas un noguru\u0161as \u0101das mitrin\u0101\u0161anai. Alveja mitrina \u0101du, savuk\u0101rt dz\u0113rvenes, k\u0101 antioksidants, pal\u012bdz aizsarg\u0101t \u0101du no vides negat\u012bv\u0101s ietekmes. Hohobas e\u013c\u013ca baro un m\u012bkstina \u0101du, saglab\u0101jot t\u0101s elast\u012bbu un tvirtumu. Kr\u0113ms papildus bag\u0101tin\u0101ts ar elast\u012bnu un kolag\u0113nu. Tas ir ide\u0101li piem\u0113rots k\u0101 grima b\u0101ze. Lieto\u0161ana: [&#8230;]\n","protected":false},"featured_media":100740,"template":"","meta":[],"product_cat":[1322],"product_tag":[],"class_list":{"0":"post-59829","1":"product","2":"type-product","3":"status-publish","4":"has-post-thumbnail","6":"product_brand-aljans-krasoti_ua","7":"product_cat-veido-kremai","9":"first","10":"instock","11":"taxable","12":"shipping-taxable","13":"product-type-simple"},"_links":{"self":[{"href":"https:\/\/e.kosmolat.eu\/lv\/wp-json\/wp\/v2\/product\/59829","targetHints":{"allow":["GET"]}}],"collection":[{"href":"https:\/\/e.kosmolat.eu\/lv\/wp-json\/wp\/v2\/product"}],"about":[{"href":"https:\/\/e.kosmolat.eu\/lv\/wp-json\/wp\/v2\/types\/product"}],"wp:featuredmedia":[{"embeddable":true,"href":"https:\/\/e.kosmolat.eu\/lv\/wp-json\/wp\/v2\/media\/100740"}],"wp:attachment":[{"href":"https:\/\/e.kosmolat.eu\/lv\/wp-json\/wp\/v2\/media?parent=59829"}],"wp:term":[{"taxonomy":"product_cat","embeddable":true,"href":"https:\/\/e.kosmolat.eu\/lv\/wp-json\/wp\/v2\/product_cat?post=59829"},{"taxonomy":"product_tag","embeddable":true,"href":"https:\/\/e.kosmolat.eu\/lv\/wp-json\/wp\/v2\/product_tag?post=59829"}],"curies":[{"name":"wp","href":"https:\/\/api.w.org\/{rel}","templated":true}]}}