{"id":59813,"date":"2024-12-04T05:15:27","date_gmt":"2024-12-04T05:15:27","guid":{"rendered":"https:\/\/e.kosmolat.eu\/product\/pharma-bio-lab-dadzu-balz-maska-pret-matu-izkris-un-matu-struktur-atjaunos-150-ml\/"},"modified":"2026-04-17T06:32:25","modified_gmt":"2026-04-17T06:32:25","slug":"pharma-bio-lab-dadzu-balz-maska-pret-matu-izkris-un-matu-struktur-atjaunos-150-ml","status":"publish","type":"product","link":"https:\/\/e.kosmolat.eu\/lv\/product\/pharma-bio-lab-dadzu-balz-maska-pret-matu-izkris-un-matu-struktur-atjaunos-150-ml\/","title":{"rendered":"Pharma Bio Lab. Dad\u017eu balz.-maska pret matu izkri\u0161. un matu strukt\u016br. atjauno\u0161., 150 ml"},"content":{"rendered":"<p>Dad\u017eu balzams-maska ir izstr\u0101d\u0101ta Pharma BIO Laboratory\u00ae speci\u0101listu vad\u012bb\u0101, \u0146emot v\u0113r\u0101 visas matu vajadz\u012bbas. Formul\u0101 ir iek\u013cauts \u0101rstniecisko augu fitomais\u012bjums un sp\u0113c\u012bgs CAPAUXEIN\u00ae (Francija) komplekss. Regul\u0101ri lietojot, komplekss stimul\u0113 matu aug\u0161anu, veicina matu stumbra stiprin\u0101\u0161anu un pie\u0161\u0137ir tam vitalit\u0101ti.<\/p>\n<p>Lieto\u0161ana: p\u0113c \u0161amp\u016bna lieto\u0161anas, vienm\u0113r\u012bgi uzkl\u0101jiet balzamu-masku uz mitriem matiem vis\u0101 to garum\u0101, atst\u0101jiet uz 2-3 min\u016bt\u0113m. Noskalojiet ar siltu \u016bdeni.<\/p>\n<p>Piesardz\u012bbas pas\u0101kumi: tikai \u0101r\u012bgai lieto\u0161anai. Ja iek\u013c\u016bst ac\u012bs, r\u016bp\u012bgi izskalojiet t\u0101s ar \u016bdeni, ja nepiecie\u0161ams, konsult\u0113jieties ar \u0101rstu.<\/p>\n<p>Br\u012bdin\u0101jums: iesp\u0113jama individu\u0101la paaugstin\u0101ta jut\u012bba pret atsevi\u0161\u0137\u0101m sast\u0101vda\u013c\u0101m. Satur A vitam\u012bnu. L\u016bgums pirms lieto\u0161anas p\u0101rdom\u0101t savu dienas devu.<\/p>\n<p>Uzglab\u0101t temperat\u016br\u0101 no +5 \u00b0C l\u012bdz +25\u00b0C, sarg\u0101jot no tie\u0161iem saules stariem. Uzglab\u0101t vismaz 0,5 m att\u0101lum\u0101 no apkures ier\u012bc\u0113m. <\/p>\n<p>Der\u012bguma termi\u0146\u0161: 24 m\u0113ne\u0161i no izgatavo\u0161anas datuma.<\/p>\n","protected":false},"excerpt":{"rendered":"<p>Dad\u017eu balzams-maska ir izstr\u0101d\u0101ta Pharma BIO Laboratory\u00ae speci\u0101listu vad\u012bb\u0101, \u0146emot v\u0113r\u0101 visas matu vajadz\u012bbas. Formul\u0101 ir iek\u013cauts \u0101rstniecisko augu fitomais\u012bjums un sp\u0113c\u012bgs CAPAUXEIN\u00ae (Francija) komplekss. Regul\u0101ri lietojot, komplekss stimul\u0113 matu aug\u0161anu, veicina matu stumbra stiprin\u0101\u0161anu un pie\u0161\u0137ir tam vitalit\u0101ti. Lieto\u0161ana: p\u0113c \u0161amp\u016bna lieto\u0161anas, vienm\u0113r\u012bgi uzkl\u0101jiet balzamu-masku uz mitriem matiem vis\u0101 to garum\u0101, atst\u0101jiet uz 2-3 [&#8230;]\n","protected":false},"featured_media":102082,"template":"","meta":[],"product_cat":[1999],"product_tag":[],"class_list":{"0":"post-59813","1":"product","2":"type-product","3":"status-publish","4":"has-post-thumbnail","6":"product_brand-aljans-krasoti_ua","7":"product_cat-bez-kategorijas","9":"first","10":"instock","11":"taxable","12":"shipping-taxable","13":"product-type-simple"},"_links":{"self":[{"href":"https:\/\/e.kosmolat.eu\/lv\/wp-json\/wp\/v2\/product\/59813","targetHints":{"allow":["GET"]}}],"collection":[{"href":"https:\/\/e.kosmolat.eu\/lv\/wp-json\/wp\/v2\/product"}],"about":[{"href":"https:\/\/e.kosmolat.eu\/lv\/wp-json\/wp\/v2\/types\/product"}],"wp:featuredmedia":[{"embeddable":true,"href":"https:\/\/e.kosmolat.eu\/lv\/wp-json\/wp\/v2\/media\/102082"}],"wp:attachment":[{"href":"https:\/\/e.kosmolat.eu\/lv\/wp-json\/wp\/v2\/media?parent=59813"}],"wp:term":[{"taxonomy":"product_cat","embeddable":true,"href":"https:\/\/e.kosmolat.eu\/lv\/wp-json\/wp\/v2\/product_cat?post=59813"},{"taxonomy":"product_tag","embeddable":true,"href":"https:\/\/e.kosmolat.eu\/lv\/wp-json\/wp\/v2\/product_tag?post=59813"}],"curies":[{"name":"wp","href":"https:\/\/api.w.org\/{rel}","templated":true}]}}