{"id":59805,"date":"2024-12-04T05:14:57","date_gmt":"2024-12-04T05:14:57","guid":{"rendered":"https:\/\/e.kosmolat.eu\/product\/pharma-bio-lab-dadzu-bio-serums-2-in-1-pret-matu-izkrisanu-7-x-10-ml\/"},"modified":"2026-04-16T08:46:56","modified_gmt":"2026-04-16T08:46:56","slug":"pharma-bio-lab-dadzu-bio-serums-2-in-1-pret-matu-izkrisanu-7-x-10-ml","status":"publish","type":"product","link":"https:\/\/e.kosmolat.eu\/lv\/product\/pharma-bio-lab-dadzu-bio-serums-2-in-1-pret-matu-izkrisanu-7-x-10-ml\/","title":{"rendered":"Pharma Bio Lab. Dad\u017eu Bio-serums 2 in 1 pret matu izkri\u0161anu, 7 x 10 ml"},"content":{"rendered":"<p>\u2022 Nov\u0113r\u0161 matu izkri\u0161anu<br \/>\n\u2022 Veicina matu aug\u0161anu<\/p>\n<p>BIO-serums ir izstr\u0101d\u0101ts Pharma BIO Laboratory\u00ae ekspertu vad\u012bb\u0101, \u0146emot v\u0113r\u0101 visas matu vajadz\u012bbas. Tas nav lip\u012bgs, ir \u0113rts un viegli lietojams. Formul\u0101 ir iek\u013cauts \u0101rstniecisko augu fito mais\u012bjums, kas satur dad\u017ea sakni, kalmes sakni, n\u0101tru un \u0101rstniec\u012bbas lupst\u0101ju z\u0101li, b\u0113rzu lapas, \u0101boli\u0146a z\u0101li un api\u0146u rogas. Produkts ir bag\u0101tin\u0101ts ar sp\u0113c\u012bgo kompleksu Capauxein\u00ae (Francija), kas veicina matu aug\u0161anu, uzlabo matu iztur\u012bbu, k\u0101 ar\u012b nov\u0113r\u0161 matu izkri\u0161anu.<\/p>\n<p>Lieto\u0161ana: izsmidziniet BIO-serumu no 5\u20137 cm att\u0101luma uz t\u012bras galvas \u0101das. R\u016bp\u012bgi iemas\u0113jiet to ar mas\u0101\u017eas kust\u012bb\u0101m, nenoskalojiet. Intens\u012bvas matu izkri\u0161anas gad\u012bjum\u0101 lietojiet katru dienu, profilaksei un matu aug\u0161anas stimul\u0113\u0161anai lietojiet 2\u20133 reizes ned\u0113\u013c\u0101.<\/p>\n<p>Piesardz\u012bbas pas\u0101kumi: tikai \u0101r\u012bgai lieto\u0161anai. Ja iek\u013c\u016bst ac\u012bs, r\u016bp\u012bgi izskalojiet t\u0101s ar \u016bdeni, ja nepiecie\u0161ams, konsult\u0113jieties ar \u0101rstu.<\/p>\n<p>Br\u012bdin\u0101jums: iesp\u0113jama individu\u0101la paaugstin\u0101ta jut\u012bba pret atsevi\u0161\u0137\u0101m sast\u0101vda\u013c\u0101m. Satur A vitam\u012bnu. L\u016bgums pirms lieto\u0161anas p\u0101rdom\u0101t savu dienas devu.<\/p>\n<p>Uzglab\u0101t temperat\u016br\u0101 no +5 \u00b0C l\u012bdz +25\u00b0C, sarg\u0101jot no tie\u0161iem saules stariem. Uzglab\u0101t vismaz 0,5 m att\u0101lum\u0101 no apkures ier\u012bc\u0113m. <\/p>\n<p>Der\u012bguma termi\u0146\u0161: 24 m\u0113ne\u0161i no izgatavo\u0161anas datuma.<\/p>\n","protected":false},"excerpt":{"rendered":"<p>\u2022 Nov\u0113r\u0161 matu izkri\u0161anu \u2022 Veicina matu aug\u0161anu BIO-serums ir izstr\u0101d\u0101ts Pharma BIO Laboratory\u00ae ekspertu vad\u012bb\u0101, \u0146emot v\u0113r\u0101 visas matu vajadz\u012bbas. Tas nav lip\u012bgs, ir \u0113rts un viegli lietojams. Formul\u0101 ir iek\u013cauts \u0101rstniecisko augu fito mais\u012bjums, kas satur dad\u017ea sakni, kalmes sakni, n\u0101tru un \u0101rstniec\u012bbas lupst\u0101ju z\u0101li, b\u0113rzu lapas, \u0101boli\u0146a z\u0101li un api\u0146u rogas. Produkts [&#8230;]\n","protected":false},"featured_media":98940,"template":"","meta":[],"product_cat":[1346],"product_tag":[],"class_list":{"0":"post-59805","1":"product","2":"type-product","3":"status-publish","4":"has-post-thumbnail","6":"product_brand-aljans-krasoti_ua","7":"product_cat-1346","9":"first","10":"instock","11":"taxable","12":"shipping-taxable","13":"product-type-simple"},"_links":{"self":[{"href":"https:\/\/e.kosmolat.eu\/lv\/wp-json\/wp\/v2\/product\/59805","targetHints":{"allow":["GET"]}}],"collection":[{"href":"https:\/\/e.kosmolat.eu\/lv\/wp-json\/wp\/v2\/product"}],"about":[{"href":"https:\/\/e.kosmolat.eu\/lv\/wp-json\/wp\/v2\/types\/product"}],"wp:featuredmedia":[{"embeddable":true,"href":"https:\/\/e.kosmolat.eu\/lv\/wp-json\/wp\/v2\/media\/98940"}],"wp:attachment":[{"href":"https:\/\/e.kosmolat.eu\/lv\/wp-json\/wp\/v2\/media?parent=59805"}],"wp:term":[{"taxonomy":"product_cat","embeddable":true,"href":"https:\/\/e.kosmolat.eu\/lv\/wp-json\/wp\/v2\/product_cat?post=59805"},{"taxonomy":"product_tag","embeddable":true,"href":"https:\/\/e.kosmolat.eu\/lv\/wp-json\/wp\/v2\/product_tag?post=59805"}],"curies":[{"name":"wp","href":"https:\/\/api.w.org\/{rel}","templated":true}]}}