{"id":59797,"date":"2024-12-04T05:14:38","date_gmt":"2024-12-04T05:14:38","guid":{"rendered":"https:\/\/e.kosmolat.eu\/product\/pharma-bio-lab-mitr-micel-udens-ar-ellam-notur-grima-non-visiem-adas-tip-500-ml\/"},"modified":"2026-04-20T07:38:16","modified_gmt":"2026-04-20T07:38:16","slug":"pharma-bio-lab-mitr-micel-udens-ar-ellam-notur-grima-non-visiem-adas-tip-500-ml","status":"publish","type":"product","link":"https:\/\/e.kosmolat.eu\/lv\/product\/pharma-bio-lab-mitr-micel-udens-ar-ellam-notur-grima-non-visiem-adas-tip-500-ml\/","title":{"rendered":"Pharma Bio Lab. Mitr. micel. \u016bdens ar e\u013c\u013c\u0101m notur. grima no\u0146. visiem \u0101das tip., 500 ml"},"content":{"rendered":"<p>Micel\u0101rais \u016bdens ar v\u0113rt\u012bg\u0101m e\u013c\u013c\u0101m ir paredz\u0113ts \u012bpa\u0161i saudz\u012bgai \u0101das att\u012br\u012b\u0161anai no net\u012brumiem un visu veidu grima no\u0146em\u0161anai no sejas, acu un l\u016bpu zonas. Maig\u0101 formula neatst\u0101j taukainu pl\u0113vi un nesausina \u0101du. Micellas efekt\u012bvi no\u0146em net\u012brumus, lieko sebumu un maigi no\u0146em grimu bez liekas berzes. Augu fitoekstrakti nodro\u0161ina pilnv\u0113rt\u012bgu kop\u0161anu. Akt\u012bv\u0101 sast\u0101vda\u013ca* nodro\u0161ina izcilu \u0101das mitrin\u0101\u0161anu. Rudzupu\u0137e sniedz izteiktu toniz\u0113jo\u0161u efektu, roze nomierina \u0101du, savuk\u0101rt argana e\u013c\u013ca m\u012bkstina \u0101du, nov\u0113r\u0161ot t\u0101s sausumu.<\/p>\n<p>\u0100DA IR IDE\u0100LI T\u012aRA<br \/>\nUN DABISKI KOPTA!<\/p>\n<p>Lieto\u0161ana: uzkl\u0101jiet uz vates diska un noslaukiet seju, ieskaitot acu un l\u016bpu zonu. Nav nepiecie\u0161ams noskalot ar \u016bdeni.<\/p>\n<p>Piesardz\u012bbas pas\u0101kumi: tikai \u0101r\u012bgai lieto\u0161anai. Ja iek\u013c\u016bst ac\u012bs, r\u016bp\u012bgi izskalojiet t\u0101s ar \u016bdeni, ja nepiecie\u0161ams, konsult\u0113jieties ar \u0101rstu.<\/p>\n<p>Br\u012bdin\u0101jums: iesp\u0113jama individu\u0101la paaugstin\u0101ta jut\u012bba pret atsevi\u0161\u0137\u0101m sast\u0101vda\u013c\u0101m. <\/p>\n<p>Uzglab\u0101t temperat\u016br\u0101 no +5 \u00b0C l\u012bdz +25\u00b0C, sarg\u0101jot no tie\u0161iem saules stariem. Uzglab\u0101t vismaz 0,5 m att\u0101lum\u0101 no apkures ier\u012bc\u0113m. <\/p>\n<p>Der\u012bguma termi\u0146\u0161: 24 m\u0113ne\u0161i no izgatavo\u0161anas datuma.<\/p>\n","protected":false},"excerpt":{"rendered":"<p>Micel\u0101rais \u016bdens ar v\u0113rt\u012bg\u0101m e\u013c\u013c\u0101m ir paredz\u0113ts \u012bpa\u0161i saudz\u012bgai \u0101das att\u012br\u012b\u0161anai no net\u012brumiem un visu veidu grima no\u0146em\u0161anai no sejas, acu un l\u016bpu zonas. Maig\u0101 formula neatst\u0101j taukainu pl\u0113vi un nesausina \u0101du. Micellas efekt\u012bvi no\u0146em net\u012brumus, lieko sebumu un maigi no\u0146em grimu bez liekas berzes. Augu fitoekstrakti nodro\u0161ina pilnv\u0113rt\u012bgu kop\u0161anu. Akt\u012bv\u0101 sast\u0101vda\u013ca* nodro\u0161ina izcilu \u0101das [&#8230;]\n","protected":false},"featured_media":102078,"template":"","meta":[],"product_cat":[1568],"product_tag":[],"class_list":{"0":"post-59797","1":"product","2":"type-product","3":"status-publish","4":"has-post-thumbnail","6":"product_brand-aljans-krasoti_ua","7":"product_cat-micelarais-udens","9":"first","10":"instock","11":"taxable","12":"shipping-taxable","13":"product-type-simple"},"_links":{"self":[{"href":"https:\/\/e.kosmolat.eu\/lv\/wp-json\/wp\/v2\/product\/59797","targetHints":{"allow":["GET"]}}],"collection":[{"href":"https:\/\/e.kosmolat.eu\/lv\/wp-json\/wp\/v2\/product"}],"about":[{"href":"https:\/\/e.kosmolat.eu\/lv\/wp-json\/wp\/v2\/types\/product"}],"wp:featuredmedia":[{"embeddable":true,"href":"https:\/\/e.kosmolat.eu\/lv\/wp-json\/wp\/v2\/media\/102078"}],"wp:attachment":[{"href":"https:\/\/e.kosmolat.eu\/lv\/wp-json\/wp\/v2\/media?parent=59797"}],"wp:term":[{"taxonomy":"product_cat","embeddable":true,"href":"https:\/\/e.kosmolat.eu\/lv\/wp-json\/wp\/v2\/product_cat?post=59797"},{"taxonomy":"product_tag","embeddable":true,"href":"https:\/\/e.kosmolat.eu\/lv\/wp-json\/wp\/v2\/product_tag?post=59797"}],"curies":[{"name":"wp","href":"https:\/\/api.w.org\/{rel}","templated":true}]}}