{"id":59789,"date":"2024-12-04T05:14:19","date_gmt":"2024-12-04T05:14:19","guid":{"rendered":"https:\/\/e.kosmolat.eu\/product\/oblepikha-davanu-kompl-smiltserks-krems-roku-un-nagu-kops-275-ml-fitobalzams-kajam-275\/"},"modified":"2026-04-23T06:41:30","modified_gmt":"2026-04-23T06:41:30","slug":"oblepikha-davanu-kompl-smiltserks-krems-roku-un-nagu-kops-275-ml-fitobalzams-kajam-275","status":"publish","type":"product","link":"https:\/\/e.kosmolat.eu\/lv\/product\/oblepikha-davanu-kompl-smiltserks-krems-roku-un-nagu-kops-275-ml-fitobalzams-kajam-275\/","title":{"rendered":"Oblepikha D\u0101vanu kompl. Smilts\u0113rk\u0161. (Kr\u0113ms roku un nagu kop\u0161., 275 ml+ Fitobalzams k\u0101j\u0101m, 275"},"content":{"rendered":"<p>Komplekta saturs:<\/p>\n<p>1. Krems roku un nagu kop\u0161anai ar smilts\u0113rk\u0161\u0137i un kli\u0146\u0123er\u012bti<br \/>\nLieto\u0161ana: ar mas\u0113jo\u0161\u0101m kust\u012bb\u0101m uzkl\u0101jiet uz t\u012bras roku \u0101das, piev\u0113r\u0161ot \u012bpa\u0161u uzman\u012bbu nagu pl\u0101ksn\u0113m. Satur A vitam\u012bnu. L\u016bgums pirms lieto\u0161anas p\u0101rdom\u0101t savu dienas devu.<\/p>\n<p>2. Fitobalzams k\u0101j\u0101m ar smilts\u0113rk\u0161\u0137i un ce\u013cmallapu plaisu un var\u017eacu profilaksei<br \/>\nLieto\u0161ana: uzkl\u0101jiet fitobalzamu uz t\u012bras, sausas p\u0113du un pap\u0113\u017eu \u0101das. Satur A vitam\u012bnu. L\u016bgums pirms lieto\u0161anas p\u0101rdom\u0101t savu dienas devu.<\/p>\n<p>Piesardz\u012bbas pas\u0101kumi: tikai \u0101r\u012bgai lieto\u0161anai. Ja iek\u013c\u016bst ac\u012bs, r\u016bp\u012bgi izskalojiet t\u0101s ar \u016bdeni, ja nepiecie\u0161ams, konsult\u0113jieties ar \u0101rstu.<\/p>\n<p>Br\u012bdin\u0101jums: iesp\u0113jama individu\u0101la paaugstin\u0101ta jut\u012bba pret atsevi\u0161\u0137\u0101m sast\u0101vda\u013c\u0101m. <\/p>\n<p>Der\u012bguma termi\u0146\u0161: 24 m\u0113ne\u0161i no izgatavo\u0161anas datuma.<\/p>\n<p>Uzglab\u0101t temperat\u016br\u0101 no +5 \u00b0C l\u012bdz +25\u00b0C, sarg\u0101jot no tie\u0161iem saules stariem. Uzglab\u0101t vismaz 0,5 m att\u0101lum\u0101 no apkures ier\u012bc\u0113m.<\/p>\n","protected":false},"excerpt":{"rendered":"<p>Komplekta saturs: 1. Krems roku un nagu kop\u0161anai ar smilts\u0113rk\u0161\u0137i un kli\u0146\u0123er\u012bti Lieto\u0161ana: ar mas\u0113jo\u0161\u0101m kust\u012bb\u0101m uzkl\u0101jiet uz t\u012bras roku \u0101das, piev\u0113r\u0161ot \u012bpa\u0161u uzman\u012bbu nagu pl\u0101ksn\u0113m. Satur A vitam\u012bnu. L\u016bgums pirms lieto\u0161anas p\u0101rdom\u0101t savu dienas devu. 2. Fitobalzams k\u0101j\u0101m ar smilts\u0113rk\u0161\u0137i un ce\u013cmallapu plaisu un var\u017eacu profilaksei Lieto\u0161ana: uzkl\u0101jiet fitobalzamu uz t\u012bras, sausas p\u0113du un [&#8230;]\n","protected":false},"featured_media":99409,"template":"","meta":[],"product_cat":[1853],"product_tag":[],"class_list":{"0":"post-59789","1":"product","2":"type-product","3":"status-publish","4":"has-post-thumbnail","6":"product_brand-aljans-krasoti_ua","7":"product_cat-davanu-komplekti-sievietem","9":"first","10":"instock","11":"taxable","12":"shipping-taxable","13":"product-type-simple"},"_links":{"self":[{"href":"https:\/\/e.kosmolat.eu\/lv\/wp-json\/wp\/v2\/product\/59789","targetHints":{"allow":["GET"]}}],"collection":[{"href":"https:\/\/e.kosmolat.eu\/lv\/wp-json\/wp\/v2\/product"}],"about":[{"href":"https:\/\/e.kosmolat.eu\/lv\/wp-json\/wp\/v2\/types\/product"}],"wp:featuredmedia":[{"embeddable":true,"href":"https:\/\/e.kosmolat.eu\/lv\/wp-json\/wp\/v2\/media\/99409"}],"wp:attachment":[{"href":"https:\/\/e.kosmolat.eu\/lv\/wp-json\/wp\/v2\/media?parent=59789"}],"wp:term":[{"taxonomy":"product_cat","embeddable":true,"href":"https:\/\/e.kosmolat.eu\/lv\/wp-json\/wp\/v2\/product_cat?post=59789"},{"taxonomy":"product_tag","embeddable":true,"href":"https:\/\/e.kosmolat.eu\/lv\/wp-json\/wp\/v2\/product_tag?post=59789"}],"curies":[{"name":"wp","href":"https:\/\/api.w.org\/{rel}","templated":true}]}}