{"id":59781,"date":"2024-12-04T05:13:47","date_gmt":"2024-12-04T05:13:47","guid":{"rendered":"https:\/\/e.kosmolat.eu\/product\/oblepikha-fitobalzams-kaj-ar-smiltserks-un-celmal-plaisu-un-varzacu-profilaksei-275-ml\/"},"modified":"2026-04-23T06:41:17","modified_gmt":"2026-04-23T06:41:17","slug":"oblepikha-fitobalzams-kaj-ar-smiltserks-un-celmal-plaisu-un-varzacu-profilaksei-275-ml","status":"publish","type":"product","link":"https:\/\/e.kosmolat.eu\/lv\/product\/oblepikha-fitobalzams-kaj-ar-smiltserks-un-celmal-plaisu-un-varzacu-profilaksei-275-ml\/","title":{"rendered":"Oblepikha Fitobalzams k\u0101j. ar Smilts\u0113rk\u0161. un ce\u013cmal. plaisu un var\u017eacu profilaksei, 275 ml"},"content":{"rendered":"<p>Pareiza barojo\u0161a kop\u0161ana pal\u012bdz\u0113s ilgsto\u0161i saglab\u0101t j\u016bsu k\u0101ju skaistumu. Smilts\u0113rk\u0161\u0137u e\u013c\u013ca un t\u0113jas koka e\u013c\u013ca m\u012bkstina un baro p\u0113du \u0101du, aizsarg\u0101jot to no lob\u012b\u0161an\u0101s un plais\u0101m.<\/p>\n<p>Lieto\u0161ana: uzkl\u0101jiet fitobalzamu uz t\u012bras, sausas p\u0113du un pap\u0113\u017eu \u0101das. <\/p>\n<p>Piesardz\u012bbas pas\u0101kumi: tikai \u0101r\u012bgai lieto\u0161anai. Ja iek\u013c\u016bst ac\u012bs, r\u016bp\u012bgi izskalojiet t\u0101s ar \u016bdeni, ja nepiecie\u0161ams, konsult\u0113jieties ar \u0101rstu.<\/p>\n<p>Br\u012bdin\u0101jums: iesp\u0113jama individu\u0101la paaugstin\u0101ta jut\u012bba pret atsevi\u0161\u0137\u0101m sast\u0101vda\u013c\u0101m. Satur A vitam\u012bnu. L\u016bgums pirms lieto\u0161anas p\u0101rdom\u0101t savu dienas devu.<\/p>\n<p>Der\u012bguma termi\u0146\u0161: 24 m\u0113ne\u0161i no izgatavo\u0161anas datuma.<\/p>\n<p>Uzglab\u0101t temperat\u016br\u0101 no +5 \u00b0C l\u012bdz +25\u00b0C, sarg\u0101jot no tie\u0161iem saules stariem. Uzglab\u0101t vismaz 0,5 m att\u0101lum\u0101 no apkures ier\u012bc\u0113m.<\/p>\n","protected":false},"excerpt":{"rendered":"<p>Pareiza barojo\u0161a kop\u0161ana pal\u012bdz\u0113s ilgsto\u0161i saglab\u0101t j\u016bsu k\u0101ju skaistumu. Smilts\u0113rk\u0161\u0137u e\u013c\u013ca un t\u0113jas koka e\u013c\u013ca m\u012bkstina un baro p\u0113du \u0101du, aizsarg\u0101jot to no lob\u012b\u0161an\u0101s un plais\u0101m. Lieto\u0161ana: uzkl\u0101jiet fitobalzamu uz t\u012bras, sausas p\u0113du un pap\u0113\u017eu \u0101das. Piesardz\u012bbas pas\u0101kumi: tikai \u0101r\u012bgai lieto\u0161anai. Ja iek\u013c\u016bst ac\u012bs, r\u016bp\u012bgi izskalojiet t\u0101s ar \u016bdeni, ja nepiecie\u0161ams, konsult\u0113jieties ar \u0101rstu. Br\u012bdin\u0101jums: [&#8230;]\n","protected":false},"featured_media":99852,"template":"","meta":[],"product_cat":[1763],"product_tag":[],"class_list":{"0":"post-59781","1":"product","2":"type-product","3":"status-publish","4":"has-post-thumbnail","6":"product_brand-aljans-krasoti_ua","7":"product_cat-koju-prieziuros-kosmetika","9":"first","10":"instock","11":"taxable","12":"shipping-taxable","13":"product-type-simple"},"_links":{"self":[{"href":"https:\/\/e.kosmolat.eu\/lv\/wp-json\/wp\/v2\/product\/59781","targetHints":{"allow":["GET"]}}],"collection":[{"href":"https:\/\/e.kosmolat.eu\/lv\/wp-json\/wp\/v2\/product"}],"about":[{"href":"https:\/\/e.kosmolat.eu\/lv\/wp-json\/wp\/v2\/types\/product"}],"wp:featuredmedia":[{"embeddable":true,"href":"https:\/\/e.kosmolat.eu\/lv\/wp-json\/wp\/v2\/media\/99852"}],"wp:attachment":[{"href":"https:\/\/e.kosmolat.eu\/lv\/wp-json\/wp\/v2\/media?parent=59781"}],"wp:term":[{"taxonomy":"product_cat","embeddable":true,"href":"https:\/\/e.kosmolat.eu\/lv\/wp-json\/wp\/v2\/product_cat?post=59781"},{"taxonomy":"product_tag","embeddable":true,"href":"https:\/\/e.kosmolat.eu\/lv\/wp-json\/wp\/v2\/product_tag?post=59781"}],"curies":[{"name":"wp","href":"https:\/\/api.w.org\/{rel}","templated":true}]}}