{"id":59773,"date":"2024-12-04T05:13:29","date_gmt":"2024-12-04T05:13:29","guid":{"rendered":"https:\/\/e.kosmolat.eu\/product\/family-doctor-3-davanu-kompl-3-dienas-sejas-kr-75-ml-nakts-sejas-kr-75\/"},"modified":"2025-05-01T17:06:50","modified_gmt":"2025-05-01T17:06:50","slug":"family-doctor-3-davanu-kompl-3-dienas-sejas-kr-75-ml-nakts-sejas-kr-75","status":"publish","type":"product","link":"https:\/\/e.kosmolat.eu\/lv\/product\/family-doctor-3-davanu-kompl-3-dienas-sejas-kr-75-ml-nakts-sejas-kr-75\/","title":{"rendered":"Family Doctor 3 D\u0101vanu kompl. 3 (Dienas sejas kr., 75 ml + Nakts sejas kr., 75)"},"content":{"rendered":"<p>Komplekta saturs:<\/p>\n<p>1. Day Age Expert Dienas sejas kr\u0113ms<br \/>\nNodro\u0161ina barojo\u0161u un mitrino\u0161u kop\u0161anu sejas \u0101dai.<br \/>\nLieto\u0161ana: uzkl\u0101t kr\u0113mu uz sejas \u0101das. Satur A vitam\u012bnu. L\u016bgums pirms lieto\u0161anas p\u0101rdom\u0101t savu dienas devu.<\/p>\n<p>2. Night Age Expert Nakts sejas kr\u0113ms<br \/>\nNodro\u0161ina barojo\u0161u kop\u0161anu sausai un nobriedu\u0161ai sejas \u0101dai. Lieto\u0161ana: uzkl\u0101t kr\u0113mu uz sejas \u0101das. Satur A vitam\u012bnu. L\u016bgums pirms lieto\u0161anas p\u0101rdom\u0101t savu dienas devu.<\/p>\n<p>Piesardz\u012bbas pas\u0101kumi: tikai \u0101r\u012bgai lieto\u0161anai. Ja iek\u013c\u016bst ac\u012bs, r\u016bp\u012bgi izskalojiet t\u0101s ar \u016bdeni, ja nepiecie\u0161ams, konsult\u0113jieties ar \u0101rstu.<\/p>\n<p>Br\u012bdin\u0101jums: iesp\u0113jama individu\u0101la paaugstin\u0101ta jut\u012bba pret atsevi\u0161\u0137\u0101m sast\u0101vda\u013c\u0101m. <\/p>\n<p>Der\u012bguma termi\u0146\u0161: 30 m\u0113ne\u0161i no izgatavo\u0161anas datuma.<\/p>\n<p>Uzglab\u0101t temperat\u016br\u0101 no +5 \u00b0C l\u012bdz +25\u00b0C, sarg\u0101jot no tie\u0161iem saules stariem. Uzglab\u0101t vismaz 0,5 m att\u0101lum\u0101 no apkures ier\u012bc\u0113m.<\/p>\n","protected":false},"excerpt":{"rendered":"<p>Komplekta saturs: 1. Day Age Expert Dienas sejas kr\u0113ms Nodro\u0161ina barojo\u0161u un mitrino\u0161u kop\u0161anu sejas \u0101dai. Lieto\u0161ana: uzkl\u0101t kr\u0113mu uz sejas \u0101das. Satur A vitam\u012bnu. L\u016bgums pirms lieto\u0161anas p\u0101rdom\u0101t savu dienas devu. 2. Night Age Expert Nakts sejas kr\u0113ms Nodro\u0161ina barojo\u0161u kop\u0161anu sausai un nobriedu\u0161ai sejas \u0101dai. Lieto\u0161ana: uzkl\u0101t kr\u0113mu uz sejas \u0101das. Satur A [&#8230;]\n","protected":false},"featured_media":59777,"template":"","meta":[],"product_cat":[1853],"product_tag":[],"class_list":{"0":"post-59773","1":"product","2":"type-product","3":"status-publish","4":"has-post-thumbnail","6":"product_brand-aljans-krasoti_ua","7":"product_cat-davanu-komplekti-sievietem","9":"first","10":"instock","11":"taxable","12":"shipping-taxable","13":"product-type-simple"},"_links":{"self":[{"href":"https:\/\/e.kosmolat.eu\/lv\/wp-json\/wp\/v2\/product\/59773","targetHints":{"allow":["GET"]}}],"collection":[{"href":"https:\/\/e.kosmolat.eu\/lv\/wp-json\/wp\/v2\/product"}],"about":[{"href":"https:\/\/e.kosmolat.eu\/lv\/wp-json\/wp\/v2\/types\/product"}],"wp:featuredmedia":[{"embeddable":true,"href":"https:\/\/e.kosmolat.eu\/lv\/wp-json\/wp\/v2\/media\/59777"}],"wp:attachment":[{"href":"https:\/\/e.kosmolat.eu\/lv\/wp-json\/wp\/v2\/media?parent=59773"}],"wp:term":[{"taxonomy":"product_cat","embeddable":true,"href":"https:\/\/e.kosmolat.eu\/lv\/wp-json\/wp\/v2\/product_cat?post=59773"},{"taxonomy":"product_tag","embeddable":true,"href":"https:\/\/e.kosmolat.eu\/lv\/wp-json\/wp\/v2\/product_tag?post=59773"}],"curies":[{"name":"wp","href":"https:\/\/api.w.org\/{rel}","templated":true}]}}