{"id":59741,"date":"2024-12-04T05:12:09","date_gmt":"2024-12-04T05:12:09","guid":{"rendered":"https:\/\/e.kosmolat.eu\/product\/family-doctor-maigs-attiross-pienins-sausai-un-jutigai-sejas-adai-250-ml\/"},"modified":"2026-04-03T05:47:10","modified_gmt":"2026-04-03T05:47:10","slug":"family-doctor-maigs-attiross-pienins-sausai-un-jutigai-sejas-adai-250-ml","status":"publish","type":"product","link":"https:\/\/e.kosmolat.eu\/lv\/product\/family-doctor-maigs-attiross-pienins-sausai-un-jutigai-sejas-adai-250-ml\/","title":{"rendered":"Family Doctor Maigs att\u012bro\u0161s pieni\u0146\u0161 sausai un jut\u012bgai sejas \u0101dai, 250 ml"},"content":{"rendered":"<p>Pieni\u0146\u0161 saudz\u012bgi att\u012bra \u0101du no net\u012brumiem un maigi no\u0146em grimu, sniedzot pat\u012bkamu t\u012br\u012bbas un komforta saj\u016btu. Sast\u0101vs ir bag\u0101tin\u0101ts ar kokvilnas, arnikas, vird\u017e\u012bnijas burvjulazdas un auzu ekstraktiem.  <\/p>\n<p>Lieto\u0161ana: nelielu pieni\u0146a daudzumu saputot plaukst\u0101s, uzkl\u0101t uz mitras sejas \u0101das un noskalot ar siltu \u016bdeni. <\/p>\n<p>Piesardz\u012bbas pas\u0101kumi: tikai \u0101r\u012bgai lieto\u0161anai. Ja produkts nok\u013c\u016bst ac\u012bs, r\u016bp\u012bgi izskalot t\u0101s ar \u016bdeni, un, ja nepiecie\u0161ams, konsult\u0113ties ar \u0101rstu.<\/p>\n<p>Br\u012bdin\u0101jums: iesp\u0113jama paaugstin\u0101ta individu\u0101l\u0101 jut\u012bba pret atsevi\u0161\u0137\u0101m sast\u0101vda\u013c\u0101m. Satur A vitam\u012bnu. L\u016bgums pirms lieto\u0161anas p\u0101rdom\u0101t savu dienas devu.<\/p>\n<p>Der\u012bguma termi\u0146\u0161: 30 m\u0113ne\u0161i no izgatavo\u0161anas datuma.<\/p>\n<p>Uzglab\u0101t temperat\u016br\u0101 no +5 \u00b0C l\u012bdz +25\u00b0C, sarg\u0101jot no tie\u0161iem saules stariem. Uzglab\u0101t vismaz 0,5 m att\u0101lum\u0101 no apkures ier\u012bc\u0113m.<\/p>\n","protected":false},"excerpt":{"rendered":"<p>Pieni\u0146\u0161 saudz\u012bgi att\u012bra \u0101du no net\u012brumiem un maigi no\u0146em grimu, sniedzot pat\u012bkamu t\u012br\u012bbas un komforta saj\u016btu. Sast\u0101vs ir bag\u0101tin\u0101ts ar kokvilnas, arnikas, vird\u017e\u012bnijas burvjulazdas un auzu ekstraktiem. Lieto\u0161ana: nelielu pieni\u0146a daudzumu saputot plaukst\u0101s, uzkl\u0101t uz mitras sejas \u0101das un noskalot ar siltu \u016bdeni. Piesardz\u012bbas pas\u0101kumi: tikai \u0101r\u012bgai lieto\u0161anai. Ja produkts nok\u013c\u016bst ac\u012bs, r\u016bp\u012bgi izskalot t\u0101s [&#8230;]\n","protected":false},"featured_media":99144,"template":"","meta":[],"product_cat":[1572],"product_tag":[],"class_list":{"0":"post-59741","1":"product","2":"type-product","3":"status-publish","4":"has-post-thumbnail","6":"product_brand-sale","7":"product_cat-pienini-un-ellas","9":"first","10":"instock","11":"taxable","12":"shipping-taxable","13":"product-type-simple"},"_links":{"self":[{"href":"https:\/\/e.kosmolat.eu\/lv\/wp-json\/wp\/v2\/product\/59741","targetHints":{"allow":["GET"]}}],"collection":[{"href":"https:\/\/e.kosmolat.eu\/lv\/wp-json\/wp\/v2\/product"}],"about":[{"href":"https:\/\/e.kosmolat.eu\/lv\/wp-json\/wp\/v2\/types\/product"}],"wp:featuredmedia":[{"embeddable":true,"href":"https:\/\/e.kosmolat.eu\/lv\/wp-json\/wp\/v2\/media\/99144"}],"wp:attachment":[{"href":"https:\/\/e.kosmolat.eu\/lv\/wp-json\/wp\/v2\/media?parent=59741"}],"wp:term":[{"taxonomy":"product_cat","embeddable":true,"href":"https:\/\/e.kosmolat.eu\/lv\/wp-json\/wp\/v2\/product_cat?post=59741"},{"taxonomy":"product_tag","embeddable":true,"href":"https:\/\/e.kosmolat.eu\/lv\/wp-json\/wp\/v2\/product_tag?post=59741"}],"curies":[{"name":"wp","href":"https:\/\/api.w.org\/{rel}","templated":true}]}}