{"id":59733,"date":"2024-12-04T05:11:48","date_gmt":"2024-12-04T05:11:48","guid":{"rendered":"https:\/\/e.kosmolat.eu\/product\/family-doctor-sejas-kopsanas-krems-aktiva-mitrinasana-kombin-un-saus-adai-75-ml\/"},"modified":"2026-04-17T09:24:08","modified_gmt":"2026-04-17T09:24:08","slug":"family-doctor-sejas-kopsanas-krems-aktiva-mitrinasana-kombin-un-saus-adai-75-ml","status":"publish","type":"product","link":"https:\/\/e.kosmolat.eu\/lv\/product\/family-doctor-sejas-kopsanas-krems-aktiva-mitrinasana-kombin-un-saus-adai-75-ml\/","title":{"rendered":"Family Doctor Sejas kop\u0161anas kr\u0113ms Akt\u012bv\u0101 mitrin\u0101\u0161ana Kombin. un saus. \u0101dai, 75 ml"},"content":{"rendered":"<p>Alvejas un rozes ekstrakti. Intens\u012bv\u0101 sejas \u0101das kop\u0161ana.<\/p>\n<p>Lieto\u0161ana: uzkl\u0101t kr\u0113mu uz sejas \u0101das.<\/p>\n<p>Piesardz\u012bbas pas\u0101kumi: tikai \u0101r\u012bgai lieto\u0161anai. Ja produkts nok\u013c\u016bst ac\u012bs, r\u016bp\u012bgi izskalot t\u0101s ar \u016bdeni, un, ja nepiecie\u0161ams, konsult\u0113ties ar \u0101rstu.<\/p>\n<p>Br\u012bdin\u0101jums: iesp\u0113jama paaugstin\u0101ta individu\u0101l\u0101 jut\u012bba pret atsevi\u0161\u0137\u0101m sast\u0101vda\u013c\u0101m. <\/p>\n<p>Der\u012bguma termi\u0146\u0161: 30 m\u0113ne\u0161i no izgatavo\u0161anas datuma.<\/p>\n<p>Uzglab\u0101t temperat\u016br\u0101 no +5 \u00b0C l\u012bdz +25\u00b0C, sarg\u0101jot no tie\u0161iem saules stariem. Uzglab\u0101t vismaz 0,5 m att\u0101lum\u0101 no apkures ier\u012bc\u0113m.<\/p>\n","protected":false},"excerpt":{"rendered":"<p>Alvejas un rozes ekstrakti. Intens\u012bv\u0101 sejas \u0101das kop\u0161ana. Lieto\u0161ana: uzkl\u0101t kr\u0113mu uz sejas \u0101das. Piesardz\u012bbas pas\u0101kumi: tikai \u0101r\u012bgai lieto\u0161anai. Ja produkts nok\u013c\u016bst ac\u012bs, r\u016bp\u012bgi izskalot t\u0101s ar \u016bdeni, un, ja nepiecie\u0161ams, konsult\u0113ties ar \u0101rstu. Br\u012bdin\u0101jums: iesp\u0113jama paaugstin\u0101ta individu\u0101l\u0101 jut\u012bba pret atsevi\u0161\u0137\u0101m sast\u0101vda\u013c\u0101m. Der\u012bguma termi\u0146\u0161: 30 m\u0113ne\u0161i no izgatavo\u0161anas datuma. Uzglab\u0101t temperat\u016br\u0101 no +5 \u00b0C l\u012bdz [&#8230;]\n","protected":false},"featured_media":99840,"template":"","meta":[],"product_cat":[2182],"product_tag":[],"class_list":{"0":"post-59733","1":"product","2":"type-product","3":"status-publish","4":"has-post-thumbnail","6":"product_brand-aljans-krasoti_ua","7":"product_cat-bez-kategorijas-ru","9":"first","10":"instock","11":"taxable","12":"shipping-taxable","13":"product-type-simple"},"_links":{"self":[{"href":"https:\/\/e.kosmolat.eu\/lv\/wp-json\/wp\/v2\/product\/59733","targetHints":{"allow":["GET"]}}],"collection":[{"href":"https:\/\/e.kosmolat.eu\/lv\/wp-json\/wp\/v2\/product"}],"about":[{"href":"https:\/\/e.kosmolat.eu\/lv\/wp-json\/wp\/v2\/types\/product"}],"wp:featuredmedia":[{"embeddable":true,"href":"https:\/\/e.kosmolat.eu\/lv\/wp-json\/wp\/v2\/media\/99840"}],"wp:attachment":[{"href":"https:\/\/e.kosmolat.eu\/lv\/wp-json\/wp\/v2\/media?parent=59733"}],"wp:term":[{"taxonomy":"product_cat","embeddable":true,"href":"https:\/\/e.kosmolat.eu\/lv\/wp-json\/wp\/v2\/product_cat?post=59733"},{"taxonomy":"product_tag","embeddable":true,"href":"https:\/\/e.kosmolat.eu\/lv\/wp-json\/wp\/v2\/product_tag?post=59733"}],"curies":[{"name":"wp","href":"https:\/\/api.w.org\/{rel}","templated":true}]}}