{"id":59701,"date":"2024-12-04T05:10:23","date_gmt":"2024-12-04T05:10:23","guid":{"rendered":"https:\/\/e.kosmolat.eu\/product\/family-doctor-profilakt-zobu-pasta-maiga-attir-un-ekstra-stiprinas-250-g\/"},"modified":"2026-04-21T10:32:10","modified_gmt":"2026-04-21T10:32:10","slug":"i_family-doctor-profilakt-zobu-pasta-maiga-attir-un-ekstra-stiprinas-250-g","status":"publish","type":"product","link":"https:\/\/e.kosmolat.eu\/lv\/product\/i_family-doctor-profilakt-zobu-pasta-maiga-attir-un-ekstra-stiprinas-250-g\/","title":{"rendered":"I_Family Doctor Profilakt. zobu pasta Maiga att\u012br. un ekstra-stiprin\u0101\u0161., 250 g"},"content":{"rendered":"<p>Zobu pasta ar \u012bpa\u0161i maigu gar\u0161u izstr\u0101d\u0101ta zobu aplikuma no\u0146em\u0161anai, efekt\u012bvai zobu un smaganu kop\u0161anai, k\u0101 ar\u012b svaigas elpas nodro\u0161in\u0101\u0161anai. Speci\u0101li izstr\u0101d\u0101ts formul\u0113jums ir bag\u0101tin\u0101ts ar ozola mizu, n\u0101tres, eikalipta, alvejas, propolisa ekstraktiem, k\u0101 ar\u012b piparm\u0113tras \u0113terisko e\u013c\u013cu.<\/p>\n<p>Lieto\u0161ana: nelielu daudzumu pastas uzkl\u0101jiet uz zobu birstes, ar ap\u013cveida kust\u012bb\u0101m t\u012briet zobus 2-3 min\u016btes. P\u0113c zobu t\u012br\u012b\u0161anas izskalojiet mutes dobumu ar \u016bdeni. Nenor\u012bt.<\/p>\n<p>Piesardz\u012bbas pas\u0101kumi: lietot tikai saska\u0146\u0101 ar nor\u0101d\u012bjumiem. Iesp\u0113jama individu\u0101l\u0101 jut\u012bba pret atsevi\u0161\u0137\u0101m sast\u0101vda\u013c\u0101m. Uzglab\u0101t b\u0113rniem nepieejam\u0101 viet\u0101.<\/p>\n<p>Der\u012bguma termi\u0146\u0161: 24 m\u0113ne\u0161i no izgatavo\u0161anas datuma.<\/p>\n<p>Uzglab\u0101t temperat\u016br\u0101 no +5 \u00b0C l\u012bdz +25\u00b0C, sarg\u0101jot no tie\u0161iem saules stariem. Uzglab\u0101t vismaz 0,5 m att\u0101lum\u0101 no apkures ier\u012bc\u0113m.<\/p>\n","protected":false},"excerpt":{"rendered":"<p>Zobu pasta ar \u012bpa\u0161i maigu gar\u0161u izstr\u0101d\u0101ta zobu aplikuma no\u0146em\u0161anai, efekt\u012bvai zobu un smaganu kop\u0161anai, k\u0101 ar\u012b svaigas elpas nodro\u0161in\u0101\u0161anai. Speci\u0101li izstr\u0101d\u0101ts formul\u0113jums ir bag\u0101tin\u0101ts ar ozola mizu, n\u0101tres, eikalipta, alvejas, propolisa ekstraktiem, k\u0101 ar\u012b piparm\u0113tras \u0113terisko e\u013c\u013cu. Lieto\u0161ana: nelielu daudzumu pastas uzkl\u0101jiet uz zobu birstes, ar ap\u013cveida kust\u012bb\u0101m t\u012briet zobus 2-3 min\u016btes. P\u0113c zobu [&#8230;]\n","protected":false},"featured_media":102987,"template":"","meta":[],"product_cat":[2182],"product_tag":[],"class_list":{"0":"post-59701","1":"product","2":"type-product","3":"status-publish","4":"has-post-thumbnail","6":"product_brand-sale","7":"product_cat-bez-kategorijas-ru","9":"first","10":"instock","11":"taxable","12":"shipping-taxable","13":"product-type-simple"},"_links":{"self":[{"href":"https:\/\/e.kosmolat.eu\/lv\/wp-json\/wp\/v2\/product\/59701","targetHints":{"allow":["GET"]}}],"collection":[{"href":"https:\/\/e.kosmolat.eu\/lv\/wp-json\/wp\/v2\/product"}],"about":[{"href":"https:\/\/e.kosmolat.eu\/lv\/wp-json\/wp\/v2\/types\/product"}],"wp:featuredmedia":[{"embeddable":true,"href":"https:\/\/e.kosmolat.eu\/lv\/wp-json\/wp\/v2\/media\/102987"}],"wp:attachment":[{"href":"https:\/\/e.kosmolat.eu\/lv\/wp-json\/wp\/v2\/media?parent=59701"}],"wp:term":[{"taxonomy":"product_cat","embeddable":true,"href":"https:\/\/e.kosmolat.eu\/lv\/wp-json\/wp\/v2\/product_cat?post=59701"},{"taxonomy":"product_tag","embeddable":true,"href":"https:\/\/e.kosmolat.eu\/lv\/wp-json\/wp\/v2\/product_tag?post=59701"}],"curies":[{"name":"wp","href":"https:\/\/api.w.org\/{rel}","templated":true}]}}