{"id":59693,"date":"2024-12-04T05:10:00","date_gmt":"2024-12-04T05:10:00","guid":{"rendered":"https:\/\/e.kosmolat.eu\/product\/family-doctor-kompl-zobu-pasta-zobu-un-smaganu-vesel-veseliga-elpa-un-ultra-aizsardz-250\/"},"modified":"2026-04-18T06:32:48","modified_gmt":"2026-04-18T06:32:48","slug":"i_fami-doctor-kompl-zobu-pasta-zobu-un-smaganu-vesel-veseliga-elpa-un-ultra-aizsardz-250","status":"publish","type":"product","link":"https:\/\/e.kosmolat.eu\/lv\/product\/i_fami-doctor-kompl-zobu-pasta-zobu-un-smaganu-vesel-veseliga-elpa-un-ultra-aizsardz-250\/","title":{"rendered":"I_Fami Doctor Kompl. zobu pasta zobu un smaganu vesel. Vesel\u012bga elpa un ultra aizsardz., 250"},"content":{"rendered":"<p>Zobu pasta ar svaigu piparm\u0113tras gar\u0161u ir paredz\u0113ta efekt\u012bvai zobu aplikuma no\u0146em\u0161anai, zobu, smaganu un mutes dobuma vesel\u012bbas uztur\u0113\u0161anai, k\u0101 ar\u012b elpas svaiguma saglab\u0101\u0161anai. Speci\u0101li izstr\u0101d\u0101ta formula ir bag\u0101tin\u0101ta ar kalciju un kumel\u012btes, kli\u0146\u0123er\u012btes, piparm\u0113tras un smilts\u0113rk\u0161\u0137a ekstraktiem.<\/p>\n<p>Lieto\u0161ana: nelielu daudzumu pastas uzkl\u0101jiet uz zobu birstes, ar ap\u013cveida kust\u012bb\u0101m t\u012briet zobus 2-3 min\u016btes. P\u0113c zobu t\u012br\u012b\u0161anas izskalojiet mutes dobumu ar \u016bdeni. Nenor\u012bt.<\/p>\n<p>Piesardz\u012bbas pas\u0101kumi: lietot tikai saska\u0146\u0101 ar nor\u0101d\u012bjumiem. Iesp\u0113jama individu\u0101l\u0101 jut\u012bba pret atsevi\u0161\u0137\u0101m sast\u0101vda\u013c\u0101m. Uzglab\u0101t b\u0113rniem nepieejam\u0101 viet\u0101.<\/p>\n<p>Der\u012bguma termi\u0146\u0161: 24 m\u0113ne\u0161i no izgatavo\u0161anas datuma.<\/p>\n<p>Uzglab\u0101t temperat\u016br\u0101 no +5 \u00b0C l\u012bdz +25\u00b0C, sarg\u0101jot no tie\u0161iem saules stariem. Uzglab\u0101t vismaz 0,5 m att\u0101lum\u0101 no apkures ier\u012bc\u0113m.<\/p>\n","protected":false},"excerpt":{"rendered":"<p>Zobu pasta ar svaigu piparm\u0113tras gar\u0161u ir paredz\u0113ta efekt\u012bvai zobu aplikuma no\u0146em\u0161anai, zobu, smaganu un mutes dobuma vesel\u012bbas uztur\u0113\u0161anai, k\u0101 ar\u012b elpas svaiguma saglab\u0101\u0161anai. Speci\u0101li izstr\u0101d\u0101ta formula ir bag\u0101tin\u0101ta ar kalciju un kumel\u012btes, kli\u0146\u0123er\u012btes, piparm\u0113tras un smilts\u0113rk\u0161\u0137a ekstraktiem. Lieto\u0161ana: nelielu daudzumu pastas uzkl\u0101jiet uz zobu birstes, ar ap\u013cveida kust\u012bb\u0101m t\u012briet zobus 2-3 min\u016btes. P\u0113c zobu [&#8230;]\n","protected":false},"featured_media":99759,"template":"","meta":[],"product_cat":[1308],"product_tag":[],"class_list":{"0":"post-59693","1":"product","2":"type-product","3":"status-publish","4":"has-post-thumbnail","6":"product_brand-aljans-krasoti_ua","7":"product_cat-dantu-pastos-ir-geliai","9":"first","10":"instock","11":"taxable","12":"shipping-taxable","13":"product-type-simple"},"_links":{"self":[{"href":"https:\/\/e.kosmolat.eu\/lv\/wp-json\/wp\/v2\/product\/59693","targetHints":{"allow":["GET"]}}],"collection":[{"href":"https:\/\/e.kosmolat.eu\/lv\/wp-json\/wp\/v2\/product"}],"about":[{"href":"https:\/\/e.kosmolat.eu\/lv\/wp-json\/wp\/v2\/types\/product"}],"wp:featuredmedia":[{"embeddable":true,"href":"https:\/\/e.kosmolat.eu\/lv\/wp-json\/wp\/v2\/media\/99759"}],"wp:attachment":[{"href":"https:\/\/e.kosmolat.eu\/lv\/wp-json\/wp\/v2\/media?parent=59693"}],"wp:term":[{"taxonomy":"product_cat","embeddable":true,"href":"https:\/\/e.kosmolat.eu\/lv\/wp-json\/wp\/v2\/product_cat?post=59693"},{"taxonomy":"product_tag","embeddable":true,"href":"https:\/\/e.kosmolat.eu\/lv\/wp-json\/wp\/v2\/product_tag?post=59693"}],"curies":[{"name":"wp","href":"https:\/\/api.w.org\/{rel}","templated":true}]}}