{"id":59685,"date":"2024-12-04T05:09:30","date_gmt":"2024-12-04T05:09:30","guid":{"rendered":"https:\/\/e.kosmolat.eu\/product\/family-doctor-dental-care-gimen-zobu-pasta-kops-katrai-dienai-250-g\/"},"modified":"2026-04-21T08:32:25","modified_gmt":"2026-04-21T08:32:25","slug":"i_family-doctor-dental-care-gimen-zobu-pasta-kops-katrai-dienai-250-g","status":"publish","type":"product","link":"https:\/\/e.kosmolat.eu\/lv\/product\/i_family-doctor-dental-care-gimen-zobu-pasta-kops-katrai-dienai-250-g\/","title":{"rendered":"I_Family Doctor Dental Care \u0122imen. zobu pasta Kop\u0161. katrai dienai, 250 g"},"content":{"rendered":"<p>\u0122imenes zobu pasta izstr\u0101d\u0101ta \u012bpa\u0161i, lai risin\u0101tu galven\u0101s zobu un mutes dobuma kop\u0161anas vajadz\u012bbas. T\u0101 nodro\u0161ina efekt\u012bvu zobu aplikuma no\u0146em\u0161anu un ilgsto\u0161u elpas svaigumu. Zobu pasta ir bag\u0101tin\u0101ta ar prebiotiku, kalciju un augu ekstraktiem \u2013 asinsz\u0101les, kumel\u012btes, za\u013c\u0101s t\u0113jas.<\/p>\n<p>Lieto\u0161ana: nelielu pastas daudzumu uzkl\u0101jiet uz zobu birstes, ar ap\u013cveida kust\u012bb\u0101m t\u012briet zobus 2-3 min\u016btes. P\u0113c zobu t\u012br\u012b\u0161anas izskalojiet mutes dobumu ar \u016bdeni. Nenor\u012bt.<\/p>\n<p>Piesardz\u012bbas pas\u0101kumi: lietot tikai saska\u0146\u0101 ar nor\u0101d\u012bjumiem. Iesp\u0113jama individu\u0101l\u0101 jut\u012bba pret atsevi\u0161\u0137\u0101m sast\u0101vda\u013c\u0101m. Uzglab\u0101t b\u0113rniem nepieejam\u0101 viet\u0101.<\/p>\n<p>Der\u012bguma termi\u0146\u0161: 24 m\u0113ne\u0161i no izgatavo\u0161anas datuma.<\/p>\n<p>Uzglab\u0101t temperat\u016br\u0101 no +5 \u00b0C l\u012bdz +25\u00b0C, sarg\u0101jot no tie\u0161iem saules stariem. Uzglab\u0101t vismaz 0,5 m att\u0101lum\u0101 no apkures ier\u012bc\u0113m.<\/p>\n","protected":false},"excerpt":{"rendered":"<p>\u0122imenes zobu pasta izstr\u0101d\u0101ta \u012bpa\u0161i, lai risin\u0101tu galven\u0101s zobu un mutes dobuma kop\u0161anas vajadz\u012bbas. T\u0101 nodro\u0161ina efekt\u012bvu zobu aplikuma no\u0146em\u0161anu un ilgsto\u0161u elpas svaigumu. Zobu pasta ir bag\u0101tin\u0101ta ar prebiotiku, kalciju un augu ekstraktiem \u2013 asinsz\u0101les, kumel\u012btes, za\u013c\u0101s t\u0113jas. Lieto\u0161ana: nelielu pastas daudzumu uzkl\u0101jiet uz zobu birstes, ar ap\u013cveida kust\u012bb\u0101m t\u012briet zobus 2-3 min\u016btes. P\u0113c [&#8230;]\n","protected":false},"featured_media":102983,"template":"","meta":[],"product_cat":[1308],"product_tag":[],"class_list":{"0":"post-59685","1":"product","2":"type-product","3":"status-publish","4":"has-post-thumbnail","6":"product_brand-aljans-krasoti_ua","7":"product_cat-dantu-pastos-ir-geliai","9":"first","10":"instock","11":"taxable","12":"shipping-taxable","13":"product-type-simple"},"_links":{"self":[{"href":"https:\/\/e.kosmolat.eu\/lv\/wp-json\/wp\/v2\/product\/59685","targetHints":{"allow":["GET"]}}],"collection":[{"href":"https:\/\/e.kosmolat.eu\/lv\/wp-json\/wp\/v2\/product"}],"about":[{"href":"https:\/\/e.kosmolat.eu\/lv\/wp-json\/wp\/v2\/types\/product"}],"wp:featuredmedia":[{"embeddable":true,"href":"https:\/\/e.kosmolat.eu\/lv\/wp-json\/wp\/v2\/media\/102983"}],"wp:attachment":[{"href":"https:\/\/e.kosmolat.eu\/lv\/wp-json\/wp\/v2\/media?parent=59685"}],"wp:term":[{"taxonomy":"product_cat","embeddable":true,"href":"https:\/\/e.kosmolat.eu\/lv\/wp-json\/wp\/v2\/product_cat?post=59685"},{"taxonomy":"product_tag","embeddable":true,"href":"https:\/\/e.kosmolat.eu\/lv\/wp-json\/wp\/v2\/product_tag?post=59685"}],"curies":[{"name":"wp","href":"https:\/\/api.w.org\/{rel}","templated":true}]}}