{"id":59677,"date":"2024-12-04T05:09:09","date_gmt":"2024-12-04T05:09:09","guid":{"rendered":"https:\/\/e.kosmolat.eu\/product\/family-doctor-zobu-pasta-ar-melno-ogli-balinoss-efekts-250-g\/"},"modified":"2026-03-19T09:56:24","modified_gmt":"2026-03-19T09:56:24","slug":"family-doctor-zobu-pasta-ar-melno-ogli-balinoss-efekts-250-g","status":"publish","type":"product","link":"https:\/\/e.kosmolat.eu\/lv\/product\/family-doctor-zobu-pasta-ar-melno-ogli-balinoss-efekts-250-g\/","title":{"rendered":"Family Doctor Zobu pasta ar melno ogli Balino\u0161s efekts, 250 g"},"content":{"rendered":"<p>Starojo\u0161s, sniegbalts smaids bez \u012bpa\u0161\u0101m p\u016bl\u0113m! Pateicoties aktiv\u0113tajai melnajai oglei, zobu pasta saudz\u012bgi no\u0146em aplikumu, ko izraisa kr\u0101sojo\u0161i dz\u0113rieni (t\u0113ja, kafija, v\u012bns). Citrons pie\u0161\u0137ir vieglu balino\u0161u efektu. Zobu pastas akt\u012bv\u0101 sast\u0101vda\u013ca** palielina zobu iztur\u012bbu pret kariesu. Regul\u0101ra lieto\u0161ana nodro\u0161ina dabisku t\u012br\u012bbu un nevainojamu elpas svaigumu. Zobu pastai ir izteikts piparm\u0113tras arom\u0101ts.<\/p>\n<p>Lieto\u0161ana: nelielu daudzumu pastas uzkl\u0101jiet uz zobu birstes, ar ap\u013cveida kust\u012bb\u0101m t\u012briet zobus 2-3 min\u016btes. P\u0113c zobu t\u012br\u012b\u0161anas izskalojiet mutes dobumu ar \u016bdeni. Nenor\u012bt.<\/p>\n<p>Piesardz\u012bbas pas\u0101kumi: lietot tikai saska\u0146\u0101 ar nor\u0101d\u012bjumiem. Iesp\u0113jama individu\u0101l\u0101 jut\u012bba pret atsevi\u0161\u0137\u0101m sast\u0101vda\u013c\u0101m. Uzglab\u0101t b\u0113rniem nepieejam\u0101 viet\u0101.<\/p>\n<p>Der\u012bguma termi\u0146\u0161: 24 m\u0113ne\u0161i no izgatavo\u0161anas datuma.<\/p>\n<p>Uzglab\u0101t temperat\u016br\u0101 no +5 \u00b0C l\u012bdz +25\u00b0C, sarg\u0101jot no tie\u0161iem saules stariem. Uzglab\u0101t vismaz 0,5 m att\u0101lum\u0101 no apkures ier\u012bc\u0113m.<\/p>\n","protected":false},"excerpt":{"rendered":"<p>Starojo\u0161s, sniegbalts smaids bez \u012bpa\u0161\u0101m p\u016bl\u0113m! Pateicoties aktiv\u0113tajai melnajai oglei, zobu pasta saudz\u012bgi no\u0146em aplikumu, ko izraisa kr\u0101sojo\u0161i dz\u0113rieni (t\u0113ja, kafija, v\u012bns). Citrons pie\u0161\u0137ir vieglu balino\u0161u efektu. Zobu pastas akt\u012bv\u0101 sast\u0101vda\u013ca** palielina zobu iztur\u012bbu pret kariesu. Regul\u0101ra lieto\u0161ana nodro\u0161ina dabisku t\u012br\u012bbu un nevainojamu elpas svaigumu. Zobu pastai ir izteikts piparm\u0113tras arom\u0101ts. Lieto\u0161ana: nelielu daudzumu pastas [&#8230;]\n","protected":false},"featured_media":100512,"template":"","meta":[],"product_cat":[1308],"product_tag":[],"class_list":{"0":"post-59677","1":"product","2":"type-product","3":"status-publish","4":"has-post-thumbnail","6":"product_brand-aljans-krasoti_ua","7":"product_cat-dantu-pastos-ir-geliai","9":"first","10":"instock","11":"taxable","12":"shipping-taxable","13":"product-type-simple"},"_links":{"self":[{"href":"https:\/\/e.kosmolat.eu\/lv\/wp-json\/wp\/v2\/product\/59677","targetHints":{"allow":["GET"]}}],"collection":[{"href":"https:\/\/e.kosmolat.eu\/lv\/wp-json\/wp\/v2\/product"}],"about":[{"href":"https:\/\/e.kosmolat.eu\/lv\/wp-json\/wp\/v2\/types\/product"}],"wp:featuredmedia":[{"embeddable":true,"href":"https:\/\/e.kosmolat.eu\/lv\/wp-json\/wp\/v2\/media\/100512"}],"wp:attachment":[{"href":"https:\/\/e.kosmolat.eu\/lv\/wp-json\/wp\/v2\/media?parent=59677"}],"wp:term":[{"taxonomy":"product_cat","embeddable":true,"href":"https:\/\/e.kosmolat.eu\/lv\/wp-json\/wp\/v2\/product_cat?post=59677"},{"taxonomy":"product_tag","embeddable":true,"href":"https:\/\/e.kosmolat.eu\/lv\/wp-json\/wp\/v2\/product_tag?post=59677"}],"curies":[{"name":"wp","href":"https:\/\/api.w.org\/{rel}","templated":true}]}}