{"id":59669,"date":"2024-12-04T05:08:47","date_gmt":"2024-12-04T05:08:47","guid":{"rendered":"https:\/\/e.kosmolat.eu\/product\/eov-parfimets-kermena-losjons-very-sexy-200-ml\/"},"modified":"2026-04-02T05:58:29","modified_gmt":"2026-04-02T05:58:29","slug":"eov-parfimets-kermena-losjons-very-sexy-200-ml","status":"publish","type":"product","link":"https:\/\/e.kosmolat.eu\/lv\/product\/eov-parfimets-kermena-losjons-very-sexy-200-ml\/","title":{"rendered":"EOV Parfim\u0113ts \u0137erme\u0146a losjons Very Sexy, 200 ml"},"content":{"rendered":"<p>Parfim\u0113ts losjons moment\u0101li uzlabos garast\u0101vokli un p\u0101rv\u0113rt\u012bs \u0101das kop\u0161anu par \u012bstu baudu. \u0100tri uzs\u016bcas un neatst\u0101j taukainu sp\u012bdumu.<br \/>\nIlgnotur\u012bgs arom\u0101ts ietver sul\u012bg\u0101 gran\u0101t\u0101bola noti, kas apvienojas ar pievilc\u012bg\u0101s peonijas tipa rozi un pikanta muskusa pieska\u0146u. Hialuronsk\u0101be efekt\u012bvi saglab\u0101 mitrumu, mitrina un nov\u0113r\u0161 \u0101das sausumu. Pantenols padara \u0101du maigu un samtainu, atjaunojot t\u0101s aizsargbarjeru.<\/p>\n<p>\u2022 Piepilda \u0101du ar mitrumu<br \/>\n\u2022 Maigums un atjauno\u0161ana<br \/>\n\u2022 Ar hialuronsk\u0101bi<br \/>\n\u2022 Ilgnotur\u012bgs arom\u0101ts<\/p>\n<p>Lieto\u0161ana: uzkl\u0101jiet losjonu uz \u0101das ar viegl\u0101m mas\u0113jo\u0161\u0101m kust\u012bb\u0101m l\u012bdz piln\u012bgai uzs\u016bk\u0161anai.<\/p>\n<p>Piesardz\u012bbas pas\u0101kumi: tikai \u0101r\u012bgai lieto\u0161anai. Ja iek\u013c\u016bst ac\u012bs, r\u016bp\u012bgi izskalojiet t\u0101s ar \u016bdeni, ja nepiecie\u0161ams, konsult\u0113jieties ar \u0101rstu.<\/p>\n<p>Br\u012bdin\u0101jums: iesp\u0113jama individu\u0101la paaugstin\u0101ta jut\u012bba pret atsevi\u0161\u0137\u0101m sast\u0101vda\u013c\u0101m. <\/p>\n<p>Uzglab\u0101t temperat\u016br\u0101 no +5 \u00b0C l\u012bdz +25\u00b0C, sarg\u0101jot no tie\u0161iem saules stariem. Uzglab\u0101t vismaz 0,5 m att\u0101lum\u0101 no apkures ier\u012bc\u0113m. <\/p>\n<p>Der\u012bguma termi\u0146\u0161: 24 m\u0113ne\u0161i no izgatavo\u0161anas datuma.<\/p>\n","protected":false},"excerpt":{"rendered":"<p>Parfim\u0113ts losjons moment\u0101li uzlabos garast\u0101vokli un p\u0101rv\u0113rt\u012bs \u0101das kop\u0161anu par \u012bstu baudu. \u0100tri uzs\u016bcas un neatst\u0101j taukainu sp\u012bdumu. Ilgnotur\u012bgs arom\u0101ts ietver sul\u012bg\u0101 gran\u0101t\u0101bola noti, kas apvienojas ar pievilc\u012bg\u0101s peonijas tipa rozi un pikanta muskusa pieska\u0146u. Hialuronsk\u0101be efekt\u012bvi saglab\u0101 mitrumu, mitrina un nov\u0113r\u0161 \u0101das sausumu. Pantenols padara \u0101du maigu un samtainu, atjaunojot t\u0101s aizsargbarjeru. \u2022 Piepilda [&#8230;]\n","protected":false},"featured_media":100881,"template":"","meta":[],"product_cat":[1999],"product_tag":[],"class_list":{"0":"post-59669","1":"product","2":"type-product","3":"status-publish","4":"has-post-thumbnail","6":"product_brand-aljans-krasoti_ua","7":"product_cat-bez-kategorijas","9":"first","10":"instock","11":"taxable","12":"shipping-taxable","13":"product-type-simple"},"_links":{"self":[{"href":"https:\/\/e.kosmolat.eu\/lv\/wp-json\/wp\/v2\/product\/59669","targetHints":{"allow":["GET"]}}],"collection":[{"href":"https:\/\/e.kosmolat.eu\/lv\/wp-json\/wp\/v2\/product"}],"about":[{"href":"https:\/\/e.kosmolat.eu\/lv\/wp-json\/wp\/v2\/types\/product"}],"wp:featuredmedia":[{"embeddable":true,"href":"https:\/\/e.kosmolat.eu\/lv\/wp-json\/wp\/v2\/media\/100881"}],"wp:attachment":[{"href":"https:\/\/e.kosmolat.eu\/lv\/wp-json\/wp\/v2\/media?parent=59669"}],"wp:term":[{"taxonomy":"product_cat","embeddable":true,"href":"https:\/\/e.kosmolat.eu\/lv\/wp-json\/wp\/v2\/product_cat?post=59669"},{"taxonomy":"product_tag","embeddable":true,"href":"https:\/\/e.kosmolat.eu\/lv\/wp-json\/wp\/v2\/product_tag?post=59669"}],"curies":[{"name":"wp","href":"https:\/\/api.w.org\/{rel}","templated":true}]}}