{"id":59653,"date":"2024-12-04T05:08:09","date_gmt":"2024-12-04T05:08:09","guid":{"rendered":"https:\/\/e.kosmolat.eu\/product\/eov-parfimets-kermena-skrubis-mirdzums-bronze-250-ml\/"},"modified":"2026-04-07T14:01:47","modified_gmt":"2026-04-07T14:01:47","slug":"eov-parfimets-kermena-skrubis-mirdzums-bronze-250-ml","status":"publish","type":"product","link":"https:\/\/e.kosmolat.eu\/lv\/product\/eov-parfimets-kermena-skrubis-mirdzums-bronze-250-ml\/","title":{"rendered":"EOV Parfim\u0113ts \u0137erme\u0146a skrubis-mirdzums Bronze, 250 ml"},"content":{"rendered":"<p>Uzd\u0101vini sev sv\u0113tku atmosf\u0113ru! Parf\u012bm\u0113ts skrubis-mirdzums ne tikai r\u016bp\u0113jas par tavu \u0137ermeni, bet ar\u012b padara \u0101du z\u012bdainu un pie\u0161\u0137ir tai vieglu mirdzumu. Formula ir bag\u0101tin\u0101ta ar v\u0113rt\u012bgo makad\u0101mijas e\u013c\u013cu, kas lieliski mitrina un baro \u0101du. Miner\u0101ls\u0101ls veicina delik\u0101tu \u0101das att\u012br\u012b\u0161anu mas\u0101\u017eas laik\u0101. Savuk\u0101rt \u0161immeris atst\u0101j uz \u0101das vieglu mirdzumu!<\/p>\n<p>Lieto\u0161ana: ar viegl\u0101m mas\u0113jo\u0161\u0101m kust\u012bb\u0101m uzkl\u0101jiet parfim\u0113tu skrubi-mirdzumu uz t\u012bras mitras \u0101das. P\u0113c tam noskalojiet ar siltu \u016bdeni.<\/p>\n<p>Piesardz\u012bbas pas\u0101kumi: tikai \u0101r\u012bgai lieto\u0161anai. Ja iek\u013c\u016bst ac\u012bs, r\u016bp\u012bgi izskalojiet t\u0101s ar \u016bdeni, ja nepiecie\u0161ams, konsult\u0113jieties ar \u0101rstu.<\/p>\n<p>Br\u012bdin\u0101jums: iesp\u0113jama individu\u0101la paaugstin\u0101ta jut\u012bba pret atsevi\u0161\u0137\u0101m sast\u0101vda\u013c\u0101m. <\/p>\n<p>Uzglab\u0101t temperat\u016br\u0101 no +5 \u00b0C l\u012bdz +25\u00b0C, sarg\u0101jot no tie\u0161iem saules stariem. Uzglab\u0101t vismaz 0,5 m att\u0101lum\u0101 no apkures ier\u012bc\u0113m. <\/p>\n<p>Der\u012bguma termi\u0146\u0161: 24 m\u0113ne\u0161i no izgatavo\u0161anas datuma.<\/p>\n","protected":false},"excerpt":{"rendered":"<p>Uzd\u0101vini sev sv\u0113tku atmosf\u0113ru! Parf\u012bm\u0113ts skrubis-mirdzums ne tikai r\u016bp\u0113jas par tavu \u0137ermeni, bet ar\u012b padara \u0101du z\u012bdainu un pie\u0161\u0137ir tai vieglu mirdzumu. Formula ir bag\u0101tin\u0101ta ar v\u0113rt\u012bgo makad\u0101mijas e\u013c\u013cu, kas lieliski mitrina un baro \u0101du. Miner\u0101ls\u0101ls veicina delik\u0101tu \u0101das att\u012br\u012b\u0161anu mas\u0101\u017eas laik\u0101. Savuk\u0101rt \u0161immeris atst\u0101j uz \u0101das vieglu mirdzumu! Lieto\u0161ana: ar viegl\u0101m mas\u0113jo\u0161\u0101m kust\u012bb\u0101m uzkl\u0101jiet [&#8230;]\n","protected":false},"featured_media":100556,"template":"","meta":[],"product_cat":[1360],"product_tag":[],"class_list":{"0":"post-59653","1":"product","2":"type-product","3":"status-publish","4":"has-post-thumbnail","6":"product_brand-aljans-krasoti_ua","7":"product_cat-1360","9":"first","10":"instock","11":"taxable","12":"shipping-taxable","13":"product-type-simple"},"_links":{"self":[{"href":"https:\/\/e.kosmolat.eu\/lv\/wp-json\/wp\/v2\/product\/59653","targetHints":{"allow":["GET"]}}],"collection":[{"href":"https:\/\/e.kosmolat.eu\/lv\/wp-json\/wp\/v2\/product"}],"about":[{"href":"https:\/\/e.kosmolat.eu\/lv\/wp-json\/wp\/v2\/types\/product"}],"wp:featuredmedia":[{"embeddable":true,"href":"https:\/\/e.kosmolat.eu\/lv\/wp-json\/wp\/v2\/media\/100556"}],"wp:attachment":[{"href":"https:\/\/e.kosmolat.eu\/lv\/wp-json\/wp\/v2\/media?parent=59653"}],"wp:term":[{"taxonomy":"product_cat","embeddable":true,"href":"https:\/\/e.kosmolat.eu\/lv\/wp-json\/wp\/v2\/product_cat?post=59653"},{"taxonomy":"product_tag","embeddable":true,"href":"https:\/\/e.kosmolat.eu\/lv\/wp-json\/wp\/v2\/product_tag?post=59653"}],"curies":[{"name":"wp","href":"https:\/\/api.w.org\/{rel}","templated":true}]}}