{"id":59637,"date":"2024-12-04T05:07:33","date_gmt":"2024-12-04T05:07:33","guid":{"rendered":"https:\/\/e.kosmolat.eu\/product\/viva-oliva-atves-balz-nogurus-kajam-ar-olivellu-un-piparmetr-ellu-275-ml\/"},"modified":"2026-04-22T10:26:19","modified_gmt":"2026-04-22T10:26:19","slug":"viva-oliva-atves-balz-nogurus-kajam-ar-olivellu-un-piparmetr-ellu-275-ml","status":"publish","type":"product","link":"https:\/\/e.kosmolat.eu\/lv\/product\/viva-oliva-atves-balz-nogurus-kajam-ar-olivellu-un-piparmetr-ellu-275-ml\/","title":{"rendered":"Viva Oliva Atv\u0113s. balz. noguru\u0161. k\u0101j\u0101m ar ol\u012bve\u013clu un piparmetr. e\u013clu, 275 ml"},"content":{"rendered":"<p>Atv\u0113sino\u0161s balzams, kas paredz\u0113ts noguruma un smaguma saj\u016btas mazin\u0101\u0161anai k\u0101j\u0101s. Ol\u012bve\u013c\u013ca mitrina un baro k\u0101ju \u0101du. Piparm\u0113tra un mentols sniedz atsvaidzino\u0161u un toniz\u0113jo\u0161u efektu, pal\u012bdzot mazin\u0101t nogurumu k\u0101j\u0101s.<\/p>\n<p>Lieto\u0161ana: ar mas\u0113jo\u0161\u0101m kust\u012bb\u0101m uzkl\u0101jiet balzamu uz t\u012bras k\u0101ju \u0101das.<\/p>\n<p>Piesardz\u012bbas pas\u0101kumi: tikai \u0101r\u012bgai lieto\u0161anai. Ja iek\u013c\u016bst ac\u012bs, r\u016bp\u012bgi izskalojiet t\u0101s ar \u016bdeni, ja nepiecie\u0161ams, konsult\u0113jieties ar \u0101rstu.<\/p>\n<p>Br\u012bdin\u0101jums: iesp\u0113jama individu\u0101la paaugstin\u0101ta jut\u012bba pret atsevi\u0161\u0137\u0101m sast\u0101vda\u013c\u0101m. <\/p>\n<p>Der\u012bguma termi\u0146\u0161: 24 m\u0113ne\u0161i no izgatavo\u0161anas datuma.<br \/>\nUzglab\u0101t temperat\u016br\u0101 no +5 \u00b0C l\u012bdz +25\u00b0C, sarg\u0101jot no tie\u0161iem saules stariem. Uzglab\u0101t vismaz 0,5 m att\u0101lum\u0101 no apkures ier\u012bc\u0113m.<\/p>\n","protected":false},"excerpt":{"rendered":"<p>Atv\u0113sino\u0161s balzams, kas paredz\u0113ts noguruma un smaguma saj\u016btas mazin\u0101\u0161anai k\u0101j\u0101s. Ol\u012bve\u013c\u013ca mitrina un baro k\u0101ju \u0101du. Piparm\u0113tra un mentols sniedz atsvaidzino\u0161u un toniz\u0113jo\u0161u efektu, pal\u012bdzot mazin\u0101t nogurumu k\u0101j\u0101s. Lieto\u0161ana: ar mas\u0113jo\u0161\u0101m kust\u012bb\u0101m uzkl\u0101jiet balzamu uz t\u012bras k\u0101ju \u0101das. Piesardz\u012bbas pas\u0101kumi: tikai \u0101r\u012bgai lieto\u0161anai. Ja iek\u013c\u016bst ac\u012bs, r\u016bp\u012bgi izskalojiet t\u0101s ar \u016bdeni, ja nepiecie\u0161ams, konsult\u0113jieties ar [&#8230;]\n","protected":false},"featured_media":99401,"template":"","meta":[],"product_cat":[2181],"product_tag":[],"class_list":{"0":"post-59637","1":"product","2":"type-product","3":"status-publish","4":"has-post-thumbnail","6":"product_brand-aljans-krasoti_ua","7":"product_cat-bez-kategorijas-lt","9":"first","10":"instock","11":"taxable","12":"shipping-taxable","13":"product-type-simple"},"_links":{"self":[{"href":"https:\/\/e.kosmolat.eu\/lv\/wp-json\/wp\/v2\/product\/59637","targetHints":{"allow":["GET"]}}],"collection":[{"href":"https:\/\/e.kosmolat.eu\/lv\/wp-json\/wp\/v2\/product"}],"about":[{"href":"https:\/\/e.kosmolat.eu\/lv\/wp-json\/wp\/v2\/types\/product"}],"wp:featuredmedia":[{"embeddable":true,"href":"https:\/\/e.kosmolat.eu\/lv\/wp-json\/wp\/v2\/media\/99401"}],"wp:attachment":[{"href":"https:\/\/e.kosmolat.eu\/lv\/wp-json\/wp\/v2\/media?parent=59637"}],"wp:term":[{"taxonomy":"product_cat","embeddable":true,"href":"https:\/\/e.kosmolat.eu\/lv\/wp-json\/wp\/v2\/product_cat?post=59637"},{"taxonomy":"product_tag","embeddable":true,"href":"https:\/\/e.kosmolat.eu\/lv\/wp-json\/wp\/v2\/product_tag?post=59637"}],"curies":[{"name":"wp","href":"https:\/\/api.w.org\/{rel}","templated":true}]}}