{"id":59629,"date":"2024-12-04T05:07:15","date_gmt":"2024-12-04T05:07:15","guid":{"rendered":"https:\/\/e.kosmolat.eu\/product\/lady-wow-anti-age-liftactiv-serums-multikorektors-acu-kontrai-5-ml\/"},"modified":"2026-04-09T13:39:09","modified_gmt":"2026-04-09T13:39:09","slug":"i_lady-wow-anti-age-liftactiv-serums-multikorektors-acu-konturai-5-ml","status":"publish","type":"product","link":"https:\/\/e.kosmolat.eu\/lv\/product\/i_lady-wow-anti-age-liftactiv-serums-multikorektors-acu-konturai-5-ml\/","title":{"rendered":"I_Lady Wow Anti Age Liftactiv Serums-multikorektors acu kont\u016brai, 5 ml"},"content":{"rendered":"<p>Serums-multikorektors \u0101dai ap ac\u012bm ANTI AGE LIFTACTIV \u2014 profesion\u0101ls ampulu l\u012bdzeklis, ko izstr\u0101d\u0101ju\u0161i LADY WOW eksperti, izmantojot zin\u0101tnisko pieeju c\u012b\u0146ai ar redzamaj\u0101m noveco\u0161an\u0101s paz\u012bm\u0113m un \u0101das elast\u012bbas uzlabo\u0161anai ap ac\u012bm. L\u012bdzek\u013ca sp\u0113c\u012bg\u0101 iedarb\u012bba ir nodro\u0161in\u0101ta ar noveco\u0161anos kav\u0113jo\u0161u pept\u012bdu kompleksu\u00b9 un hialuronsk\u0101bi sast\u0101v\u0101. Met\u0101la rull\u012btis lieliski atv\u0113sina, uzlabo mikrocirkul\u0101ciju mas\u0101\u017eas laik\u0101 un toniz\u0113 \u0101du ap ac\u012bm.<\/p>\n<p>Lieto\u0161ana: atveriet rull\u012b\u0161a ampulu un vair\u0101kas reizes nospiediet t\u0101s apak\u0161da\u013cu. P\u0113c tam, izmantojot vienm\u0113r\u012bgas, mas\u0113jo\u0161as kust\u012bbas, uzkl\u0101jiet serumu uz att\u012br\u012btas \u0101das ap ac\u012bm, virzoties no iek\u0161\u0113j\u0101 st\u016br\u012b\u0161a uz \u0101r\u0113jo. Ieteicams lietot katru dienu, no r\u012bta un vakar\u0101.<\/p>\n<p>Piesardz\u012bbas pas\u0101kumi: tikai \u0101r\u012bgai lieto\u0161anai. Ja iek\u013c\u016bst ac\u012bs, r\u016bp\u012bgi izskalojiet t\u0101s ar \u016bdeni, ja nepiecie\u0161ams, konsult\u0113jieties ar \u0101rstu.<\/p>\n<p>Br\u012bdin\u0101jums: iesp\u0113jama individu\u0101la paaugstin\u0101ta jut\u012bba pret atsevi\u0161\u0137\u0101m sast\u0101vda\u013c\u0101m. Satur A vitam\u012bnu. L\u016bgums pirms lieto\u0161anas p\u0101rdom\u0101t savu dienas devu.<\/p>\n<p>Uzglab\u0101t temperat\u016br\u0101 no +5 \u00b0C l\u012bdz +25\u00b0C, sarg\u0101jot no tie\u0161iem saules stariem. Uzglab\u0101t vismaz 0,5 m att\u0101lum\u0101 no apkures ier\u012bc\u0113m. <\/p>\n<p>Der\u012bguma termi\u0146\u0161: 24 m\u0113ne\u0161i no izgatavo\u0161anas datuma.<\/p>\n","protected":false},"excerpt":{"rendered":"<p>Serums-multikorektors \u0101dai ap ac\u012bm ANTI AGE LIFTACTIV \u2014 profesion\u0101ls ampulu l\u012bdzeklis, ko izstr\u0101d\u0101ju\u0161i LADY WOW eksperti, izmantojot zin\u0101tnisko pieeju c\u012b\u0146ai ar redzamaj\u0101m noveco\u0161an\u0101s paz\u012bm\u0113m un \u0101das elast\u012bbas uzlabo\u0161anai ap ac\u012bm. L\u012bdzek\u013ca sp\u0113c\u012bg\u0101 iedarb\u012bba ir nodro\u0161in\u0101ta ar noveco\u0161anos kav\u0113jo\u0161u pept\u012bdu kompleksu\u00b9 un hialuronsk\u0101bi sast\u0101v\u0101. Met\u0101la rull\u012btis lieliski atv\u0113sina, uzlabo mikrocirkul\u0101ciju mas\u0101\u017eas laik\u0101 un toniz\u0113 \u0101du ap [&#8230;]\n","protected":false},"featured_media":101562,"template":"","meta":[],"product_cat":[1590],"product_tag":[],"class_list":{"0":"post-59629","1":"product","2":"type-product","3":"status-publish","4":"has-post-thumbnail","6":"product_brand-aljans-krasoti_ua","7":"product_cat-paakiu-kremai","9":"first","10":"instock","11":"taxable","12":"shipping-taxable","13":"product-type-simple"},"_links":{"self":[{"href":"https:\/\/e.kosmolat.eu\/lv\/wp-json\/wp\/v2\/product\/59629","targetHints":{"allow":["GET"]}}],"collection":[{"href":"https:\/\/e.kosmolat.eu\/lv\/wp-json\/wp\/v2\/product"}],"about":[{"href":"https:\/\/e.kosmolat.eu\/lv\/wp-json\/wp\/v2\/types\/product"}],"wp:featuredmedia":[{"embeddable":true,"href":"https:\/\/e.kosmolat.eu\/lv\/wp-json\/wp\/v2\/media\/101562"}],"wp:attachment":[{"href":"https:\/\/e.kosmolat.eu\/lv\/wp-json\/wp\/v2\/media?parent=59629"}],"wp:term":[{"taxonomy":"product_cat","embeddable":true,"href":"https:\/\/e.kosmolat.eu\/lv\/wp-json\/wp\/v2\/product_cat?post=59629"},{"taxonomy":"product_tag","embeddable":true,"href":"https:\/\/e.kosmolat.eu\/lv\/wp-json\/wp\/v2\/product_tag?post=59629"}],"curies":[{"name":"wp","href":"https:\/\/api.w.org\/{rel}","templated":true}]}}