{"id":59613,"date":"2024-12-04T05:06:38","date_gmt":"2024-12-04T05:06:38","guid":{"rendered":"https:\/\/e.kosmolat.eu\/product\/lady-wow-vitalift-premium-sejas-serums-fillers-7-x-2-ml\/"},"modified":"2026-04-04T05:47:00","modified_gmt":"2026-04-04T05:47:00","slug":"lady-wow-vitalift-premium-sejas-serums-fillers-7-x-2-ml","status":"publish","type":"product","link":"https:\/\/e.kosmolat.eu\/lv\/product\/lady-wow-vitalift-premium-sejas-serums-fillers-7-x-2-ml\/","title":{"rendered":"Lady Wow Vitalift Premium Sejas serums-fillers, 7 x 2 ml"},"content":{"rendered":"<p>Saules ultraviolet\u0101 starojuma kait\u012bg\u0101s iedarb\u012bbas ietekm\u0113 \u0101da k\u013c\u016bst \u013cengana, sausa un ieg\u016bst pigment\u0101ciju. Sejas serums VITALIFT PREMIUM \u2014 profesion\u0101ls skaistumkop\u0161anas l\u012bdzeklis no LADY WOW\u00ae ekspertiem ar zin\u0101tnisku pieeju \u0101das izgaismo\u0161anai un mitrin\u0101\u0161anai, c\u012b\u0146ai ar pigmenta plankumiem un grumb\u0101m. Sp\u0113c\u012bg\u0101 l\u012bdzek\u013ca iedarb\u012bba ir nodro\u0161in\u0101ta ar C vitam\u012bnu, kas ir antioksidants, noveco\u0161an\u0101s kav\u0113jo\u0161o pept\u012bdu kompleksu un hialuronsk\u0101bi sast\u0101v\u0101.<\/p>\n<p>\u25cf Samazina pigmenta plankumus;<br \/>\n\u25cf Veicina kolag\u0113na sint\u0113zi;<br \/>\n\u25cf Izgaismo un izl\u012bdzina \u0101das toni;<br \/>\n\u25cf Aizsarg\u0101 \u0101du no UV staru boj\u0101jumiem;<br \/>\n\u25cf Hialuronsk\u0101be veido uz \u0101das neredzamu pl\u0113vi un notur mitrumu t\u0101s virsm\u0101, nodro\u0161inot intens\u012bvu mitrin\u0101\u0161anu;<br \/>\n\u25cf Pept\u012bdi uzlabo \u0101das elast\u012bbu un veicina grumbu samazin\u0101\u0161anos.<\/p>\n<p>Lieto\u0161ana: sagatavojiet \u0101du seruma uzkl\u0101\u0161anai. Att\u012briet \u0101du ar savu ikdienas sejas mazg\u0101\u0161anas l\u012bdzekli. No\u0146emiet v\u0101ci\u0146u un ar mas\u0113jo\u0161\u0101m kust\u012bb\u0101m vienm\u0113r\u012bgi uzkl\u0101jiet nelielu seruma daudzumu uz att\u012br\u012btas sejas un kakla \u0101das, izvairoties no acu zonas. \u013baujiet uzs\u016bkties. P\u0113c 10-15 min\u016bt\u0113m var uzkl\u0101t kr\u0113mu vai grimu. Ieteicams lietot divas reizes dien\u0101.<\/p>\n<p>Piesardz\u012bbas pas\u0101kumi: tikai \u0101r\u012bgai lieto\u0161anai. Ja iek\u013c\u016bst ac\u012bs, r\u016bp\u012bgi izskalojiet t\u0101s ar \u016bdeni, ja nepiecie\u0161ams, konsult\u0113jieties ar \u0101rstu.<\/p>\n<p>Br\u012bdin\u0101jums: iesp\u0113jama individu\u0101la paaugstin\u0101ta jut\u012bba pret atsevi\u0161\u0137\u0101m sast\u0101vda\u013c\u0101m. <\/p>\n<p>Uzglab\u0101t temperat\u016br\u0101 no +5 \u00b0C l\u012bdz +25\u00b0C, sarg\u0101jot no tie\u0161iem saules stariem. Uzglab\u0101t vismaz 0,5 m att\u0101lum\u0101 no apkures ier\u012bc\u0113m. <\/p>\n<p>Der\u012bguma termi\u0146\u0161: 24 m\u0113ne\u0161i no izgatavo\u0161anas datuma.<\/p>\n","protected":false},"excerpt":{"rendered":"<p>Saules ultraviolet\u0101 starojuma kait\u012bg\u0101s iedarb\u012bbas ietekm\u0113 \u0101da k\u013c\u016bst \u013cengana, sausa un ieg\u016bst pigment\u0101ciju. Sejas serums VITALIFT PREMIUM \u2014 profesion\u0101ls skaistumkop\u0161anas l\u012bdzeklis no LADY WOW\u00ae ekspertiem ar zin\u0101tnisku pieeju \u0101das izgaismo\u0161anai un mitrin\u0101\u0161anai, c\u012b\u0146ai ar pigmenta plankumiem un grumb\u0101m. Sp\u0113c\u012bg\u0101 l\u012bdzek\u013ca iedarb\u012bba ir nodro\u0161in\u0101ta ar C vitam\u012bnu, kas ir antioksidants, noveco\u0161an\u0101s kav\u0113jo\u0161o pept\u012bdu kompleksu un hialuronsk\u0101bi [&#8230;]\n","protected":false},"featured_media":99389,"template":"","meta":[],"product_cat":[2181],"product_tag":[],"class_list":{"0":"post-59613","1":"product","2":"type-product","3":"status-publish","4":"has-post-thumbnail","6":"product_brand-aljans-krasoti_ua","7":"product_cat-bez-kategorijas-lt","9":"first","10":"instock","11":"taxable","12":"shipping-taxable","13":"product-type-simple"},"_links":{"self":[{"href":"https:\/\/e.kosmolat.eu\/lv\/wp-json\/wp\/v2\/product\/59613","targetHints":{"allow":["GET"]}}],"collection":[{"href":"https:\/\/e.kosmolat.eu\/lv\/wp-json\/wp\/v2\/product"}],"about":[{"href":"https:\/\/e.kosmolat.eu\/lv\/wp-json\/wp\/v2\/types\/product"}],"wp:featuredmedia":[{"embeddable":true,"href":"https:\/\/e.kosmolat.eu\/lv\/wp-json\/wp\/v2\/media\/99389"}],"wp:attachment":[{"href":"https:\/\/e.kosmolat.eu\/lv\/wp-json\/wp\/v2\/media?parent=59613"}],"wp:term":[{"taxonomy":"product_cat","embeddable":true,"href":"https:\/\/e.kosmolat.eu\/lv\/wp-json\/wp\/v2\/product_cat?post=59613"},{"taxonomy":"product_tag","embeddable":true,"href":"https:\/\/e.kosmolat.eu\/lv\/wp-json\/wp\/v2\/product_tag?post=59613"}],"curies":[{"name":"wp","href":"https:\/\/api.w.org\/{rel}","templated":true}]}}