{"id":59597,"date":"2024-12-04T05:06:04","date_gmt":"2024-12-04T05:06:04","guid":{"rendered":"https:\/\/e.kosmolat.eu\/product\/lady-wow-hydragenist-sejas-serums-fillers-7-x-2-ml\/"},"modified":"2026-04-20T12:34:55","modified_gmt":"2026-04-20T12:34:55","slug":"lady-wow-hydragenist-sejas-serums-fillers-7-x-2-ml","status":"publish","type":"product","link":"https:\/\/e.kosmolat.eu\/lv\/product\/lady-wow-hydragenist-sejas-serums-fillers-7-x-2-ml\/","title":{"rendered":"Lady Wow Hydragenist Sejas serums-fillers, 7 x 2 ml"},"content":{"rendered":"<p>Sejas serums HYDRAGENIST \u2014 profesion\u0101ls skaistumkop\u0161anas l\u012bdzeklis no LADY WOW\u00ae ekspertiem ar zin\u0101tnisku pieeju dzi\u013cai mitrin\u0101\u0161anai un sausas, dehidr\u0113tas \u0101das st\u0101vok\u013ca uzlabo\u0161anai. Serumam ir viegla tekst\u016bra, tas neatst\u0101j taukainu sp\u012bdumu un lip\u012bgu pl\u0113vi.<\/p>\n<p>\u25cf Mitrin\u0101\u0161ana l\u012bdz 72 stund\u0101m;<br \/>\n\u25cf Aizsargbarjeras stiprin\u0101\u0161ana;<br \/>\n\u25cf Samazina \u0101das sausumu par 20%;<br \/>\n\u25cf Hialuronsk\u0101be veido uz \u0101das neredzamu pl\u0113vi un notur mitrumu \u0101das virsm\u0101, nodro\u0161inot intens\u012bvu mitrin\u0101\u0161anu.<\/p>\n<p>Lieto\u0161ana: sagatavojiet \u0101du seruma uzkl\u0101\u0161anai. Att\u012briet \u0101du ar savu ikdienas sejas mazg\u0101\u0161anas l\u012bdzekli. No\u0146emiet v\u0101ci\u0146u un ar mas\u0113jo\u0161\u0101m kust\u012bb\u0101m vienm\u0113r\u012bgi uzkl\u0101jiet nelielu seruma daudzumu uz att\u012br\u012btas sejas un kakla \u0101das, izvairoties no acu zonas. \u013baujiet uzs\u016bkties. P\u0113c 10-15 min\u016bt\u0113m var uzkl\u0101t kr\u0113mu vai grimu. Ieteicams lietot divas reizes dien\u0101.<\/p>\n<p>Piesardz\u012bbas pas\u0101kumi: tikai \u0101r\u012bgai lieto\u0161anai. Ja iek\u013c\u016bst ac\u012bs, r\u016bp\u012bgi izskalojiet t\u0101s ar \u016bdeni, ja nepiecie\u0161ams, konsult\u0113jieties ar \u0101rstu.<\/p>\n<p>Br\u012bdin\u0101jums: iesp\u0113jama individu\u0101la paaugstin\u0101ta jut\u012bba pret atsevi\u0161\u0137\u0101m sast\u0101vda\u013c\u0101m. <\/p>\n<p>Uzglab\u0101t temperat\u016br\u0101 no +5 \u00b0C l\u012bdz +25\u00b0C, sarg\u0101jot no tie\u0161iem saules stariem. Uzglab\u0101t vismaz 0,5 m att\u0101lum\u0101 no apkures ier\u012bc\u0113m. <\/p>\n<p>Der\u012bguma termi\u0146\u0161: 24 m\u0113ne\u0161i no izgatavo\u0161anas datuma.<\/p>\n","protected":false},"excerpt":{"rendered":"<p>Sejas serums HYDRAGENIST \u2014 profesion\u0101ls skaistumkop\u0161anas l\u012bdzeklis no LADY WOW\u00ae ekspertiem ar zin\u0101tnisku pieeju dzi\u013cai mitrin\u0101\u0161anai un sausas, dehidr\u0113tas \u0101das st\u0101vok\u013ca uzlabo\u0161anai. Serumam ir viegla tekst\u016bra, tas neatst\u0101j taukainu sp\u012bdumu un lip\u012bgu pl\u0113vi. \u25cf Mitrin\u0101\u0161ana l\u012bdz 72 stund\u0101m; \u25cf Aizsargbarjeras stiprin\u0101\u0161ana; \u25cf Samazina \u0101das sausumu par 20%; \u25cf Hialuronsk\u0101be veido uz \u0101das neredzamu pl\u0113vi un [&#8230;]\n","protected":false},"featured_media":99678,"template":"","meta":[],"product_cat":[1325],"product_tag":[],"class_list":{"0":"post-59597","1":"product","2":"type-product","3":"status-publish","4":"has-post-thumbnail","6":"product_brand-aljans-krasoti_ua","7":"product_cat-serumi","9":"first","10":"instock","11":"taxable","12":"shipping-taxable","13":"product-type-simple"},"_links":{"self":[{"href":"https:\/\/e.kosmolat.eu\/lv\/wp-json\/wp\/v2\/product\/59597","targetHints":{"allow":["GET"]}}],"collection":[{"href":"https:\/\/e.kosmolat.eu\/lv\/wp-json\/wp\/v2\/product"}],"about":[{"href":"https:\/\/e.kosmolat.eu\/lv\/wp-json\/wp\/v2\/types\/product"}],"wp:featuredmedia":[{"embeddable":true,"href":"https:\/\/e.kosmolat.eu\/lv\/wp-json\/wp\/v2\/media\/99678"}],"wp:attachment":[{"href":"https:\/\/e.kosmolat.eu\/lv\/wp-json\/wp\/v2\/media?parent=59597"}],"wp:term":[{"taxonomy":"product_cat","embeddable":true,"href":"https:\/\/e.kosmolat.eu\/lv\/wp-json\/wp\/v2\/product_cat?post=59597"},{"taxonomy":"product_tag","embeddable":true,"href":"https:\/\/e.kosmolat.eu\/lv\/wp-json\/wp\/v2\/product_tag?post=59597"}],"curies":[{"name":"wp","href":"https:\/\/api.w.org\/{rel}","templated":true}]}}