{"id":59589,"date":"2024-12-04T05:05:41","date_gmt":"2024-12-04T05:05:41","guid":{"rendered":"https:\/\/e.kosmolat.eu\/product\/lady-wow-thermo-keratin-matu-sprejs-ar-termoaizsardz-200-ml\/"},"modified":"2026-04-22T13:19:21","modified_gmt":"2026-04-22T13:19:21","slug":"lady-wow-thermo-keratin-matu-sprejs-ar-termoaizsardz-200-ml","status":"publish","type":"product","link":"https:\/\/e.kosmolat.eu\/lv\/product\/lady-wow-thermo-keratin-matu-sprejs-ar-termoaizsardz-200-ml\/","title":{"rendered":"Lady Wow Thermo Keratin Matu sprejs ar termoaizsardz., 200 ml"},"content":{"rendered":"<p>Izsmidzin\u0101ms l\u012bdzeklis izstr\u0101d\u0101ts, lai dro\u0161i aizsarg\u0101tu matus no karstu matu veido\u0161anas ier\u012b\u010du ietekmes. Pateicoties kerat\u012bnam, z\u012bdam un kvie\u0161u prote\u012bniem, l\u012bdzeklis pasarg\u0101 matus no boj\u0101jumiem, bag\u0101tina tos ar kerat\u012bnu, nodro\u0161ina nepiecie\u0161amo mitrin\u0101\u0161anu un pie\u0161\u0137ir dabisku sp\u012bdumu.<\/p>\n<p>\u25cf Aizsarg\u0101 pret karstu gaisu un augstu matu veido\u0161anas ier\u012b\u010du temperat\u016bru;<br \/>\n\u25cf Palielina matu iztur\u012bbu pret boj\u0101jumiem;<br \/>\n\u25cf Nodro\u0161ina intens\u012bvu kerat\u012bna baro\u0161anu;<br \/>\n\u25cf Izl\u012bdzina matus un rada lamin\u0113\u0161anas efektu;<br \/>\n\u25cf Veicina boj\u0101to matu atjauno\u0161anu;<br \/>\n\u25cf Saglab\u0101 matu dabisko sp\u012bdumu;<br \/>\n\u25cf Nesamazina matu apjomu un nesalipina \u0161\u0137ipsnas;<br \/>\n\u25cf Nav j\u0101noskalo.<\/p>\n<p>Lieto\u0161ana: vienm\u0113r\u012bgi izsmidziniet nelielu daudzumu l\u012bdzek\u013ca apm\u0113ram 20 cm att\u0101lum\u0101 uz mitriem vai sausiem matiem. P\u0113c tam veiciet matu ieveido\u0161anu ar f\u0113nu vai jebkuru citu ier\u012bci. NAV J\u0100NOSKALO.<\/p>\n<p>Piesardz\u012bbas pas\u0101kumi: tikai \u0101r\u012bgai lieto\u0161anai. Ja iek\u013c\u016bst ac\u012bs, r\u016bp\u012bgi izskalojiet t\u0101s ar \u016bdeni, ja nepiecie\u0161ams, konsult\u0113jieties ar \u0101rstu.<\/p>\n<p>Br\u012bdin\u0101jums: iesp\u0113jama individu\u0101la paaugstin\u0101ta jut\u012bba pret atsevi\u0161\u0137\u0101m sast\u0101vda\u013c\u0101m. <\/p>\n<p>Uzglab\u0101t temperat\u016br\u0101 no +5 \u00b0C l\u012bdz +25\u00b0C, sarg\u0101jot no tie\u0161iem saules stariem. Uzglab\u0101t vismaz 0,5 m att\u0101lum\u0101 no apkures ier\u012bc\u0113m. <\/p>\n<p>Der\u012bguma termi\u0146\u0161: 24 m\u0113ne\u0161i no izgatavo\u0161anas datuma.<\/p>\n","protected":false},"excerpt":{"rendered":"<p>Izsmidzin\u0101ms l\u012bdzeklis izstr\u0101d\u0101ts, lai dro\u0161i aizsarg\u0101tu matus no karstu matu veido\u0161anas ier\u012b\u010du ietekmes. Pateicoties kerat\u012bnam, z\u012bdam un kvie\u0161u prote\u012bniem, l\u012bdzeklis pasarg\u0101 matus no boj\u0101jumiem, bag\u0101tina tos ar kerat\u012bnu, nodro\u0161ina nepiecie\u0161amo mitrin\u0101\u0161anu un pie\u0161\u0137ir dabisku sp\u012bdumu. \u25cf Aizsarg\u0101 pret karstu gaisu un augstu matu veido\u0161anas ier\u012b\u010du temperat\u016bru; \u25cf Palielina matu iztur\u012bbu pret boj\u0101jumiem; \u25cf Nodro\u0161ina intens\u012bvu [&#8230;]\n","protected":false},"featured_media":99674,"template":"","meta":[],"product_cat":[1999],"product_tag":[],"class_list":{"0":"post-59589","1":"product","2":"type-product","3":"status-publish","4":"has-post-thumbnail","6":"product_brand-aljans-krasoti_ua","7":"product_cat-bez-kategorijas","9":"first","10":"instock","11":"taxable","12":"shipping-taxable","13":"product-type-simple"},"_links":{"self":[{"href":"https:\/\/e.kosmolat.eu\/lv\/wp-json\/wp\/v2\/product\/59589","targetHints":{"allow":["GET"]}}],"collection":[{"href":"https:\/\/e.kosmolat.eu\/lv\/wp-json\/wp\/v2\/product"}],"about":[{"href":"https:\/\/e.kosmolat.eu\/lv\/wp-json\/wp\/v2\/types\/product"}],"wp:featuredmedia":[{"embeddable":true,"href":"https:\/\/e.kosmolat.eu\/lv\/wp-json\/wp\/v2\/media\/99674"}],"wp:attachment":[{"href":"https:\/\/e.kosmolat.eu\/lv\/wp-json\/wp\/v2\/media?parent=59589"}],"wp:term":[{"taxonomy":"product_cat","embeddable":true,"href":"https:\/\/e.kosmolat.eu\/lv\/wp-json\/wp\/v2\/product_cat?post=59589"},{"taxonomy":"product_tag","embeddable":true,"href":"https:\/\/e.kosmolat.eu\/lv\/wp-json\/wp\/v2\/product_tag?post=59589"}],"curies":[{"name":"wp","href":"https:\/\/api.w.org\/{rel}","templated":true}]}}