{"id":59581,"date":"2024-12-04T05:04:44","date_gmt":"2024-12-04T05:04:44","guid":{"rendered":"https:\/\/e.kosmolat.eu\/product\/vc-skidras-kremziepes-juras-minerali-300-ml\/"},"modified":"2026-04-23T11:29:34","modified_gmt":"2026-04-23T11:29:34","slug":"vc-skidras-kremziepes-juras-minerali-300-ml","status":"publish","type":"product","link":"https:\/\/e.kosmolat.eu\/lv\/product\/vc-skidras-kremziepes-juras-minerali-300-ml\/","title":{"rendered":"VC \u0160\u0137idr\u0101s kr\u0113mziepes J\u016bras miner\u0101li, 300 ml"},"content":{"rendered":"<p>J\u016bsu piln\u012bbas nosl\u0113pums!<br \/>\nMaiga kop\u0161anas formula.<\/p>\n<p>\u0160\u0137idr\u0101s kr\u0113mziepes ar neticami svaigu arom\u0101tu. Pateicoties maig\u0101m sast\u0101vda\u013c\u0101m, ziepes saudz\u012bgi att\u012bra \u0101du, padarot to skaistu un elast\u012bgu. Sast\u0101v\u0101 ir j\u016bras a\u013c\u0123u ekstrakts, kas pal\u012bdz atjaunot \u0101du.<\/p>\n<p>Lieto\u0161ana: nospiediet dozatoru, uzkl\u0101jiet da\u017eus ziepju pilienus uz mitras \u0101das, saputojiet un p\u0113c tam noskalojiet ar \u016bdeni.<\/p>\n<p>Uzglab\u0101\u0161anas noteikumi: uzglab\u0101t cie\u0161i nosl\u0113gt\u0101 ra\u017eot\u0101ja iepakojum\u0101 temperat\u016br\u0101 no +5 \u00b0C l\u012bdz +30 \u00b0C un relat\u012bvaj\u0101 gaisa mitrum\u0101, kas nep\u0101rsniedz 75 %, vismaz 1 m att\u0101lum\u0101 no sildo\u0161\u0101m ier\u012bc\u0113m, izvairoties no tie\u0161iem saules stariem.<\/p>\n<p>Piesardz\u012bbas pas\u0101kumi: lietot, k\u0101 nor\u0101d\u012bts. Sarg\u0101t no b\u0113rniem.<\/p>\n<p>Der\u012bguma termi\u0146\u0161: 30 m\u0113ne\u0161i no izgatavo\u0161anas datuma.<\/p>\n","protected":false},"excerpt":{"rendered":"<p>J\u016bsu piln\u012bbas nosl\u0113pums! Maiga kop\u0161anas formula. \u0160\u0137idr\u0101s kr\u0113mziepes ar neticami svaigu arom\u0101tu. Pateicoties maig\u0101m sast\u0101vda\u013c\u0101m, ziepes saudz\u012bgi att\u012bra \u0101du, padarot to skaistu un elast\u012bgu. Sast\u0101v\u0101 ir j\u016bras a\u013c\u0123u ekstrakts, kas pal\u012bdz atjaunot \u0101du. Lieto\u0161ana: nospiediet dozatoru, uzkl\u0101jiet da\u017eus ziepju pilienus uz mitras \u0101das, saputojiet un p\u0113c tam noskalojiet ar \u016bdeni. Uzglab\u0101\u0161anas noteikumi: uzglab\u0101t cie\u0161i nosl\u0113gt\u0101 [&#8230;]\n","protected":false},"featured_media":99808,"template":"","meta":[],"product_cat":[1748],"product_tag":[],"class_list":{"0":"post-59581","1":"product","2":"type-product","3":"status-publish","4":"has-post-thumbnail","6":"product_brand-aqua-cosmetics_ua","7":"product_cat-skystas-muilas","9":"first","10":"instock","11":"taxable","12":"shipping-taxable","13":"product-type-simple"},"_links":{"self":[{"href":"https:\/\/e.kosmolat.eu\/lv\/wp-json\/wp\/v2\/product\/59581","targetHints":{"allow":["GET"]}}],"collection":[{"href":"https:\/\/e.kosmolat.eu\/lv\/wp-json\/wp\/v2\/product"}],"about":[{"href":"https:\/\/e.kosmolat.eu\/lv\/wp-json\/wp\/v2\/types\/product"}],"wp:featuredmedia":[{"embeddable":true,"href":"https:\/\/e.kosmolat.eu\/lv\/wp-json\/wp\/v2\/media\/99808"}],"wp:attachment":[{"href":"https:\/\/e.kosmolat.eu\/lv\/wp-json\/wp\/v2\/media?parent=59581"}],"wp:term":[{"taxonomy":"product_cat","embeddable":true,"href":"https:\/\/e.kosmolat.eu\/lv\/wp-json\/wp\/v2\/product_cat?post=59581"},{"taxonomy":"product_tag","embeddable":true,"href":"https:\/\/e.kosmolat.eu\/lv\/wp-json\/wp\/v2\/product_tag?post=59581"}],"curies":[{"name":"wp","href":"https:\/\/api.w.org\/{rel}","templated":true}]}}