{"id":59244,"date":"2024-12-03T05:02:35","date_gmt":"2024-12-03T05:02:35","guid":{"rendered":"https:\/\/e.kosmolat.eu\/product\/i_vc-skidras-kremziepes-olivu-300-ml\/"},"modified":"2026-04-22T13:07:48","modified_gmt":"2026-04-22T13:07:48","slug":"i_vc-skidras-kremziepes-olivu-300-ml","status":"publish","type":"product","link":"https:\/\/e.kosmolat.eu\/lv\/product\/i_vc-skidras-kremziepes-olivu-300-ml\/","title":{"rendered":"I_VC \u0160\u0137idr\u0101s kr\u0113mziepes Ol\u012bvu, 300 ml"},"content":{"rendered":"<p>VITAL CHARM &Scaron;\u0137idr\u0101s kr\u0113mziepes Ol\u012bvu<br \/>\nJ\u016bsu piln\u012bbas nosl\u0113pums!<br \/>\nMaiga kop\u0161anas formula<br \/>\nNov\u0113r\u0161 \u0101das sausuma un savilk\u0161anas saj\u016btu<br \/>\nNodro\u0161ina t\u012br\u012bbu<br \/>\n&Scaron;\u0137idr\u0101s kr\u0113mziepes Ol\u012bvu maigi att\u012bra un nodro\u0161ina perfektu roku \u0101das t\u012br\u012bbu.<br \/>\nOl\u012bvu ekstrakts intens\u012bvi baro un m\u012bkstina \u0101du, nov\u0113r\u0161 \u0101das sausuma un savilk\u0161anas saj\u016btu.<br \/>\nLieto\u0161ana: nospiediet dozatoru, izspiediet da\u017eus pilienus ziepju uz \u016bden\u012b iepriek\u0161 samitrin\u0101tas \u0101das, saputojiet, p\u0113c tam noskalojiet ar \u016bdeni.<\/p>\n<p>Der\u012bguma termi\u0146\u0161: 36 m\u0113ne\u0161i no izgatavo\u0161anas datuma.<br \/>\nUzglab\u0101t temperat\u016br\u0101 no +5 C l\u012bdz +25 C<br \/>\nPartijas numurs atbilst ra\u017eo\u0161anas datumam.<br \/>\nPiesardz\u012bbas pas\u0101kumi: izmantojiet, k\u0101 nor\u0101d\u012bts. Sarg\u0101t no b\u0113rniem.<br \/>\n&nbsp;<\/p>\n","protected":false},"excerpt":{"rendered":"<p>VITAL CHARM &Scaron;\u0137idr\u0101s kr\u0113mziepes Ol\u012bvu J\u016bsu piln\u012bbas nosl\u0113pums! Maiga kop\u0161anas formula Nov\u0113r\u0161 \u0101das sausuma un savilk\u0161anas saj\u016btu Nodro\u0161ina t\u012br\u012bbu &Scaron;\u0137idr\u0101s kr\u0113mziepes Ol\u012bvu maigi att\u012bra un nodro\u0161ina perfektu roku \u0101das t\u012br\u012bbu. Ol\u012bvu ekstrakts intens\u012bvi baro un m\u012bkstina \u0101du, nov\u0113r\u0161 \u0101das sausuma un savilk\u0161anas saj\u016btu. Lieto\u0161ana: nospiediet dozatoru, izspiediet da\u017eus pilienus ziepju uz \u016bden\u012b iepriek\u0161 samitrin\u0101tas \u0101das, [&#8230;]\n","protected":false},"featured_media":100816,"template":"","meta":[],"product_cat":[2181],"product_tag":[],"class_list":{"0":"post-59244","1":"product","2":"type-product","3":"status-publish","4":"has-post-thumbnail","6":"product_brand-aqua-cosmetics_ua","7":"product_cat-bez-kategorijas-lt","9":"first","10":"instock","11":"taxable","12":"shipping-taxable","13":"product-type-simple"},"_links":{"self":[{"href":"https:\/\/e.kosmolat.eu\/lv\/wp-json\/wp\/v2\/product\/59244","targetHints":{"allow":["GET"]}}],"collection":[{"href":"https:\/\/e.kosmolat.eu\/lv\/wp-json\/wp\/v2\/product"}],"about":[{"href":"https:\/\/e.kosmolat.eu\/lv\/wp-json\/wp\/v2\/types\/product"}],"wp:featuredmedia":[{"embeddable":true,"href":"https:\/\/e.kosmolat.eu\/lv\/wp-json\/wp\/v2\/media\/100816"}],"wp:attachment":[{"href":"https:\/\/e.kosmolat.eu\/lv\/wp-json\/wp\/v2\/media?parent=59244"}],"wp:term":[{"taxonomy":"product_cat","embeddable":true,"href":"https:\/\/e.kosmolat.eu\/lv\/wp-json\/wp\/v2\/product_cat?post=59244"},{"taxonomy":"product_tag","embeddable":true,"href":"https:\/\/e.kosmolat.eu\/lv\/wp-json\/wp\/v2\/product_tag?post=59244"}],"curies":[{"name":"wp","href":"https:\/\/api.w.org\/{rel}","templated":true}]}}