{"id":59123,"date":"2024-11-27T05:02:31","date_gmt":"2024-11-27T05:02:31","guid":{"rendered":"https:\/\/e.kosmolat.eu\/product\/i_bc-for-mendusas-zeleja-vinogas-un-viges-250-ml\/"},"modified":"2025-03-28T07:54:06","modified_gmt":"2025-03-28T07:54:06","slug":"i_bc-for-mendusas-zeleja-vinogas-un-viges-250-ml","status":"publish","type":"product","link":"https:\/\/e.kosmolat.eu\/lv\/product\/i_bc-for-mendusas-zeleja-vinogas-un-viges-250-ml\/","title":{"rendered":"I_BC &#8220;FOR MEN&#8221;Du\u0161as \u017eeleja  V\u012bnogas un v\u012b\u0123es, 250 ml"},"content":{"rendered":"<p>Du\u0161as \u017eeleja &ldquo;V\u012bnogas un v\u012b\u0123es&rdquo; v\u012brie\u0161iem lieliski toniz\u0113 un att\u012bra \u0101du bez sausuma saj\u016btas. V\u012bnogu ekstraktam piem\u012bt antioksidanta iedarb\u012bba, tas stimul\u0113 \u0101das atjauno\u0161anos. V\u012b\u0123es ekstrakts, kas bag\u0101ts ar vitam\u012bniem un miner\u0101lviel\u0101m, paaugstina \u0101das aizsargfunkciju, d\u0101v\u0101 ener\u0123iju. Du\u0161as \u017eeleja sniedz mo\u017euma, svaiguma un t\u012br\u012bbas saj\u016btu.<\/p>\n<p><strong>Lieto\u0161ana: <\/strong>uzkl\u0101jiet \u017eeleju uz plaukstas vai s\u016bk\u013ca, ar viegl\u0101m kust\u012bb\u0101m pamas\u0113jiet \u0101du l\u012bdz veidojas putas, noskalojiet ar \u016bdeni.<\/p>\n<p><strong>Piesardz\u012bbas pas\u0101kumi: <\/strong>tikai \u0101r\u012bgai lieto\u0161anai.<\/p>\n<p><strong>Der\u012bguma termi\u0146\u0161: <\/strong>30 m\u0113ne\u0161i. Uzglab\u0101t temperat\u016br\u0101 no 0 &deg;C l\u012bdz +25 &deg;C.<br \/>\n&nbsp;<\/p>\n","protected":false},"excerpt":{"rendered":"<p>Du\u0161as \u017eeleja &ldquo;V\u012bnogas un v\u012b\u0123es&rdquo; v\u012brie\u0161iem lieliski toniz\u0113 un att\u012bra \u0101du bez sausuma saj\u016btas. V\u012bnogu ekstraktam piem\u012bt antioksidanta iedarb\u012bba, tas stimul\u0113 \u0101das atjauno\u0161anos. V\u012b\u0123es ekstrakts, kas bag\u0101ts ar vitam\u012bniem un miner\u0101lviel\u0101m, paaugstina \u0101das aizsargfunkciju, d\u0101v\u0101 ener\u0123iju. Du\u0161as \u017eeleja sniedz mo\u017euma, svaiguma un t\u012br\u012bbas saj\u016btu. Lieto\u0161ana: uzkl\u0101jiet \u017eeleju uz plaukstas vai s\u016bk\u013ca, ar viegl\u0101m kust\u012bb\u0101m pamas\u0113jiet [&#8230;]\n","protected":false},"featured_media":59127,"template":"","meta":[],"product_cat":[1689],"product_tag":[],"class_list":{"0":"post-59123","1":"product","2":"type-product","3":"status-publish","4":"has-post-thumbnail","6":"product_brand-bioton_ua","7":"product_cat-dusas-zelejas","9":"first","10":"outofstock","11":"taxable","12":"shipping-taxable","13":"product-type-simple"},"_links":{"self":[{"href":"https:\/\/e.kosmolat.eu\/lv\/wp-json\/wp\/v2\/product\/59123","targetHints":{"allow":["GET"]}}],"collection":[{"href":"https:\/\/e.kosmolat.eu\/lv\/wp-json\/wp\/v2\/product"}],"about":[{"href":"https:\/\/e.kosmolat.eu\/lv\/wp-json\/wp\/v2\/types\/product"}],"wp:featuredmedia":[{"embeddable":true,"href":"https:\/\/e.kosmolat.eu\/lv\/wp-json\/wp\/v2\/media\/59127"}],"wp:attachment":[{"href":"https:\/\/e.kosmolat.eu\/lv\/wp-json\/wp\/v2\/media?parent=59123"}],"wp:term":[{"taxonomy":"product_cat","embeddable":true,"href":"https:\/\/e.kosmolat.eu\/lv\/wp-json\/wp\/v2\/product_cat?post=59123"},{"taxonomy":"product_tag","embeddable":true,"href":"https:\/\/e.kosmolat.eu\/lv\/wp-json\/wp\/v2\/product_tag?post=59123"}],"curies":[{"name":"wp","href":"https:\/\/api.w.org\/{rel}","templated":true}]}}