{"id":59109,"date":"2024-11-23T05:38:53","date_gmt":"2024-11-23T05:38:53","guid":{"rendered":"https:\/\/e.kosmolat.eu\/product\/gp-micelar-skidums-3-in-1-kumelite-un-hialuronskabe-250-ml\/"},"modified":"2026-03-16T14:46:32","modified_gmt":"2026-03-16T14:46:32","slug":"i_gp-micelar-skidums-3-in-1-kumelite-un-hialuronskabe-250-ml","status":"publish","type":"product","link":"https:\/\/e.kosmolat.eu\/lv\/product\/i_gp-micelar-skidums-3-in-1-kumelite-un-hialuronskabe-250-ml\/","title":{"rendered":"I_GP Micel\u0101r. \u0161\u0137\u012bdums 3 in 1 Kumel\u012bte un Hialuronsk\u0101be, 250 ml"},"content":{"rendered":"<p>Bez smar\u017eas. Tr\u012bsk\u0101r\u0161s efekts: att\u012bra, mitrina, toniz\u0113. Veg\u0101nisks produkts.<\/p>\n<p>Br\u012bdin\u0101jums: produkts satur dabiskus ekstraktus, var rasties nogulsnes. Dermatolo\u0123iski p\u0101rbaud\u012bts.<\/p>\n<p>Piesardz\u012bbas pas\u0101kumi: iesp\u0113jama individu\u0101la jut\u012bba pret atsevi\u0161\u0137\u0101m sast\u0101vda\u013c\u0101m.<\/p>\n<p>Lieto\u0161ana: uzkl\u0101jiet nelielu daudzumu l\u012bdzek\u013ca uz vates diska un maigi att\u012briet \u0101du ap ac\u012bm, seju, kaklu un dekolt\u0113 zonu. Atk\u0101rtojiet proced\u016bru ar jauniem vates diskiem, l\u012bdz \u0101da ir piln\u012bb\u0101 t\u012bra. Piem\u0113rots cilv\u0113kiem, kas valk\u0101 kontaktl\u0113cas.<\/p>\n<p>Uzglab\u0101t temperat\u016br\u0101 no +5\u00b0C l\u012bdz +25\u00b0C.<\/p>\n<p>Der\u012bguma termi\u0146\u0161: 30 m\u0113ne\u0161i no izgatavo\u0161anas datuma.<\/p>\n","protected":false},"excerpt":{"rendered":"<p>Bez smar\u017eas. Tr\u012bsk\u0101r\u0161s efekts: att\u012bra, mitrina, toniz\u0113. Veg\u0101nisks produkts. Br\u012bdin\u0101jums: produkts satur dabiskus ekstraktus, var rasties nogulsnes. Dermatolo\u0123iski p\u0101rbaud\u012bts. Piesardz\u012bbas pas\u0101kumi: iesp\u0113jama individu\u0101la jut\u012bba pret atsevi\u0161\u0137\u0101m sast\u0101vda\u013c\u0101m. Lieto\u0161ana: uzkl\u0101jiet nelielu daudzumu l\u012bdzek\u013ca uz vates diska un maigi att\u012briet \u0101du ap ac\u012bm, seju, kaklu un dekolt\u0113 zonu. Atk\u0101rtojiet proced\u016bru ar jauniem vates diskiem, l\u012bdz \u0101da ir [&#8230;]\n","protected":false},"featured_media":98715,"template":"","meta":[],"product_cat":[1568],"product_tag":[],"class_list":{"0":"post-59109","1":"product","2":"type-product","3":"status-publish","4":"has-post-thumbnail","6":"product_brand-sale","7":"product_cat-micelarais-udens","9":"first","10":"outofstock","11":"taxable","12":"shipping-taxable","13":"product-type-simple"},"_links":{"self":[{"href":"https:\/\/e.kosmolat.eu\/lv\/wp-json\/wp\/v2\/product\/59109","targetHints":{"allow":["GET"]}}],"collection":[{"href":"https:\/\/e.kosmolat.eu\/lv\/wp-json\/wp\/v2\/product"}],"about":[{"href":"https:\/\/e.kosmolat.eu\/lv\/wp-json\/wp\/v2\/types\/product"}],"wp:featuredmedia":[{"embeddable":true,"href":"https:\/\/e.kosmolat.eu\/lv\/wp-json\/wp\/v2\/media\/98715"}],"wp:attachment":[{"href":"https:\/\/e.kosmolat.eu\/lv\/wp-json\/wp\/v2\/media?parent=59109"}],"wp:term":[{"taxonomy":"product_cat","embeddable":true,"href":"https:\/\/e.kosmolat.eu\/lv\/wp-json\/wp\/v2\/product_cat?post=59109"},{"taxonomy":"product_tag","embeddable":true,"href":"https:\/\/e.kosmolat.eu\/lv\/wp-json\/wp\/v2\/product_tag?post=59109"}],"curies":[{"name":"wp","href":"https:\/\/api.w.org\/{rel}","templated":true}]}}