{"id":59092,"date":"2024-11-22T10:50:25","date_gmt":"2024-11-22T10:50:25","guid":{"rendered":"https:\/\/e.kosmolat.eu\/?post_type=product&#038;p=59092"},"modified":"2026-04-21T10:22:40","modified_gmt":"2026-04-21T10:22:40","slug":"nc-8-zales-zeleja-balzams-hemoroidiem-40-ml","status":"publish","type":"product","link":"https:\/\/e.kosmolat.eu\/lv\/product\/nc-8-zales-zeleja-balzams-hemoroidiem-40-ml\/","title":{"rendered":"NC 8 Z\u0101les \u017eeleja-balzams hemoro\u012bdiem, 40 ml"},"content":{"rendered":"<p>Efekt\u012bvs l\u012bdzeklis uz dab\u012bgo sast\u0101vda\u013cu b\u0101zes.<\/p>\n<p>Akt\u012bv\u0101s sast\u0101vda\u013cas: hellebores, ap\u0161u, ozola mizas, kasta\u0146u, ave\u0146u lapu ekstrakti, s\u0113rs, citrona, t\u0113jas koka un cipreses \u0113terisk\u0101s e\u013c\u013cas.<\/p>\n<p>Lieto\u0161ana: p\u0113c defek\u0101cijas un du\u0161as lieto\u0161anas uzkl\u0101t uz problem\u0101tiskaj\u0101m zon\u0101m 2\u20133 reizes dien\u0101.<\/p>\n<p>Piesardz\u012bbas pas\u0101kumi: tikai \u0101r\u012bgai lieto\u0161anai. Nelietot, ja ir paaugstin\u0101ta jut\u012bba pret atsevi\u0161\u0137\u0101m sast\u0101vda\u013c\u0101m. Nav \u0101rstniecisks l\u012bdzeklis.<\/p>\n<p>Uzglab\u0101t temperat\u016br\u0101 no +5 \u00b0\u0421 l\u012bdz +25 \u00b0\u0421 un relat\u012bvaj\u0101 gaisa mitrum\u0101 ne augst\u0101k k\u0101 75%, sarg\u0101jot no tie\u0161iem saules stariem. Uzglab\u0101t b\u0113rniem nepieejam\u0101 viet\u0101.<\/p>\n<p>Der\u012bguma termi\u0146\u0161: 36 m\u0113ne\u0161i.<\/p>\n","protected":false},"excerpt":{"rendered":"<p>Efekt\u012bvs l\u012bdzeklis uz dab\u012bgo sast\u0101vda\u013cu b\u0101zes. Akt\u012bv\u0101s sast\u0101vda\u013cas: hellebores, ap\u0161u, ozola mizas, kasta\u0146u, ave\u0146u lapu ekstrakti, s\u0113rs, citrona, t\u0113jas koka un cipreses \u0113terisk\u0101s e\u013c\u013cas. Lieto\u0161ana: p\u0113c defek\u0101cijas un du\u0161as lieto\u0161anas uzkl\u0101t uz problem\u0101tiskaj\u0101m zon\u0101m 2\u20133 reizes dien\u0101. Piesardz\u012bbas pas\u0101kumi: tikai \u0101r\u012bgai lieto\u0161anai. Nelietot, ja ir paaugstin\u0101ta jut\u012bba pret atsevi\u0161\u0137\u0101m sast\u0101vda\u013c\u0101m. Nav \u0101rstniecisks l\u012bdzeklis. Uzglab\u0101t temperat\u016br\u0101 [&#8230;]\n","protected":false},"featured_media":98856,"template":"","meta":[],"product_cat":[1388],"product_tag":[],"class_list":{"0":"post-59092","1":"product","2":"type-product","3":"status-publish","4":"has-post-thumbnail","6":"product_brand-healer-cosmetics_ua","7":"product_cat-kermena-kremi-pienini-sviesti","9":"first","10":"instock","11":"taxable","12":"shipping-taxable","13":"product-type-simple"},"_links":{"self":[{"href":"https:\/\/e.kosmolat.eu\/lv\/wp-json\/wp\/v2\/product\/59092","targetHints":{"allow":["GET"]}}],"collection":[{"href":"https:\/\/e.kosmolat.eu\/lv\/wp-json\/wp\/v2\/product"}],"about":[{"href":"https:\/\/e.kosmolat.eu\/lv\/wp-json\/wp\/v2\/types\/product"}],"wp:featuredmedia":[{"embeddable":true,"href":"https:\/\/e.kosmolat.eu\/lv\/wp-json\/wp\/v2\/media\/98856"}],"wp:attachment":[{"href":"https:\/\/e.kosmolat.eu\/lv\/wp-json\/wp\/v2\/media?parent=59092"}],"wp:term":[{"taxonomy":"product_cat","embeddable":true,"href":"https:\/\/e.kosmolat.eu\/lv\/wp-json\/wp\/v2\/product_cat?post=59092"},{"taxonomy":"product_tag","embeddable":true,"href":"https:\/\/e.kosmolat.eu\/lv\/wp-json\/wp\/v2\/product_tag?post=59092"}],"curies":[{"name":"wp","href":"https:\/\/api.w.org\/{rel}","templated":true}]}}