{"id":59080,"date":"2024-11-22T05:02:27","date_gmt":"2024-11-22T05:02:27","guid":{"rendered":"https:\/\/e.kosmolat.eu\/product\/i_za-kaju-krems-tonizejoss-tusku-nonemoss-100-ml\/"},"modified":"2026-05-08T21:42:17","modified_gmt":"2026-05-08T21:42:17","slug":"gp-kaju-krems-relaksejoss-un-tonizejoss-100-ml","status":"publish","type":"product","link":"https:\/\/e.kosmolat.eu\/lv\/product\/gp-kaju-krems-relaksejoss-un-tonizejoss-100-ml\/","title":{"rendered":"GP K\u0101ju kr\u0113ms Relaks\u0113jo\u0161s un toniz\u0113jo\u0161s, 100 ml"},"content":{"rendered":"<p>Ar zirgkasta\u0146as ekstraktu un sarkano v\u012bnogu e\u013c\u013cu.<\/p>\n<p>Lieto\u0161ana: uzkl\u0101t kr\u0113mu uz t\u012br\u0101m, ar dvieli nosusin\u0101t\u0101m k\u0101j\u0101m, maigi iemas\u0113t.<\/p>\n<p>Piesardz\u012bbas pas\u0101kumi: paaugstin\u0101ta individu\u0101l\u0101 jut\u012bba pret atsevi\u0161\u0137\u0101m sast\u0101vda\u013c\u0101m. Satur A vitam\u012bnu. L\u016bgums pirms lieto\u0161anas p\u0101rdom\u0101t savu dienas devu.<\/p>\n<p>Uzglab\u0101\u0161anas temperat\u016bra: no +5\u00b0C l\u012bdz +25\u00b0C.<\/p>\n<p>Der\u012bguma termi\u0146\u0161: 30 m\u0113ne\u0161i no izgatavo\u0161anas datuma.<\/p>\n","protected":false},"excerpt":{"rendered":"<p>Ar zirgkasta\u0146as ekstraktu un sarkano v\u012bnogu e\u013c\u013cu. Lieto\u0161ana: uzkl\u0101t kr\u0113mu uz t\u012br\u0101m, ar dvieli nosusin\u0101t\u0101m k\u0101j\u0101m, maigi iemas\u0113t. Piesardz\u012bbas pas\u0101kumi: paaugstin\u0101ta individu\u0101l\u0101 jut\u012bba pret atsevi\u0161\u0137\u0101m sast\u0101vda\u013c\u0101m. Satur A vitam\u012bnu. L\u016bgums pirms lieto\u0161anas p\u0101rdom\u0101t savu dienas devu. Uzglab\u0101\u0161anas temperat\u016bra: no +5\u00b0C l\u012bdz +25\u00b0C. Der\u012bguma termi\u0146\u0161: 30 m\u0113ne\u0161i no izgatavo\u0161anas datuma.<\/p>\n","protected":false},"featured_media":79602,"template":"","meta":[],"product_cat":[1763],"product_tag":[],"class_list":{"0":"post-59080","1":"product","2":"type-product","3":"status-publish","4":"has-post-thumbnail","6":"product_brand-elfa_ua","7":"product_cat-koju-prieziuros-kosmetika","9":"first","10":"instock","11":"taxable","12":"shipping-taxable","13":"product-type-simple"},"_links":{"self":[{"href":"https:\/\/e.kosmolat.eu\/lv\/wp-json\/wp\/v2\/product\/59080","targetHints":{"allow":["GET"]}}],"collection":[{"href":"https:\/\/e.kosmolat.eu\/lv\/wp-json\/wp\/v2\/product"}],"about":[{"href":"https:\/\/e.kosmolat.eu\/lv\/wp-json\/wp\/v2\/types\/product"}],"wp:featuredmedia":[{"embeddable":true,"href":"https:\/\/e.kosmolat.eu\/lv\/wp-json\/wp\/v2\/media\/79602"}],"wp:attachment":[{"href":"https:\/\/e.kosmolat.eu\/lv\/wp-json\/wp\/v2\/media?parent=59080"}],"wp:term":[{"taxonomy":"product_cat","embeddable":true,"href":"https:\/\/e.kosmolat.eu\/lv\/wp-json\/wp\/v2\/product_cat?post=59080"},{"taxonomy":"product_tag","embeddable":true,"href":"https:\/\/e.kosmolat.eu\/lv\/wp-json\/wp\/v2\/product_tag?post=59080"}],"curies":[{"name":"wp","href":"https:\/\/api.w.org\/{rel}","templated":true}]}}