{"id":59015,"date":"2024-11-19T10:50:30","date_gmt":"2024-11-19T10:50:30","guid":{"rendered":"https:\/\/e.kosmolat.eu\/?post_type=product&#038;p=59015"},"modified":"2026-04-13T09:25:20","modified_gmt":"2026-04-13T09:25:20","slug":"deba-ceramides-izlidzinoss-sejas-serums-30-ml","status":"publish","type":"product","link":"https:\/\/e.kosmolat.eu\/lv\/product\/deba-ceramides-izlidzinoss-sejas-serums-30-ml\/","title":{"rendered":"DeBa Ceramides Izl\u012bdzino\u0161s sejas serums, 30 ml"},"content":{"rendered":"<p>Bag\u0101tin\u0101ts ar keram\u012bdu kompleksu, niacinam\u012bdu un pept\u012bdiem. Mitrino\u0161s serums, izstr\u0101d\u0101ts, lai atbalst\u012btu, aizsarg\u0101tu un atjaunotu \u0101das barjeru, nodro\u0161inot optim\u0101lu mitruma l\u012bdzsvaru un pie\u0161\u0137irot \u0101dai mirdzumu.<\/p>\n<p>Akt\u012bv\u0101s sast\u0101vda\u013cas un to iedarb\u012bba:<br \/>\nKeram\u012bdu komplekss \u2013 baro un stiprina \u0101das barjeru.<br \/>\nNiacinam\u012bds \u2013 uzlabo \u0101das tekst\u016bru un toni.<br \/>\nR\u012bsu pept\u012bdi \u2013 stimul\u0113 kolag\u0113na ra\u017eo\u0161anu, uzlabojot \u0101das tvirtumu un elast\u012bbu.<\/p>\n<p>Piem\u0113rots dienas un nakts \u0101das kop\u0161anai; visiem \u0101das tipiem; bez smar\u017eviel\u0101m.<\/p>\n<p>Lieto\u0161ana: Uzkl\u0101t da\u017eus seruma pilienus no r\u012bta un vakar\u0101 uz att\u012br\u012btas \u0101das ar maig\u0101m mas\u0101\u017eas kust\u012bb\u0101m. Piem\u0113rots ar\u012b \u0101dai ap ac\u012bm.<\/p>\n<p>Uzglab\u0101t temperat\u016br\u0101 no +5 \u00b0\u0421 l\u012bdz +25 \u00b0\u0421.<\/p>\n","protected":false},"excerpt":{"rendered":"<p>Bag\u0101tin\u0101ts ar keram\u012bdu kompleksu, niacinam\u012bdu un pept\u012bdiem. Mitrino\u0161s serums, izstr\u0101d\u0101ts, lai atbalst\u012btu, aizsarg\u0101tu un atjaunotu \u0101das barjeru, nodro\u0161inot optim\u0101lu mitruma l\u012bdzsvaru un pie\u0161\u0137irot \u0101dai mirdzumu. Akt\u012bv\u0101s sast\u0101vda\u013cas un to iedarb\u012bba: Keram\u012bdu komplekss \u2013 baro un stiprina \u0101das barjeru. Niacinam\u012bds \u2013 uzlabo \u0101das tekst\u016bru un toni. R\u012bsu pept\u012bdi \u2013 stimul\u0113 kolag\u0113na ra\u017eo\u0161anu, uzlabojot \u0101das tvirtumu un [&#8230;]\n","protected":false},"featured_media":101526,"template":"","meta":[],"product_cat":[1328],"product_tag":[],"class_list":{"0":"post-59015","1":"product","2":"type-product","3":"status-publish","4":"has-post-thumbnail","6":"product_brand-rubella-bg","7":"product_cat-1328","9":"first","10":"instock","11":"taxable","12":"shipping-taxable","13":"product-type-simple"},"_links":{"self":[{"href":"https:\/\/e.kosmolat.eu\/lv\/wp-json\/wp\/v2\/product\/59015","targetHints":{"allow":["GET"]}}],"collection":[{"href":"https:\/\/e.kosmolat.eu\/lv\/wp-json\/wp\/v2\/product"}],"about":[{"href":"https:\/\/e.kosmolat.eu\/lv\/wp-json\/wp\/v2\/types\/product"}],"wp:featuredmedia":[{"embeddable":true,"href":"https:\/\/e.kosmolat.eu\/lv\/wp-json\/wp\/v2\/media\/101526"}],"wp:attachment":[{"href":"https:\/\/e.kosmolat.eu\/lv\/wp-json\/wp\/v2\/media?parent=59015"}],"wp:term":[{"taxonomy":"product_cat","embeddable":true,"href":"https:\/\/e.kosmolat.eu\/lv\/wp-json\/wp\/v2\/product_cat?post=59015"},{"taxonomy":"product_tag","embeddable":true,"href":"https:\/\/e.kosmolat.eu\/lv\/wp-json\/wp\/v2\/product_tag?post=59015"}],"curies":[{"name":"wp","href":"https:\/\/api.w.org\/{rel}","templated":true}]}}