{"id":58996,"date":"2024-11-16T05:04:55","date_gmt":"2024-11-16T05:04:55","guid":{"rendered":"https:\/\/e.kosmolat.eu\/product\/karapuz-puderis-berniem-sensitive-50-g\/"},"modified":"2026-04-23T13:20:28","modified_gmt":"2026-04-23T13:20:28","slug":"karapuz-puderis-berniem-sensitive-50-g","status":"publish","type":"product","link":"https:\/\/e.kosmolat.eu\/lv\/product\/karapuz-puderis-berniem-sensitive-50-g\/","title":{"rendered":"Karapuz P\u016bderis b\u0113rniem Sensitive, 50 g"},"content":{"rendered":"<p>B\u0113rnu p\u016bderis, lai nov\u0113rstu jaundzimu\u0161o auti\u0146biks\u012b\u0161u izsitumus un kairin\u0101jumus.<\/p>\n<p>Lieto\u0161ana: Uzkl\u0101jiet uz b\u0113rna \u0101das kroci\u0146u viet\u0101s katru dienu p\u0113c higi\u0113nas proced\u016br\u0101m.<\/p>\n<p>Br\u012bdin\u0101jums: Nelietot p\u016bderi b\u0113rna deguna un mutes tuvum\u0101.<\/p>\n<p>Der\u012bguma termi\u0146\u0161: 24 m\u0113ne\u0161i. <\/p>\n<p>Uzglab\u0101t b\u0113rniem nepieejam\u0101 viet\u0101 temperat\u016br\u0101 no +5 l\u012bdz +25 \u00b0C.<\/p>\n","protected":false},"excerpt":{"rendered":"<p>B\u0113rnu p\u016bderis, lai nov\u0113rstu jaundzimu\u0161o auti\u0146biks\u012b\u0161u izsitumus un kairin\u0101jumus. Lieto\u0161ana: Uzkl\u0101jiet uz b\u0113rna \u0101das kroci\u0146u viet\u0101s katru dienu p\u0113c higi\u0113nas proced\u016br\u0101m. Br\u012bdin\u0101jums: Nelietot p\u016bderi b\u0113rna deguna un mutes tuvum\u0101. Der\u012bguma termi\u0146\u0161: 24 m\u0113ne\u0161i. Uzglab\u0101t b\u0113rniem nepieejam\u0101 viet\u0101 temperat\u016br\u0101 no +5 l\u012bdz +25 \u00b0C.<\/p>\n","protected":false},"featured_media":78260,"template":"","meta":[],"product_cat":[1361],"product_tag":[],"class_list":{"0":"post-58996","1":"product","2":"type-product","3":"status-publish","4":"has-post-thumbnail","6":"product_brand-karapuz_ua","7":"product_cat-adas-kopsanas-kosmetika","9":"first","10":"instock","11":"taxable","12":"shipping-taxable","13":"product-type-simple"},"_links":{"self":[{"href":"https:\/\/e.kosmolat.eu\/lv\/wp-json\/wp\/v2\/product\/58996","targetHints":{"allow":["GET"]}}],"collection":[{"href":"https:\/\/e.kosmolat.eu\/lv\/wp-json\/wp\/v2\/product"}],"about":[{"href":"https:\/\/e.kosmolat.eu\/lv\/wp-json\/wp\/v2\/types\/product"}],"wp:featuredmedia":[{"embeddable":true,"href":"https:\/\/e.kosmolat.eu\/lv\/wp-json\/wp\/v2\/media\/78260"}],"wp:attachment":[{"href":"https:\/\/e.kosmolat.eu\/lv\/wp-json\/wp\/v2\/media?parent=58996"}],"wp:term":[{"taxonomy":"product_cat","embeddable":true,"href":"https:\/\/e.kosmolat.eu\/lv\/wp-json\/wp\/v2\/product_cat?post=58996"},{"taxonomy":"product_tag","embeddable":true,"href":"https:\/\/e.kosmolat.eu\/lv\/wp-json\/wp\/v2\/product_tag?post=58996"}],"curies":[{"name":"wp","href":"https:\/\/api.w.org\/{rel}","templated":true}]}}