{"id":58918,"date":"2024-11-13T05:16:21","date_gmt":"2024-11-13T05:16:21","guid":{"rendered":"https:\/\/e.kosmolat.eu\/product\/the-doctor-hc-vannas-sals-ar-sunisu-salvijas-ekstraktiem-500-g\/"},"modified":"2026-04-23T09:25:37","modified_gmt":"2026-04-23T09:25:37","slug":"the-doctor-hc-vannas-sals-ar-sunisu-salvijas-ekstraktiem-500-g","status":"publish","type":"product","link":"https:\/\/e.kosmolat.eu\/lv\/product\/the-doctor-hc-vannas-sals-ar-sunisu-salvijas-ekstraktiem-500-g\/","title":{"rendered":"The Doctor H&#038;C Vannas s\u0101ls ar sun\u012b\u0161u, salvijas ekstraktiem, 500 g"},"content":{"rendered":"<p>Pateicoties salvijas \u0113teriskajai e\u013c\u013cai, salvijas un sun\u012b\u0161a ekstraktiem, k\u0101 ar\u012b dab\u012bgajam j\u016bras s\u0101lim, vanno\u0161an\u0101s proced\u016bras mazina \u0101das&nbsp;lob\u012b\u0161anos un kairin\u0101jumu, uzlabo \u0101das visp\u0101r\u0113jo st\u0101vokli.<\/p>\n<ul>\n<li>Salvijas ekstrakts nomierina, nodro\u0161ina aizsarg\u0101jo\u0161u darb\u012bbu.&nbsp;<\/li>\n<li>Sun\u012b\u0161a ekstrakts nedaudz sausina \u0101du, nomierina kairin\u0101jumu.<\/li>\n<li>J\u016bras s\u0101ls satur augstu vesel\u012bga \u0101das st\u0101vok\u013ca uztur\u0113\u0161anai nepiecie\u0161amo mikro un makroelementu koncentr\u0101ciju:<\/li>\n<li>K\u0101lijs un n\u0101trijs &ndash; regul\u0113 mitruma l\u012bmeni \u0101das \u0161\u016bn\u0101s;<\/li>\n<li>Kalcijs &ndash; palielina elast\u012bbu un tvirtumu;<\/li>\n<li>Magnijs &ndash; pal\u0113nina noveco\u0161an\u0101s procesus;<\/li>\n<li>Dzelzs &ndash; atjauno \u0101das tonusu;<\/li>\n<li>Sulf\u0101ta joni &ndash; uzlabo \u0101das kr\u0101su.<\/li>\n<\/ul>\n<p><strong>Lieto\u0161ana:<\/strong> iz\u0161\u0137\u012bdiniet 100 g s\u0101ls silt\u0101 \u016bden\u012b. Izteiktas balneolo\u0123iskas iedarb\u012bbas sasnieg\u0161anai vien\u0101 vann\u0101 iz\u0161\u0137\u012bdiniet l\u012bdz 500 g s\u0101ls. Vannoties 15-20 min\u016btes katru dienu vai katru otro dienu \u016bden\u012b ar t&deg; 35-39 &deg;C, p\u0113c tam noskalot \u0101du ar t\u012bru \u016bdeni. Ieteicamas 10-15 proced\u016bras.<\/p>\n<p><strong>Piesardz\u012bbas pas\u0101kumi:<\/strong> izvairieties no saskares ar ac\u012bm. Ja l\u012bdzeklis iek\u013c\u016bst ac\u012bs, nekav\u0113joties izskalojiet ar \u016bdeni. Nelietot p\u0101rtik\u0101. Iesp\u0113jama paaugstin\u0101ta individu\u0101l\u0101 jut\u012bba pret atsevi\u0161\u0137\u0101m sast\u0101vda\u013c\u0101m.<\/p>\n<p>Uzglab\u0101t temperat\u016br\u0101 no +5 &deg;C l\u012bdz +25 &deg;C.<br \/>\n&nbsp;<\/p>\n","protected":false},"excerpt":{"rendered":"<p>Pateicoties salvijas \u0113teriskajai e\u013c\u013cai, salvijas un sun\u012b\u0161a ekstraktiem, k\u0101 ar\u012b dab\u012bgajam j\u016bras s\u0101lim, vanno\u0161an\u0101s proced\u016bras mazina \u0101das&nbsp;lob\u012b\u0161anos un kairin\u0101jumu, uzlabo \u0101das visp\u0101r\u0113jo st\u0101vokli. Salvijas ekstrakts nomierina, nodro\u0161ina aizsarg\u0101jo\u0161u darb\u012bbu.&nbsp; Sun\u012b\u0161a ekstrakts nedaudz sausina \u0101du, nomierina kairin\u0101jumu. J\u016bras s\u0101ls satur augstu vesel\u012bga \u0101das st\u0101vok\u013ca uztur\u0113\u0161anai nepiecie\u0161amo mikro un makroelementu koncentr\u0101ciju: K\u0101lijs un n\u0101trijs &ndash; regul\u0113 mitruma [&#8230;]\n","protected":false},"featured_media":79710,"template":"","meta":[],"product_cat":[1999],"product_tag":[],"class_list":{"0":"post-58918","1":"product","2":"type-product","3":"status-publish","4":"has-post-thumbnail","6":"product_brand-elfa_ua","7":"product_cat-bez-kategorijas","9":"first","10":"instock","11":"taxable","12":"shipping-taxable","13":"product-type-simple"},"_links":{"self":[{"href":"https:\/\/e.kosmolat.eu\/lv\/wp-json\/wp\/v2\/product\/58918","targetHints":{"allow":["GET"]}}],"collection":[{"href":"https:\/\/e.kosmolat.eu\/lv\/wp-json\/wp\/v2\/product"}],"about":[{"href":"https:\/\/e.kosmolat.eu\/lv\/wp-json\/wp\/v2\/types\/product"}],"wp:featuredmedia":[{"embeddable":true,"href":"https:\/\/e.kosmolat.eu\/lv\/wp-json\/wp\/v2\/media\/79710"}],"wp:attachment":[{"href":"https:\/\/e.kosmolat.eu\/lv\/wp-json\/wp\/v2\/media?parent=58918"}],"wp:term":[{"taxonomy":"product_cat","embeddable":true,"href":"https:\/\/e.kosmolat.eu\/lv\/wp-json\/wp\/v2\/product_cat?post=58918"},{"taxonomy":"product_tag","embeddable":true,"href":"https:\/\/e.kosmolat.eu\/lv\/wp-json\/wp\/v2\/product_tag?post=58918"}],"curies":[{"name":"wp","href":"https:\/\/api.w.org\/{rel}","templated":true}]}}