{"id":58908,"date":"2024-11-12T05:04:30","date_gmt":"2024-11-12T05:04:30","guid":{"rendered":"https:\/\/e.kosmolat.eu\/product\/hc-krems-balz-balzams-pret-varzacim-un-tulznam-10-g-5\/"},"modified":"2026-04-03T05:46:54","modified_gmt":"2026-04-03T05:46:54","slug":"hc-krems-balz-balzams-pret-varzacim-un-tulznam-10-g-5","status":"publish","type":"product","link":"https:\/\/e.kosmolat.eu\/lv\/product\/hc-krems-balz-balzams-pret-varzacim-un-tulznam-10-g-5\/","title":{"rendered":"HC Kr\u0113ms-balz. balzams pret var\u017eac\u012bm un tulzn\u0101m, 10 g+\/-5%"},"content":{"rendered":"<p>Efekt\u012bvs l\u012bdzeklis pret var\u017eac\u012bm un tulzn\u0101m, kas izgatavots no dab\u012bg\u0101m sast\u0101vda\u013c\u0101m, pal\u012bdz m\u012bkstin\u0101t sabiez\u0113ju\u0161\u0101s \u0101das zonas. Kr\u0113ms-balzams ir \u012bpa\u0161i izstr\u0101d\u0101ts sausas, raupjas p\u0113du \u0101das kop\u0161anai. Ieteicams lietot ar\u012b probl\u0113m\u0101tiskas \u0101das atjauno\u0161anai, uzkl\u0101jot uz plaukst\u0101m, elko\u0146iem un ce\u013ciem.<\/p>\n<p>Lieto\u0161ana: p\u0113c karst\u0101s p\u0113du vanni\u0146as r\u016bp\u012bgi nosusin\u0101t problem\u0101tisk\u0101s \u0101das zonas. Uzkl\u0101t lok\u0101li uz problem\u0101tiskaj\u0101m viet\u0101m. Krema-balzama uzkl\u0101\u0161anas laik\u0101 var rasties viegla tirp\u0161anas saj\u016bta. Nav \u0101rstniecisks l\u012bdzeklis.<\/p>\n<p>Uzglab\u0101t saus\u0101 viet\u0101, temperat\u016br\u0101 no 0 \u00b0\u0421 l\u012bdz +25 \u00b0\u0421.<\/p>\n<p>Der\u012bguma termi\u0146\u0161: 3 gadi.<\/p>\n","protected":false},"excerpt":{"rendered":"<p>Efekt\u012bvs l\u012bdzeklis pret var\u017eac\u012bm un tulzn\u0101m, kas izgatavots no dab\u012bg\u0101m sast\u0101vda\u013c\u0101m, pal\u012bdz m\u012bkstin\u0101t sabiez\u0113ju\u0161\u0101s \u0101das zonas. Kr\u0113ms-balzams ir \u012bpa\u0161i izstr\u0101d\u0101ts sausas, raupjas p\u0113du \u0101das kop\u0161anai. Ieteicams lietot ar\u012b probl\u0113m\u0101tiskas \u0101das atjauno\u0161anai, uzkl\u0101jot uz plaukst\u0101m, elko\u0146iem un ce\u013ciem. Lieto\u0161ana: p\u0113c karst\u0101s p\u0113du vanni\u0146as r\u016bp\u012bgi nosusin\u0101t problem\u0101tisk\u0101s \u0101das zonas. Uzkl\u0101t lok\u0101li uz problem\u0101tiskaj\u0101m viet\u0101m. Krema-balzama uzkl\u0101\u0161anas laik\u0101 [&#8230;]\n","protected":false},"featured_media":98695,"template":"","meta":[],"product_cat":[1762],"product_tag":[],"class_list":{"0":"post-58908","1":"product","2":"type-product","3":"status-publish","4":"has-post-thumbnail","6":"product_brand-healer-cosmetics_ua","7":"product_cat-1762","9":"first","10":"instock","11":"taxable","12":"shipping-taxable","13":"product-type-simple"},"_links":{"self":[{"href":"https:\/\/e.kosmolat.eu\/lv\/wp-json\/wp\/v2\/product\/58908","targetHints":{"allow":["GET"]}}],"collection":[{"href":"https:\/\/e.kosmolat.eu\/lv\/wp-json\/wp\/v2\/product"}],"about":[{"href":"https:\/\/e.kosmolat.eu\/lv\/wp-json\/wp\/v2\/types\/product"}],"wp:featuredmedia":[{"embeddable":true,"href":"https:\/\/e.kosmolat.eu\/lv\/wp-json\/wp\/v2\/media\/98695"}],"wp:attachment":[{"href":"https:\/\/e.kosmolat.eu\/lv\/wp-json\/wp\/v2\/media?parent=58908"}],"wp:term":[{"taxonomy":"product_cat","embeddable":true,"href":"https:\/\/e.kosmolat.eu\/lv\/wp-json\/wp\/v2\/product_cat?post=58908"},{"taxonomy":"product_tag","embeddable":true,"href":"https:\/\/e.kosmolat.eu\/lv\/wp-json\/wp\/v2\/product_tag?post=58908"}],"curies":[{"name":"wp","href":"https:\/\/api.w.org\/{rel}","templated":true}]}}