{"id":58900,"date":"2024-11-12T05:04:02","date_gmt":"2024-11-12T05:04:02","guid":{"rendered":"https:\/\/e.kosmolat.eu\/product\/shik-elixir-kr-balzams-kajam-ar-pretsenisu-piedevu-octopirox-un-si-sviestu-75-ml\/"},"modified":"2026-04-02T08:25:27","modified_gmt":"2026-04-02T08:25:27","slug":"shik-elixir-kr-balzams-kajam-ar-pretsenisu-piedevu-octopirox-un-si-sviestu-75-ml","status":"publish","type":"product","link":"https:\/\/e.kosmolat.eu\/lv\/product\/shik-elixir-kr-balzams-kajam-ar-pretsenisu-piedevu-octopirox-un-si-sviestu-75-ml\/","title":{"rendered":"SHIK Elixir Kr.-balzams k\u0101j\u0101m ar prets\u0113n\u012b\u0161u piedevu Octopirox,  un \u0161\u012b sviestu, 75 ml"},"content":{"rendered":"<p>Kr\u0113ms-balzams k\u0101j\u0101m atsvaidzina \u0101du, turkl\u0101t \u012bpa\u0161ajai Octopirox piedevai piem\u012bt prets\u0113n\u012b\u0161u \u012bpa\u0161\u012bbas. L\u012bdzeklis atsvaidzina un acumirkl\u012b atjauno \u0101das komfortu, atst\u0101jot k\u0101jas sausas un svaigas visas dienas garum\u0101. Ur\u012bnviela veicina intens\u012bvu sausas k\u0101ju \u0101das mitrin\u0101\u0161anu, kam\u0113r bisabolols un alanto\u012bns nodro\u0161ina nomierino\u0161u, m\u012bkstino\u0161u un aizsarg\u0101jo\u0161u efektu. \u0160\u012b sviests pa\u0101trina atjauno\u0161an\u0101s procesus, nov\u0113r\u0161 \u0101das sausumu un lob\u012b\u0161anos. Barojo\u0161ajam kr\u0113mam ir pat\u012bkama konsistence un t\u016bl\u012bt\u0113js efekts. Lieliski piem\u0113rots sausas k\u0101ju \u0101das mitrin\u0101\u0161anai.<\/p>\n<p>Lieto\u0161ana: ar viegl\u0101m mas\u0113jo\u0161\u0101m kust\u012bb\u0101m uzkl\u0101jiet nelielu kr\u0113ma daudzumu uz t\u012bras, sausas k\u0101ju \u0101das.  <\/p>\n<p>Piesardz\u012bbas pas\u0101kumi: tikai \u0101r\u012bgai lieto\u0161anai. Ja nok\u013c\u016bst ac\u012bs, r\u016bp\u012bgi izskalojiet t\u0101s ar lielu daudzumu teko\u0161a \u016bdens. <\/p>\n<p>Der\u012bguma termi\u0146\u0161: 36 m\u0113ne\u0161i. <\/p>\n<p>Uzglab\u0101t temperat\u016br\u0101 no +5\u00b0C l\u012bdz +25\u00b0C, sarg\u0101jot no tie\u0161iem saules stariem.<\/p>\n","protected":false},"excerpt":{"rendered":"<p>Kr\u0113ms-balzams k\u0101j\u0101m atsvaidzina \u0101du, turkl\u0101t \u012bpa\u0161ajai Octopirox piedevai piem\u012bt prets\u0113n\u012b\u0161u \u012bpa\u0161\u012bbas. L\u012bdzeklis atsvaidzina un acumirkl\u012b atjauno \u0101das komfortu, atst\u0101jot k\u0101jas sausas un svaigas visas dienas garum\u0101. Ur\u012bnviela veicina intens\u012bvu sausas k\u0101ju \u0101das mitrin\u0101\u0161anu, kam\u0113r bisabolols un alanto\u012bns nodro\u0161ina nomierino\u0161u, m\u012bkstino\u0161u un aizsarg\u0101jo\u0161u efektu. \u0160\u012b sviests pa\u0101trina atjauno\u0161an\u0101s procesus, nov\u0113r\u0161 \u0101das sausumu un lob\u012b\u0161anos. Barojo\u0161ajam kr\u0113mam [&#8230;]\n","protected":false},"featured_media":78387,"template":"","meta":[],"product_cat":[1999],"product_tag":[],"class_list":{"0":"post-58900","1":"product","2":"type-product","3":"status-publish","4":"has-post-thumbnail","6":"product_brand-slobozanskij-milovar_ua","7":"product_cat-bez-kategorijas","9":"first","10":"instock","11":"taxable","12":"shipping-taxable","13":"product-type-simple"},"_links":{"self":[{"href":"https:\/\/e.kosmolat.eu\/lv\/wp-json\/wp\/v2\/product\/58900","targetHints":{"allow":["GET"]}}],"collection":[{"href":"https:\/\/e.kosmolat.eu\/lv\/wp-json\/wp\/v2\/product"}],"about":[{"href":"https:\/\/e.kosmolat.eu\/lv\/wp-json\/wp\/v2\/types\/product"}],"wp:featuredmedia":[{"embeddable":true,"href":"https:\/\/e.kosmolat.eu\/lv\/wp-json\/wp\/v2\/media\/78387"}],"wp:attachment":[{"href":"https:\/\/e.kosmolat.eu\/lv\/wp-json\/wp\/v2\/media?parent=58900"}],"wp:term":[{"taxonomy":"product_cat","embeddable":true,"href":"https:\/\/e.kosmolat.eu\/lv\/wp-json\/wp\/v2\/product_cat?post=58900"},{"taxonomy":"product_tag","embeddable":true,"href":"https:\/\/e.kosmolat.eu\/lv\/wp-json\/wp\/v2\/product_tag?post=58900"}],"curies":[{"name":"wp","href":"https:\/\/api.w.org\/{rel}","templated":true}]}}