{"id":58892,"date":"2024-11-12T05:03:32","date_gmt":"2024-11-12T05:03:32","guid":{"rendered":"https:\/\/e.kosmolat.eu\/product\/shik-elixir-krems-balz-kajam-deo-kontrole-pret-smaku-un-sviedriem-ar-urinvielu-un-si-sviestu-75\/"},"modified":"2026-04-23T11:34:25","modified_gmt":"2026-04-23T11:34:25","slug":"shik-elixir-krems-balz-kajam-deo-kontrole-pret-smaku-un-sviedriem-ar-urinvielu-un-si-sviestu-75","status":"publish","type":"product","link":"https:\/\/e.kosmolat.eu\/lv\/product\/shik-elixir-krems-balz-kajam-deo-kontrole-pret-smaku-un-sviedriem-ar-urinvielu-un-si-sviestu-75\/","title":{"rendered":"SHIK Elixir Kr\u0113ms-balz. k\u0101j\u0101m DEO kontrole pret smaku un sviedriem ar ur\u012bnvielu un \u0161\u012b sviestu, 75"},"content":{"rendered":"<p>Kr\u0113ms-balzams k\u0101j\u0101m ar antiperspiranta un dezodor\u0113jo\u0161\u0101m \u012bpa\u0161\u012bb\u0101m m\u012bkstina un atsvaidzina \u0101du. Satur dabiskas dezodor\u0113jo\u0161as piedevas, kas nov\u0113r\u0161 nepat\u012bkamu smaku. Kr\u0113ms atjauno komfortu, atst\u0101jot k\u0101jas sausas, svaigas un m\u012bkstas visas dienas garum\u0101. Satur ur\u012bnvielu, bisabololu un alanto\u012bnu, kas mitrina, m\u012bkstina un aizsarg\u0101 \u0101du. \u0160\u012b sviests pa\u0101trina \u0101das atjauno\u0161an\u0101s procesus, nov\u0113r\u0161ot sausumu un lob\u012b\u0161anos. \u0160is barojo\u0161ais kr\u0113ms ir viegls, pat\u012bkams un nodro\u0161ina t\u016bl\u012bt\u0113ju efektu. Lieliski piem\u0113rots sausas k\u0101ju \u0101das mitrin\u0101\u0161anai.<\/p>\n<p>Lieto\u0161ana: ar viegl\u0101m mas\u0113jo\u0161\u0101m kust\u012bb\u0101m uzkl\u0101jiet nelielu kr\u0113ma daudzumu uz t\u012bras, sausas k\u0101ju \u0101das.  <\/p>\n<p>Piesardz\u012bbas pas\u0101kumi: tikai \u0101r\u012bgai lieto\u0161anai. Ja nok\u013c\u016bst ac\u012bs, r\u016bp\u012bgi izskalojiet t\u0101s ar lielu daudzumu teko\u0161a \u016bdens. <\/p>\n<p>Der\u012bguma termi\u0146\u0161: 36 m\u0113ne\u0161i. <\/p>\n<p>Uzglab\u0101t temperat\u016br\u0101 no +5\u00b0C l\u012bdz +25\u00b0C, sarg\u0101jot no tie\u0161iem saules stariem.<\/p>\n","protected":false},"excerpt":{"rendered":"<p>Kr\u0113ms-balzams k\u0101j\u0101m ar antiperspiranta un dezodor\u0113jo\u0161\u0101m \u012bpa\u0161\u012bb\u0101m m\u012bkstina un atsvaidzina \u0101du. Satur dabiskas dezodor\u0113jo\u0161as piedevas, kas nov\u0113r\u0161 nepat\u012bkamu smaku. Kr\u0113ms atjauno komfortu, atst\u0101jot k\u0101jas sausas, svaigas un m\u012bkstas visas dienas garum\u0101. Satur ur\u012bnvielu, bisabololu un alanto\u012bnu, kas mitrina, m\u012bkstina un aizsarg\u0101 \u0101du. \u0160\u012b sviests pa\u0101trina \u0101das atjauno\u0161an\u0101s procesus, nov\u0113r\u0161ot sausumu un lob\u012b\u0161anos. \u0160is barojo\u0161ais kr\u0113ms [&#8230;]\n","protected":false},"featured_media":107037,"template":"","meta":[],"product_cat":[1763],"product_tag":[],"class_list":{"0":"post-58892","1":"product","2":"type-product","3":"status-publish","4":"has-post-thumbnail","6":"product_brand-slobozanskij-milovar_ua","7":"product_cat-koju-prieziuros-kosmetika","9":"first","10":"instock","11":"taxable","12":"shipping-taxable","13":"product-type-simple"},"_links":{"self":[{"href":"https:\/\/e.kosmolat.eu\/lv\/wp-json\/wp\/v2\/product\/58892","targetHints":{"allow":["GET"]}}],"collection":[{"href":"https:\/\/e.kosmolat.eu\/lv\/wp-json\/wp\/v2\/product"}],"about":[{"href":"https:\/\/e.kosmolat.eu\/lv\/wp-json\/wp\/v2\/types\/product"}],"wp:featuredmedia":[{"embeddable":true,"href":"https:\/\/e.kosmolat.eu\/lv\/wp-json\/wp\/v2\/media\/107037"}],"wp:attachment":[{"href":"https:\/\/e.kosmolat.eu\/lv\/wp-json\/wp\/v2\/media?parent=58892"}],"wp:term":[{"taxonomy":"product_cat","embeddable":true,"href":"https:\/\/e.kosmolat.eu\/lv\/wp-json\/wp\/v2\/product_cat?post=58892"},{"taxonomy":"product_tag","embeddable":true,"href":"https:\/\/e.kosmolat.eu\/lv\/wp-json\/wp\/v2\/product_tag?post=58892"}],"curies":[{"name":"wp","href":"https:\/\/api.w.org\/{rel}","templated":true}]}}