{"id":58884,"date":"2024-11-12T05:03:14","date_gmt":"2024-11-12T05:03:14","guid":{"rendered":"https:\/\/e.kosmolat.eu\/product\/shik-tualetes-ziepes-mil-ziedi-sarkana-roze-3-x-110-g\/"},"modified":"2026-04-17T07:56:31","modified_gmt":"2026-04-17T07:56:31","slug":"i_shik-tualetes-ziepes-mil-ziedi-sarkana-roze-3-x-110-g","status":"publish","type":"product","link":"https:\/\/e.kosmolat.eu\/lv\/product\/i_shik-tualetes-ziepes-mil-ziedi-sarkana-roze-3-x-110-g\/","title":{"rendered":"I_SHIK Tualetes ziepes M\u012b\u013c. ziedi Sarkan\u0101 roze, 3 x 110 g"},"content":{"rendered":"<p>Tualetes ziepes Shik izgatavotas no dab\u012bg\u0101m izejviel\u0101m. Biolo\u0123iski akt\u012bv\u0101s piedevas un kosm\u0113tiskais kr\u0113ms pie\u0161\u0137ir ziep\u0113m m\u012bkstino\u0161as un mitrino\u0161as \u012bpa\u0161\u012bbas, nodro\u0161inot t\u012br\u012bbas un svaiguma saj\u016btu.<\/p>\n<p>Uzglab\u0101t saus\u0101s, sl\u0113gt\u0101s, labi v\u0113din\u0101m\u0101s telp\u0101s.<\/p>\n<p>Piesardz\u012bbas pas\u0101kumi: ja iek\u013c\u016bst ac\u012bs, izskalot ar lielu daudzumu \u016bdens.<\/p>\n<p>Der\u012bguma termi\u0146\u0161: 5 gadi no izgatavo\u0161anas datuma.<\/p>\n","protected":false},"excerpt":{"rendered":"<p>Tualetes ziepes Shik izgatavotas no dab\u012bg\u0101m izejviel\u0101m. Biolo\u0123iski akt\u012bv\u0101s piedevas un kosm\u0113tiskais kr\u0113ms pie\u0161\u0137ir ziep\u0113m m\u012bkstino\u0161as un mitrino\u0161as \u012bpa\u0161\u012bbas, nodro\u0161inot t\u012br\u012bbas un svaiguma saj\u016btu. Uzglab\u0101t saus\u0101s, sl\u0113gt\u0101s, labi v\u0113din\u0101m\u0101s telp\u0101s. Piesardz\u012bbas pas\u0101kumi: ja iek\u013c\u016bst ac\u012bs, izskalot ar lielu daudzumu \u016bdens. Der\u012bguma termi\u0146\u0161: 5 gadi no izgatavo\u0161anas datuma.<\/p>\n","protected":false},"featured_media":79406,"template":"","meta":[],"product_cat":[2181],"product_tag":[],"class_list":{"0":"post-58884","1":"product","2":"type-product","3":"status-publish","4":"has-post-thumbnail","6":"product_brand-slobozanskij-milovar_ua","7":"product_cat-bez-kategorijas-lt","9":"first","10":"instock","11":"taxable","12":"shipping-taxable","13":"product-type-simple"},"_links":{"self":[{"href":"https:\/\/e.kosmolat.eu\/lv\/wp-json\/wp\/v2\/product\/58884","targetHints":{"allow":["GET"]}}],"collection":[{"href":"https:\/\/e.kosmolat.eu\/lv\/wp-json\/wp\/v2\/product"}],"about":[{"href":"https:\/\/e.kosmolat.eu\/lv\/wp-json\/wp\/v2\/types\/product"}],"wp:featuredmedia":[{"embeddable":true,"href":"https:\/\/e.kosmolat.eu\/lv\/wp-json\/wp\/v2\/media\/79406"}],"wp:attachment":[{"href":"https:\/\/e.kosmolat.eu\/lv\/wp-json\/wp\/v2\/media?parent=58884"}],"wp:term":[{"taxonomy":"product_cat","embeddable":true,"href":"https:\/\/e.kosmolat.eu\/lv\/wp-json\/wp\/v2\/product_cat?post=58884"},{"taxonomy":"product_tag","embeddable":true,"href":"https:\/\/e.kosmolat.eu\/lv\/wp-json\/wp\/v2\/product_tag?post=58884"}],"curies":[{"name":"wp","href":"https:\/\/api.w.org\/{rel}","templated":true}]}}