{"id":58876,"date":"2024-11-12T05:02:57","date_gmt":"2024-11-12T05:02:57","guid":{"rendered":"https:\/\/e.kosmolat.eu\/product\/shik-deluxe-tual-kremziepes-ar-biopiedevam-olivella-un-alveja-100-g\/"},"modified":"2026-04-13T10:06:23","modified_gmt":"2026-04-13T10:06:23","slug":"shik-deluxe-tual-kremziepes-ar-biopiedevam-olivella-un-alveja-100-g","status":"publish","type":"product","link":"https:\/\/e.kosmolat.eu\/lv\/product\/shik-deluxe-tual-kremziepes-ar-biopiedevam-olivella-un-alveja-100-g\/","title":{"rendered":"SHIK Deluxe Tual.  kr\u0113mziepes ar biopiedev\u0101m Ol\u012bve\u013c\u013ca un alveja, 100 g"},"content":{"rendered":"<p>Att\u012br\u012b\u0161ana un elast\u012bba.<\/p>\n","protected":false},"excerpt":{"rendered":"<p>Att\u012br\u012b\u0161ana un elast\u012bba.<\/p>\n","protected":false},"featured_media":78554,"template":"","meta":[],"product_cat":[2181],"product_tag":[],"class_list":{"0":"post-58876","1":"product","2":"type-product","3":"status-publish","4":"has-post-thumbnail","6":"product_brand-slobozanskij-milovar_ua","7":"product_cat-bez-kategorijas-lt","9":"first","10":"instock","11":"taxable","12":"shipping-taxable","13":"product-type-simple"},"_links":{"self":[{"href":"https:\/\/e.kosmolat.eu\/lv\/wp-json\/wp\/v2\/product\/58876","targetHints":{"allow":["GET"]}}],"collection":[{"href":"https:\/\/e.kosmolat.eu\/lv\/wp-json\/wp\/v2\/product"}],"about":[{"href":"https:\/\/e.kosmolat.eu\/lv\/wp-json\/wp\/v2\/types\/product"}],"wp:featuredmedia":[{"embeddable":true,"href":"https:\/\/e.kosmolat.eu\/lv\/wp-json\/wp\/v2\/media\/78554"}],"wp:attachment":[{"href":"https:\/\/e.kosmolat.eu\/lv\/wp-json\/wp\/v2\/media?parent=58876"}],"wp:term":[{"taxonomy":"product_cat","embeddable":true,"href":"https:\/\/e.kosmolat.eu\/lv\/wp-json\/wp\/v2\/product_cat?post=58876"},{"taxonomy":"product_tag","embeddable":true,"href":"https:\/\/e.kosmolat.eu\/lv\/wp-json\/wp\/v2\/product_tag?post=58876"}],"curies":[{"name":"wp","href":"https:\/\/api.w.org\/{rel}","templated":true}]}}