{"id":58868,"date":"2024-11-12T05:02:44","date_gmt":"2024-11-12T05:02:44","guid":{"rendered":"https:\/\/e.kosmolat.eu\/product\/shik-deluxe-tual-kremziepes-ar-biopiedevam-zida-proteini-100-g\/"},"modified":"2026-04-23T09:31:56","modified_gmt":"2026-04-23T09:31:56","slug":"shik-deluxe-tual-kremziepes-ar-biopiedevam-zida-proteini-100-g","status":"publish","type":"product","link":"https:\/\/e.kosmolat.eu\/lv\/product\/shik-deluxe-tual-kremziepes-ar-biopiedevam-zida-proteini-100-g\/","title":{"rendered":"SHIK Deluxe Tual. kr\u0113mziepes ar biopiedev\u0101m Z\u012bda prote\u012bni, 100 g"},"content":{"rendered":"<p>Baro\u0161ana un z\u012bdaina \u0101da. <\/p>\n","protected":false},"excerpt":{"rendered":"<p>Baro\u0161ana un z\u012bdaina \u0101da.<\/p>\n","protected":false},"featured_media":78550,"template":"","meta":[],"product_cat":[1751],"product_tag":[],"class_list":{"0":"post-58868","1":"product","2":"type-product","3":"status-publish","4":"has-post-thumbnail","6":"product_brand-slobozanskij-milovar_ua","7":"product_cat-kosmetinis-muilas","9":"first","10":"instock","11":"taxable","12":"shipping-taxable","13":"product-type-simple"},"_links":{"self":[{"href":"https:\/\/e.kosmolat.eu\/lv\/wp-json\/wp\/v2\/product\/58868","targetHints":{"allow":["GET"]}}],"collection":[{"href":"https:\/\/e.kosmolat.eu\/lv\/wp-json\/wp\/v2\/product"}],"about":[{"href":"https:\/\/e.kosmolat.eu\/lv\/wp-json\/wp\/v2\/types\/product"}],"wp:featuredmedia":[{"embeddable":true,"href":"https:\/\/e.kosmolat.eu\/lv\/wp-json\/wp\/v2\/media\/78550"}],"wp:attachment":[{"href":"https:\/\/e.kosmolat.eu\/lv\/wp-json\/wp\/v2\/media?parent=58868"}],"wp:term":[{"taxonomy":"product_cat","embeddable":true,"href":"https:\/\/e.kosmolat.eu\/lv\/wp-json\/wp\/v2\/product_cat?post=58868"},{"taxonomy":"product_tag","embeddable":true,"href":"https:\/\/e.kosmolat.eu\/lv\/wp-json\/wp\/v2\/product_tag?post=58868"}],"curies":[{"name":"wp","href":"https:\/\/api.w.org\/{rel}","templated":true}]}}