{"id":58835,"date":"2024-11-09T05:09:45","date_gmt":"2024-11-09T05:09:45","guid":{"rendered":"https:\/\/e.kosmolat.eu\/product\/shik-renais-tual-kremziep-jasmins-125-g\/"},"modified":"2026-04-22T13:19:51","modified_gmt":"2026-04-22T13:19:51","slug":"shik-renais-tual-kremziep-jasmins-125-g","status":"publish","type":"product","link":"https:\/\/e.kosmolat.eu\/lv\/product\/shik-renais-tual-kremziep-jasmins-125-g\/","title":{"rendered":"SHIK RENAIS. Tual. kr\u0113mziep. Jasm\u012bns, 125 g"},"content":{"rendered":"<p><strong>Uzglab\u0101&scaron;ana:<\/strong> uzglab\u0101t saus\u0101s, segt\u0101s, labi v\u0113din\u0101m\u0101s telp\u0101s.<\/p>\n<p><strong>Piesardz\u012bbas pas\u0101kumi:<\/strong> ja iek\u013c\u016bst ac\u012bs, r\u016bp\u012bgi izskalojiet ar lielu daudzumu teko&scaron;a \u016bdens.<\/p>\n<p><strong>Der\u012bguma termi\u0146&scaron;:<\/strong> 5 gadi no izgatavo&scaron;anas datuma.<br \/>\n&nbsp;<\/p>\n","protected":false},"excerpt":{"rendered":"<p>Uzglab\u0101&scaron;ana: uzglab\u0101t saus\u0101s, segt\u0101s, labi v\u0113din\u0101m\u0101s telp\u0101s. Piesardz\u012bbas pas\u0101kumi: ja iek\u013c\u016bst ac\u012bs, r\u016bp\u012bgi izskalojiet ar lielu daudzumu teko&scaron;a \u016bdens. Der\u012bguma termi\u0146&scaron;: 5 gadi no izgatavo&scaron;anas datuma. &nbsp;<\/p>\n","protected":false},"featured_media":99880,"template":"","meta":[],"product_cat":[1999],"product_tag":[],"class_list":{"0":"post-58835","1":"product","2":"type-product","3":"status-publish","4":"has-post-thumbnail","6":"product_brand-slobozanskij-milovar_ua","7":"product_cat-bez-kategorijas","9":"first","10":"instock","11":"taxable","12":"shipping-taxable","13":"product-type-simple"},"_links":{"self":[{"href":"https:\/\/e.kosmolat.eu\/lv\/wp-json\/wp\/v2\/product\/58835","targetHints":{"allow":["GET"]}}],"collection":[{"href":"https:\/\/e.kosmolat.eu\/lv\/wp-json\/wp\/v2\/product"}],"about":[{"href":"https:\/\/e.kosmolat.eu\/lv\/wp-json\/wp\/v2\/types\/product"}],"wp:featuredmedia":[{"embeddable":true,"href":"https:\/\/e.kosmolat.eu\/lv\/wp-json\/wp\/v2\/media\/99880"}],"wp:attachment":[{"href":"https:\/\/e.kosmolat.eu\/lv\/wp-json\/wp\/v2\/media?parent=58835"}],"wp:term":[{"taxonomy":"product_cat","embeddable":true,"href":"https:\/\/e.kosmolat.eu\/lv\/wp-json\/wp\/v2\/product_cat?post=58835"},{"taxonomy":"product_tag","embeddable":true,"href":"https:\/\/e.kosmolat.eu\/lv\/wp-json\/wp\/v2\/product_tag?post=58835"}],"curies":[{"name":"wp","href":"https:\/\/api.w.org\/{rel}","templated":true}]}}