{"id":58827,"date":"2024-11-09T05:09:27","date_gmt":"2024-11-09T05:09:27","guid":{"rendered":"https:\/\/e.kosmolat.eu\/product\/biokon-dabiga-kops-active-krems-baros-liftings-60-50-ml\/"},"modified":"2026-04-03T05:46:08","modified_gmt":"2026-04-03T05:46:08","slug":"biokon-dabiga-kops-active-krems-baros-liftings-60-50-ml","status":"publish","type":"product","link":"https:\/\/e.kosmolat.eu\/lv\/product\/biokon-dabiga-kops-active-krems-baros-liftings-60-50-ml\/","title":{"rendered":"BIOKON Dab\u012bga Kop\u0161. Active-krems Baro\u0161. + liftings 60+, 50 ml"},"content":{"rendered":"<p>Kr\u0113ms ir \u012bpa\u0161i izstr\u0101d\u0101ts nobriedu\u0161as \u0101das kop\u0161anai, kas prasa intens\u012bvu baro\u0161anu un mitrin\u0101\u0161anu. Pateicoties kompleksajai iedarb\u012bbai, ko nodro\u0161ina dab\u012bg\u0101s akt\u012bv\u0101s sast\u0101vda\u013cas (smitl\u0161\u0113rk\u0161\u0137u e\u013c\u013ca un me\u017eroz\u012bte), k\u0101 ar\u012b hialuronsk\u0101bei, kr\u0113ms mazina grumbas un palielina \u0101das elast\u012bbu, atst\u0101jot komforta saj\u016btu. \u017de\u0146\u0161e\u0146a un orhidejas ekstrakti nov\u0113r\u0161 \u0101das noveco\u0161an\u0101s procesus, k\u0101 ar\u012b noguruma un stresa paz\u012bmes, t\u0101d\u0113j\u0101di \u0101da izskat\u0101s atp\u016btusies un svaiga.<\/p>\n<p>Lieto\u0161ana: uzkl\u0101jiet kr\u0113mu uz t\u012bras sejas un kakla \u0101das. Piem\u0113rots lieto\u0161anai no r\u012bta un vakar\u0101.<\/p>\n<p>Uzglab\u0101t temperat\u016br\u0101 no +5 l\u012bdz +25 \u00b0C ori\u0123in\u0101laj\u0101 iepakojum\u0101, relat\u012bvaj\u0101 gaisa mitrum\u0101 ne vair\u0101k k\u0101 55\u201370%.<\/p>\n<p>Der\u012bguma termi\u0146\u0161: 24 m\u0113ne\u0161i no izgatavo\u0161anas datuma.<\/p>\n","protected":false},"excerpt":{"rendered":"<p>Kr\u0113ms ir \u012bpa\u0161i izstr\u0101d\u0101ts nobriedu\u0161as \u0101das kop\u0161anai, kas prasa intens\u012bvu baro\u0161anu un mitrin\u0101\u0161anu. Pateicoties kompleksajai iedarb\u012bbai, ko nodro\u0161ina dab\u012bg\u0101s akt\u012bv\u0101s sast\u0101vda\u013cas (smitl\u0161\u0113rk\u0161\u0137u e\u013c\u013ca un me\u017eroz\u012bte), k\u0101 ar\u012b hialuronsk\u0101bei, kr\u0113ms mazina grumbas un palielina \u0101das elast\u012bbu, atst\u0101jot komforta saj\u016btu. \u017de\u0146\u0161e\u0146a un orhidejas ekstrakti nov\u0113r\u0161 \u0101das noveco\u0161an\u0101s procesus, k\u0101 ar\u012b noguruma un stresa paz\u012bmes, t\u0101d\u0113j\u0101di \u0101da izskat\u0101s [&#8230;]\n","protected":false},"featured_media":97876,"template":"","meta":[],"product_cat":[1320],"product_tag":[],"class_list":{"0":"post-58827","1":"product","2":"type-product","3":"status-publish","4":"has-post-thumbnail","6":"product_brand-replay_kr","7":"product_cat-sejas-kremi","9":"first","10":"outofstock","11":"taxable","12":"shipping-taxable","13":"product-type-simple"},"_links":{"self":[{"href":"https:\/\/e.kosmolat.eu\/lv\/wp-json\/wp\/v2\/product\/58827","targetHints":{"allow":["GET"]}}],"collection":[{"href":"https:\/\/e.kosmolat.eu\/lv\/wp-json\/wp\/v2\/product"}],"about":[{"href":"https:\/\/e.kosmolat.eu\/lv\/wp-json\/wp\/v2\/types\/product"}],"wp:featuredmedia":[{"embeddable":true,"href":"https:\/\/e.kosmolat.eu\/lv\/wp-json\/wp\/v2\/media\/97876"}],"wp:attachment":[{"href":"https:\/\/e.kosmolat.eu\/lv\/wp-json\/wp\/v2\/media?parent=58827"}],"wp:term":[{"taxonomy":"product_cat","embeddable":true,"href":"https:\/\/e.kosmolat.eu\/lv\/wp-json\/wp\/v2\/product_cat?post=58827"},{"taxonomy":"product_tag","embeddable":true,"href":"https:\/\/e.kosmolat.eu\/lv\/wp-json\/wp\/v2\/product_tag?post=58827"}],"curies":[{"name":"wp","href":"https:\/\/api.w.org\/{rel}","templated":true}]}}