{"id":58819,"date":"2024-11-09T05:09:08","date_gmt":"2024-11-09T05:09:08","guid":{"rendered":"https:\/\/e.kosmolat.eu\/product\/biokon-dabiga-kops-krems-liftings-pret-dzil-grumb-45-50-ml\/"},"modified":"2026-04-22T12:20:19","modified_gmt":"2026-04-22T12:20:19","slug":"biokon-dabiga-kops-krems-liftings-pret-dzil-grumb-45-50-ml","status":"publish","type":"product","link":"https:\/\/e.kosmolat.eu\/lv\/product\/biokon-dabiga-kops-krems-liftings-pret-dzil-grumb-45-50-ml\/","title":{"rendered":"BIOKON Dab\u012bga Kop\u0161. Kr\u0113ms-liftings pret dzi\u013c, grumb., 45+, 50 ml"},"content":{"rendered":"<p>Kr\u0113ms nodro\u0161ina atjaunojo\u0161u kop\u0161anu nobriedu\u0161ai \u0101dai.<\/p>\n<p>\u2022 Dab\u012bgo sast\u0101vda\u013cu komplekss (\u012brisa ekstrakts, kvie\u0161u asnu augu DNS koncentr\u0101ts un v\u012bnogu kauli\u0146u e\u013c\u013ca) padara \u0101du bl\u012bv\u0101ku un elast\u012bg\u0101ku, samazina grumbi\u0146as un stimul\u0113 \u0101das dabiskos atjauno\u0161an\u0101s meh\u0101nismus.<br \/>\n\u2022 Hialuronsk\u0101be dzi\u013ci mitrina un uztur mitrumu \u0101d\u0101, samazinot grumbu skaitu un dzi\u013cumu.<\/p>\n<p>Lieto\u0161ana: uzkl\u0101jiet kr\u0113mu uz t\u012bras sejas un kakla \u0101das. Piem\u0113rots lieto\u0161anai no r\u012bta un vakar\u0101.<\/p>\n<p>Uzglab\u0101t temperat\u016br\u0101 no +5 l\u012bdz +25 \u00b0C ori\u0123in\u0101laj\u0101 iepakojum\u0101, relat\u012bvaj\u0101 gaisa mitrum\u0101 ne vair\u0101k k\u0101 55\u201370%.<\/p>\n<p>Der\u012bguma termi\u0146\u0161: 24 m\u0113ne\u0161i no izgatavo\u0161anas datuma.<\/p>\n","protected":false},"excerpt":{"rendered":"<p>Kr\u0113ms nodro\u0161ina atjaunojo\u0161u kop\u0161anu nobriedu\u0161ai \u0101dai. \u2022 Dab\u012bgo sast\u0101vda\u013cu komplekss (\u012brisa ekstrakts, kvie\u0161u asnu augu DNS koncentr\u0101ts un v\u012bnogu kauli\u0146u e\u013c\u013ca) padara \u0101du bl\u012bv\u0101ku un elast\u012bg\u0101ku, samazina grumbi\u0146as un stimul\u0113 \u0101das dabiskos atjauno\u0161an\u0101s meh\u0101nismus. \u2022 Hialuronsk\u0101be dzi\u013ci mitrina un uztur mitrumu \u0101d\u0101, samazinot grumbu skaitu un dzi\u013cumu. Lieto\u0161ana: uzkl\u0101jiet kr\u0113mu uz t\u012bras sejas un kakla [&#8230;]\n","protected":false},"featured_media":97872,"template":"","meta":[],"product_cat":[2181],"product_tag":[],"class_list":{"0":"post-58819","1":"product","2":"type-product","3":"status-publish","4":"has-post-thumbnail","6":"product_brand-replay_kr","7":"product_cat-bez-kategorijas-lt","9":"first","10":"instock","11":"taxable","12":"shipping-taxable","13":"product-type-simple"},"_links":{"self":[{"href":"https:\/\/e.kosmolat.eu\/lv\/wp-json\/wp\/v2\/product\/58819","targetHints":{"allow":["GET"]}}],"collection":[{"href":"https:\/\/e.kosmolat.eu\/lv\/wp-json\/wp\/v2\/product"}],"about":[{"href":"https:\/\/e.kosmolat.eu\/lv\/wp-json\/wp\/v2\/types\/product"}],"wp:featuredmedia":[{"embeddable":true,"href":"https:\/\/e.kosmolat.eu\/lv\/wp-json\/wp\/v2\/media\/97872"}],"wp:attachment":[{"href":"https:\/\/e.kosmolat.eu\/lv\/wp-json\/wp\/v2\/media?parent=58819"}],"wp:term":[{"taxonomy":"product_cat","embeddable":true,"href":"https:\/\/e.kosmolat.eu\/lv\/wp-json\/wp\/v2\/product_cat?post=58819"},{"taxonomy":"product_tag","embeddable":true,"href":"https:\/\/e.kosmolat.eu\/lv\/wp-json\/wp\/v2\/product_tag?post=58819"}],"curies":[{"name":"wp","href":"https:\/\/api.w.org\/{rel}","templated":true}]}}