{"id":58811,"date":"2024-11-09T05:08:42","date_gmt":"2024-11-09T05:08:42","guid":{"rendered":"https:\/\/e.kosmolat.eu\/product\/biokon-dabiga-kops-dienas-kr-mitrinas-atjaunin-45-50-ml\/"},"modified":"2026-04-22T05:57:30","modified_gmt":"2026-04-22T05:57:30","slug":"i_biokon-dabiga-kops-dienas-kr-mitrinas-atjaunin-45-50-ml","status":"publish","type":"product","link":"https:\/\/e.kosmolat.eu\/lv\/product\/i_biokon-dabiga-kops-dienas-kr-mitrinas-atjaunin-45-50-ml\/","title":{"rendered":"I_BIOKON Dab\u012bga Kop\u0161. Dienas kr. Mitrin\u0101\u0161. + Atjaunin. 45+, 50 ml"},"content":{"rendered":"<p>Kr\u0113ms atbalsta dabisko \u0101das mitruma l\u012bmeni un nodro\u0161ina efekt\u012bvu aizsardz\u012bbu pret nelabv\u0113l\u012bgiem apk\u0101rt\u0113j\u0101s vides faktoriem, tostarp kait\u012bgo UV starojumu.<\/p>\n<p>\u2022 Pateicoties dab\u012bg\u0101m sast\u0101vda\u013c\u0101m (magnolijas ekstrakts, persiku e\u013c\u013ca un ol\u012bve\u013c\u013ca), kr\u0113ms paaugstina \u0101das tonusu, tvirtumu un elast\u012bbu, samazinot grumbu skaitu un dzi\u013cumu.<br \/>\n\u2022 Ol\u012bvu lapu ekstrakta iedarb\u012bba ir v\u0113rsta uz \u0101das atjauno\u0161anu un kolag\u0113na un elast\u012bna aizsardz\u012bbu no boj\u0101jumiem.<br \/>\n\u2022 Pantenols uzlabo atjauno\u0161an\u0101s procesus un dzi\u013ci mitrina \u0101du.<\/p>\n<p>Lieto\u0161ana: uzkl\u0101jiet kr\u0113mu uz t\u012bras sejas un kakla \u0101das, vienm\u0113r\u012bgi izkl\u0101jiet. Labi piem\u0113rots grima uzkl\u0101\u0161anai.<\/p>\n<p>Uzglab\u0101t temperat\u016br\u0101 no +5 l\u012bdz +25 \u00b0C ori\u0123in\u0101laj\u0101 iepakojum\u0101, relat\u012bvaj\u0101 gaisa mitrum\u0101 ne vair\u0101k k\u0101 55\u201370%.<\/p>\n<p>Der\u012bguma termi\u0146\u0161: 24 m\u0113ne\u0161i no izgatavo\u0161anas datuma.<\/p>\n","protected":false},"excerpt":{"rendered":"<p>Kr\u0113ms atbalsta dabisko \u0101das mitruma l\u012bmeni un nodro\u0161ina efekt\u012bvu aizsardz\u012bbu pret nelabv\u0113l\u012bgiem apk\u0101rt\u0113j\u0101s vides faktoriem, tostarp kait\u012bgo UV starojumu. \u2022 Pateicoties dab\u012bg\u0101m sast\u0101vda\u013c\u0101m (magnolijas ekstrakts, persiku e\u013c\u013ca un ol\u012bve\u013c\u013ca), kr\u0113ms paaugstina \u0101das tonusu, tvirtumu un elast\u012bbu, samazinot grumbu skaitu un dzi\u013cumu. \u2022 Ol\u012bvu lapu ekstrakta iedarb\u012bba ir v\u0113rsta uz \u0101das atjauno\u0161anu un kolag\u0113na un elast\u012bna [&#8230;]\n","protected":false},"featured_media":97868,"template":"","meta":[],"product_cat":[1320],"product_tag":[],"class_list":{"0":"post-58811","1":"product","2":"type-product","3":"status-publish","4":"has-post-thumbnail","6":"product_brand-replay_kr","7":"product_cat-sejas-kremi","9":"first","10":"instock","11":"taxable","12":"shipping-taxable","13":"product-type-simple"},"_links":{"self":[{"href":"https:\/\/e.kosmolat.eu\/lv\/wp-json\/wp\/v2\/product\/58811","targetHints":{"allow":["GET"]}}],"collection":[{"href":"https:\/\/e.kosmolat.eu\/lv\/wp-json\/wp\/v2\/product"}],"about":[{"href":"https:\/\/e.kosmolat.eu\/lv\/wp-json\/wp\/v2\/types\/product"}],"wp:featuredmedia":[{"embeddable":true,"href":"https:\/\/e.kosmolat.eu\/lv\/wp-json\/wp\/v2\/media\/97868"}],"wp:attachment":[{"href":"https:\/\/e.kosmolat.eu\/lv\/wp-json\/wp\/v2\/media?parent=58811"}],"wp:term":[{"taxonomy":"product_cat","embeddable":true,"href":"https:\/\/e.kosmolat.eu\/lv\/wp-json\/wp\/v2\/product_cat?post=58811"},{"taxonomy":"product_tag","embeddable":true,"href":"https:\/\/e.kosmolat.eu\/lv\/wp-json\/wp\/v2\/product_tag?post=58811"}],"curies":[{"name":"wp","href":"https:\/\/api.w.org\/{rel}","templated":true}]}}