{"id":58803,"date":"2024-11-09T05:08:20","date_gmt":"2024-11-09T05:08:20","guid":{"rendered":"https:\/\/e.kosmolat.eu\/product\/biokon-prof-effect-premium-age-dienas-nakts-kr-65-50-ml\/"},"modified":"2026-04-22T12:20:00","modified_gmt":"2026-04-22T12:20:00","slug":"biokon-prof-effect-premium-age-dienas-nakts-kr-65-50-ml","status":"publish","type":"product","link":"https:\/\/e.kosmolat.eu\/lv\/product\/biokon-prof-effect-premium-age-dienas-nakts-kr-65-50-ml\/","title":{"rendered":"BIOKON Prof. Effect Premium Age Dienas\/nakts kr. 65+, 50 ml"},"content":{"rendered":"<p>Sejas kr\u0113ms intens\u012bvi baro un nodro\u0161ina pilnv\u0113rt\u012bgu kop\u0161anu nobriedu\u0161ai \u0101dai. Pateicoties akt\u012bvaj\u0101m sast\u0101vda\u013c\u0101m, kr\u0113mam ir izteikta atjaunojo\u0161a iedarb\u012bba, tas paaugstina \u0101das tonusu un elast\u012bbu.<\/p>\n<p>\u2022 Mitrin\u0101t\u0101ju komplekss uztur un papildina \u0101das mitruma l\u012bmeni.<br \/>\n\u2022 Divu veidu hialuronsk\u0101be un keram\u012bdi aizsarg\u0101 \u0101du no mitruma zuduma un samazina grumbu skaitu un dzi\u013cumu.<br \/>\n\u2022 Lins\u0113klu e\u013c\u013ca, ol\u012bve\u013c\u013ca un \u0161\u012b sviests ir bag\u0101ti ar \u0101dai svar\u012bgo F vitam\u012bnu un neaizvietojamaj\u0101m tauksk\u0101b\u0113m omega-3 un omega-6, kas rada komforta saj\u016btu un pal\u012bdz nov\u0113rst \u0101das sausumu.<br \/>\n\u2022 Kalcijs un magnijs normaliz\u0113 vielmai\u0146as procesus.<\/p>\n<p>Lieto\u0161ana: uzkl\u0101t uz att\u012br\u012btas sejas \u0101das no r\u012bta un vakar\u0101.<\/p>\n","protected":false},"excerpt":{"rendered":"<p>Sejas kr\u0113ms intens\u012bvi baro un nodro\u0161ina pilnv\u0113rt\u012bgu kop\u0161anu nobriedu\u0161ai \u0101dai. Pateicoties akt\u012bvaj\u0101m sast\u0101vda\u013c\u0101m, kr\u0113mam ir izteikta atjaunojo\u0161a iedarb\u012bba, tas paaugstina \u0101das tonusu un elast\u012bbu. \u2022 Mitrin\u0101t\u0101ju komplekss uztur un papildina \u0101das mitruma l\u012bmeni. \u2022 Divu veidu hialuronsk\u0101be un keram\u012bdi aizsarg\u0101 \u0101du no mitruma zuduma un samazina grumbu skaitu un dzi\u013cumu. \u2022 Lins\u0113klu e\u013c\u013ca, ol\u012bve\u013c\u013ca un [&#8230;]\n","protected":false},"featured_media":97864,"template":"","meta":[],"product_cat":[1999],"product_tag":[],"class_list":{"0":"post-58803","1":"product","2":"type-product","3":"status-publish","4":"has-post-thumbnail","6":"product_brand-replay_kr","7":"product_cat-bez-kategorijas","9":"first","10":"outofstock","11":"taxable","12":"shipping-taxable","13":"product-type-simple"},"_links":{"self":[{"href":"https:\/\/e.kosmolat.eu\/lv\/wp-json\/wp\/v2\/product\/58803","targetHints":{"allow":["GET"]}}],"collection":[{"href":"https:\/\/e.kosmolat.eu\/lv\/wp-json\/wp\/v2\/product"}],"about":[{"href":"https:\/\/e.kosmolat.eu\/lv\/wp-json\/wp\/v2\/types\/product"}],"wp:featuredmedia":[{"embeddable":true,"href":"https:\/\/e.kosmolat.eu\/lv\/wp-json\/wp\/v2\/media\/97864"}],"wp:attachment":[{"href":"https:\/\/e.kosmolat.eu\/lv\/wp-json\/wp\/v2\/media?parent=58803"}],"wp:term":[{"taxonomy":"product_cat","embeddable":true,"href":"https:\/\/e.kosmolat.eu\/lv\/wp-json\/wp\/v2\/product_cat?post=58803"},{"taxonomy":"product_tag","embeddable":true,"href":"https:\/\/e.kosmolat.eu\/lv\/wp-json\/wp\/v2\/product_tag?post=58803"}],"curies":[{"name":"wp","href":"https:\/\/api.w.org\/{rel}","templated":true}]}}