{"id":58795,"date":"2024-11-09T05:08:02","date_gmt":"2024-11-09T05:08:02","guid":{"rendered":"https:\/\/e.kosmolat.eu\/product\/biokon-prof-effect-mezo-hyaluron-dienas-kr-35-50-ml\/"},"modified":"2026-04-22T08:21:55","modified_gmt":"2026-04-22T08:21:55","slug":"i_biokon-prof-effect-mezo-hyaluron-dienas-kr-35-50-ml","status":"publish","type":"product","link":"https:\/\/e.kosmolat.eu\/lv\/product\/i_biokon-prof-effect-mezo-hyaluron-dienas-kr-35-50-ml\/","title":{"rendered":"I_BIOKON Prof. Effect Mezo Hyaluron Dienas kr. 35+, 50 ml"},"content":{"rendered":"<p>Dienas kr\u0113ms uztur optim\u0101lu \u0101das mitruma l\u012bmeni un nodro\u0161ina aizsardz\u012bbu pret UV starojumu vis\u0101 dienas laik\u0101 (SPF 15). Nodro\u0161ina jaunekl\u012bgu un mirdzo\u0161u izskatu. Akt\u012bv\u0101s sast\u0101vda\u013cas uztur un atjauno mitruma lmeni l\u012bdz 30 stund\u0101m.<\/p>\n<p>Divu veidu hialuronsk\u0101bei piem\u012bt lieliskas mitrino\u0161as \u012bpa\u0161\u012bbas, t\u0101 uzlabo mikroreljefu un nov\u0113r\u0161 grumbu ra\u0161anos. C vitam\u012bns ir nepiecie\u0161ams vielmai\u0146as procesu uzlabo\u0161anai un aizsardz\u012bbai pret priek\u0161laic\u012bgu \u0101das noveco\u0161anos. Uzlabo \u0101das izskatu un st\u0101vokli, rada antioksidanta efektu.<\/p>\n<p>Lieto\u0161ana: uzkl\u0101t uz att\u012br\u012btas \u0101das no r\u012bta, \u013caut uzs\u016bkties. Var lietot k\u0101 b\u0101zi grimam.<\/p>\n<p>Uzglab\u0101t temperat\u016br\u0101 no +5 l\u012bdz +25 \u00b0C ori\u0123in\u0101laj\u0101 iepakojum\u0101, relat\u012bvaj\u0101 gaisa mitrum\u0101 ne vair\u0101k k\u0101 55\u201370%.<\/p>\n<p>Der\u012bguma termi\u0146\u0161: 24 m\u0113ne\u0161i no izgatavo\u0161anas datuma.<\/p>\n","protected":false},"excerpt":{"rendered":"<p>Dienas kr\u0113ms uztur optim\u0101lu \u0101das mitruma l\u012bmeni un nodro\u0161ina aizsardz\u012bbu pret UV starojumu vis\u0101 dienas laik\u0101 (SPF 15). Nodro\u0161ina jaunekl\u012bgu un mirdzo\u0161u izskatu. Akt\u012bv\u0101s sast\u0101vda\u013cas uztur un atjauno mitruma lmeni l\u012bdz 30 stund\u0101m. Divu veidu hialuronsk\u0101bei piem\u012bt lieliskas mitrino\u0161as \u012bpa\u0161\u012bbas, t\u0101 uzlabo mikroreljefu un nov\u0113r\u0161 grumbu ra\u0161anos. C vitam\u012bns ir nepiecie\u0161ams vielmai\u0146as procesu uzlabo\u0161anai un [&#8230;]\n","protected":false},"featured_media":97860,"template":"","meta":[],"product_cat":[1999],"product_tag":[],"class_list":{"0":"post-58795","1":"product","2":"type-product","3":"status-publish","4":"has-post-thumbnail","6":"product_brand-replay_kr","7":"product_cat-bez-kategorijas","9":"first","10":"instock","11":"taxable","12":"shipping-taxable","13":"product-type-simple"},"_links":{"self":[{"href":"https:\/\/e.kosmolat.eu\/lv\/wp-json\/wp\/v2\/product\/58795","targetHints":{"allow":["GET"]}}],"collection":[{"href":"https:\/\/e.kosmolat.eu\/lv\/wp-json\/wp\/v2\/product"}],"about":[{"href":"https:\/\/e.kosmolat.eu\/lv\/wp-json\/wp\/v2\/types\/product"}],"wp:featuredmedia":[{"embeddable":true,"href":"https:\/\/e.kosmolat.eu\/lv\/wp-json\/wp\/v2\/media\/97860"}],"wp:attachment":[{"href":"https:\/\/e.kosmolat.eu\/lv\/wp-json\/wp\/v2\/media?parent=58795"}],"wp:term":[{"taxonomy":"product_cat","embeddable":true,"href":"https:\/\/e.kosmolat.eu\/lv\/wp-json\/wp\/v2\/product_cat?post=58795"},{"taxonomy":"product_tag","embeddable":true,"href":"https:\/\/e.kosmolat.eu\/lv\/wp-json\/wp\/v2\/product_tag?post=58795"}],"curies":[{"name":"wp","href":"https:\/\/api.w.org\/{rel}","templated":true}]}}