{"id":58787,"date":"2024-11-09T05:07:42","date_gmt":"2024-11-09T05:07:42","guid":{"rendered":"https:\/\/e.kosmolat.eu\/product\/biokon-prof-effect-lifting-expert-dienas-kr-45-50-ml\/"},"modified":"2026-04-09T13:30:47","modified_gmt":"2026-04-09T13:30:47","slug":"i_biokon-prof-effect-lifting-expert-dienas-kr-45-50-ml","status":"publish","type":"product","link":"https:\/\/e.kosmolat.eu\/lv\/product\/i_biokon-prof-effect-lifting-expert-dienas-kr-45-50-ml\/","title":{"rendered":"I_BIOKON Prof. Effect Lifting Expert Dienas kr. 45+, 50 ml"},"content":{"rendered":"<p>Dienas kr\u0113ms uztur optim\u0101lu \u0101das mitruma l\u012bmeni un nodro\u0161ina aizsardz\u012bbu pret UV starojumu vis\u0101 dienas laik\u0101 (SPF 15). Kr\u0113ms maigi kopj \u0101du. Tam piem\u012bt viegls liftinga efekts un tas nov\u0113r\u0161 grumbu ra\u0161anos.<br \/>\n\u2022 Mitin\u0101t\u0101ju komplekss uztur un atjauno mitruma l\u012bmeni l\u012bdz 30 stund\u0101m.<br \/>\n\u2022 Divu veidu hialuronsk\u0101bei piem\u012bt lieliskas mitrino\u0161as \u012bpa\u0161\u012bbas, t\u0101 uzlabo mikroreljefu un nov\u0113r\u0161 grumbu ra\u0161anos.<br \/>\n\u2022 Pept\u012bdu komplekss pal\u012bdz atjaunot \u0101das prote\u012bnus \u2013 kolag\u0113nu un elast\u012bnu. Uzlabo \u0101das toni, tvirtumu un elast\u012bbu.<br \/>\n\u2022 Retinols \u2013 A vitam\u012bns \u2013 tiek izmantots profesion\u0101laj\u0101 kosmetolo\u0123ij\u0101, lai nov\u0113rstu \u0101das noveco\u0161an\u0101s procesus.<\/p>\n<p>Lieto\u0161ana: uzkl\u0101t uz att\u012br\u012btas \u0101das no r\u012bta, \u013caut uzs\u016bkties. Var lietot k\u0101 b\u0101zi grimam.<\/p>\n<p>Satur A vitam\u012bnu. L\u016bgums pirms lieto\u0161anas p\u0101rdom\u0101t savu dienas devu.<\/p>\n","protected":false},"excerpt":{"rendered":"<p>Dienas kr\u0113ms uztur optim\u0101lu \u0101das mitruma l\u012bmeni un nodro\u0161ina aizsardz\u012bbu pret UV starojumu vis\u0101 dienas laik\u0101 (SPF 15). Kr\u0113ms maigi kopj \u0101du. Tam piem\u012bt viegls liftinga efekts un tas nov\u0113r\u0161 grumbu ra\u0161anos. \u2022 Mitin\u0101t\u0101ju komplekss uztur un atjauno mitruma l\u012bmeni l\u012bdz 30 stund\u0101m. \u2022 Divu veidu hialuronsk\u0101bei piem\u012bt lieliskas mitrino\u0161as \u012bpa\u0161\u012bbas, t\u0101 uzlabo mikroreljefu un [&#8230;]\n","protected":false},"featured_media":97856,"template":"","meta":[],"product_cat":[1999],"product_tag":[],"class_list":{"0":"post-58787","1":"product","2":"type-product","3":"status-publish","4":"has-post-thumbnail","6":"product_brand-replay_kr","7":"product_cat-bez-kategorijas","9":"first","10":"instock","11":"taxable","12":"shipping-taxable","13":"product-type-simple"},"_links":{"self":[{"href":"https:\/\/e.kosmolat.eu\/lv\/wp-json\/wp\/v2\/product\/58787","targetHints":{"allow":["GET"]}}],"collection":[{"href":"https:\/\/e.kosmolat.eu\/lv\/wp-json\/wp\/v2\/product"}],"about":[{"href":"https:\/\/e.kosmolat.eu\/lv\/wp-json\/wp\/v2\/types\/product"}],"wp:featuredmedia":[{"embeddable":true,"href":"https:\/\/e.kosmolat.eu\/lv\/wp-json\/wp\/v2\/media\/97856"}],"wp:attachment":[{"href":"https:\/\/e.kosmolat.eu\/lv\/wp-json\/wp\/v2\/media?parent=58787"}],"wp:term":[{"taxonomy":"product_cat","embeddable":true,"href":"https:\/\/e.kosmolat.eu\/lv\/wp-json\/wp\/v2\/product_cat?post=58787"},{"taxonomy":"product_tag","embeddable":true,"href":"https:\/\/e.kosmolat.eu\/lv\/wp-json\/wp\/v2\/product_tag?post=58787"}],"curies":[{"name":"wp","href":"https:\/\/api.w.org\/{rel}","templated":true}]}}